{"id":10963,"date":"2024-02-28T16:26:32","date_gmt":"2024-02-28T15:26:32","guid":{"rendered":"https:\/\/www.adlernest.com\/?page_id=10963"},"modified":"2025-03-31T12:34:28","modified_gmt":"2025-03-31T10:34:28","slug":"familienhotels-suedtirol","status":"publish","type":"page","link":"https:\/\/www.adlernest.com\/de\/100-familie\/familienhotels-suedtirol","title":{"rendered":"Adlernest bei den Familienhotels S\u00fcdtirol"},"content":{"rendered":"\t\t<div data-elementor-type=\"wp-page\" data-elementor-id=\"10963\" class=\"elementor elementor-10963\" data-elementor-post-type=\"page\">\n\t\t\t\t\t\t<section class=\"elementor-section elementor-top-section elementor-element elementor-element-7d085b70 elementor-section-boxed elementor-section-height-default elementor-section-height-default\" data-id=\"7d085b70\" data-element_type=\"section\" data-e-type=\"section\">\n\t\t\t\t\t\t<div class=\"elementor-container elementor-column-gap-default\">\n\t\t\t\t\t<div class=\"elementor-column elementor-col-100 elementor-top-column elementor-element elementor-element-7f0fa279\" data-id=\"7f0fa279\" data-element_type=\"column\" data-e-type=\"column\">\n\t\t\t<div class=\"elementor-widget-wrap elementor-element-populated\">\n\t\t\t\t\t\t<div class=\"elementor-element elementor-element-12149742 elementor-widget elementor-widget-spacer\" data-id=\"12149742\" data-element_type=\"widget\" data-e-type=\"widget\" data-widget_type=\"spacer.default\">\n\t\t\t\t<div class=\"elementor-widget-container\">\n\t\t\t\t\t\t\t<div class=\"elementor-spacer\">\n\t\t\t<div class=\"elementor-spacer-inner\"><\/div>\n\t\t<\/div>\n\t\t\t\t\t\t<\/div>\n\t\t\t\t<\/div>\n\t\t\t\t<div class=\"elementor-element elementor-element-6ab8bb18 elementor-widget elementor-widget-heading\" data-id=\"6ab8bb18\" data-element_type=\"widget\" data-e-type=\"widget\" data-widget_type=\"heading.default\">\n\t\t\t\t<div class=\"elementor-widget-container\">\n\t\t\t\t\t<h1 class=\"elementor-heading-title elementor-size-default\">Adlernest als Happy Family Place<\/h1>\t\t\t\t<\/div>\n\t\t\t\t<\/div>\n\t\t\t\t<div class=\"elementor-element elementor-element-1502db0d elementor-widget elementor-widget-text-editor\" data-id=\"1502db0d\" data-element_type=\"widget\" data-e-type=\"widget\" data-widget_type=\"text-editor.default\">\n\t\t\t\t<div class=\"elementor-widget-container\">\n\t\t\t\t\t\t\t\t\t<p>Familien stehen im Adlernest an erster Stelle. Kinder und Erwachsene gl\u00fccklich zu machen ist unser Antrieb, unsere Mission. Denn Familiengl\u00fcck ist Gl\u00fcck f\u00fcr alle. F\u00fcr Mama und Papa, Papa und Papa, Oma und Opa, f\u00fcr alle Geschwister, Patenonkel und Cousins und wer noch zur Familie geh\u00f6rt. Und genau darauf legen wir von den <a href=\"https:\/\/www.familienhotels.com\/\" target=\"_blank\" rel=\"noopener\"><strong>Familienhotels Su\u0308dtirol<\/strong><\/a> gro\u00dfen Wert: Dass alle in der Familie einen gl\u00fcckerf\u00fcllten Urlaub verbringen, in dem jeder gemeinsam verbrachte Moment<br \/>wertvoll ist. Und daf\u00fcr tun wir im Familienhotel im Schnalstal alles.<\/p>\t\t\t\t\t\t\t\t<\/div>\n\t\t\t\t<\/div>\n\t\t\t\t<div class=\"elementor-element elementor-element-6f49768 elementor-widget elementor-widget-spacer\" data-id=\"6f49768\" data-element_type=\"widget\" data-e-type=\"widget\" data-widget_type=\"spacer.default\">\n\t\t\t\t<div class=\"elementor-widget-container\">\n\t\t\t\t\t\t\t<div class=\"elementor-spacer\">\n\t\t\t<div class=\"elementor-spacer-inner\"><\/div>\n\t\t<\/div>\n\t\t\t\t\t\t<\/div>\n\t\t\t\t<\/div>\n\t\t\t\t<div class=\"elementor-element elementor-element-2ff063c elementor-widget elementor-widget-heading\" data-id=\"2ff063c\" data-element_type=\"widget\" data-e-type=\"widget\" data-widget_type=\"heading.default\">\n\t\t\t\t<div class=\"elementor-widget-container\">\n\t\t\t\t\t<h2 class=\"elementor-heading-title elementor-size-default\">Die Family Experiences<\/h2>\t\t\t\t<\/div>\n\t\t\t\t<\/div>\n\t\t\t\t<div class=\"elementor-element elementor-element-80f4629 elementor-widget elementor-widget-text-editor\" data-id=\"80f4629\" data-element_type=\"widget\" data-e-type=\"widget\" data-widget_type=\"text-editor.default\">\n\t\t\t\t<div class=\"elementor-widget-container\">\n\t\t\t\t\t\t\t\t\t<p class=\"p1\">Als Mitglied der Familienhotels S\u00fcdtirol ist unser Haus von Kopf bis Fu\u00df auf Familien eingestellt \u2013 und zwar auf Familien in allen Konstellationen. Kleinkinder, Teenies, Gro\u00dfeltern, beste Freundinnen und Freunde, Onkel und Cousinen verbringen erlebnisreiche Urlaubstage. Und all diese Familien haben unterschiedliche Bed\u00fcrfnisse, die durch die <strong>Family Experiences<\/strong> erf\u00fcllt werden. Die Family Experiences sind <strong>Erlebniswelten<\/strong>, die den Urlaub mit der Familie zu einer gl\u00fcckerf\u00fcllten Auszeit machen. Im Adlernest entdeckt ihr folgende Erlebniswelten:<\/p>\t\t\t\t\t\t\t\t<\/div>\n\t\t\t\t<\/div>\n\t\t\t\t<section class=\"elementor-section elementor-inner-section elementor-element elementor-element-6f0bb9f elementor-section-boxed elementor-section-height-default elementor-section-height-default\" data-id=\"6f0bb9f\" data-element_type=\"section\" data-e-type=\"section\">\n\t\t\t\t\t\t<div class=\"elementor-container elementor-column-gap-default\">\n\t\t\t\t\t<div class=\"elementor-column elementor-col-50 elementor-inner-column elementor-element elementor-element-5e8bbf3\" data-id=\"5e8bbf3\" data-element_type=\"column\" data-e-type=\"column\">\n\t\t\t<div class=\"elementor-widget-wrap elementor-element-populated\">\n\t\t\t\t\t\t<div class=\"elementor-element elementor-element-6756613 elementor-widget__width-initial elementor-widget elementor-widget-text-editor\" data-id=\"6756613\" data-element_type=\"widget\" data-e-type=\"widget\" data-widget_type=\"text-editor.default\">\n\t\t\t\t<div class=\"elementor-widget-container\">\n\t\t\t\t\t\t\t\t\t<p class=\"p1\"><strong>CHILDREN\u2019S FARM:<\/strong>&nbsp;Kinder lieben Tiere. Bei uns erleben sie die pelzigen Freunde hautnah und lernen dabei noch ganz viel Wissenswertes \u00fcber den richtigen Umgang mit Tieren.&nbsp;<\/p>\n<p class=\"p1\"><strong>HAPPY TEENAGER:<\/strong>&nbsp;In der Zeit zwischen Kindheit und Erwachsensein hat man ganz eigene Vorstellungen von einem gelungenen Urlaub. Im Adlernest werden jegliche Teenie-Bed\u00fcrfnisse garantiert erf\u00fcllt.<\/p>\t\t\t\t\t\t\t\t<\/div>\n\t\t\t\t<\/div>\n\t\t\t\t\t<\/div>\n\t\t<\/div>\n\t\t\t\t<div class=\"elementor-column elementor-col-50 elementor-inner-column elementor-element elementor-element-93332bf\" data-id=\"93332bf\" data-element_type=\"column\" data-e-type=\"column\">\n\t\t\t<div class=\"elementor-widget-wrap elementor-element-populated\">\n\t\t\t\t\t\t<div class=\"elementor-element elementor-element-8a63a48 elementor-widget__width-initial elementor-widget elementor-widget-text-editor\" data-id=\"8a63a48\" data-element_type=\"widget\" data-e-type=\"widget\" data-widget_type=\"text-editor.default\">\n\t\t\t\t<div class=\"elementor-widget-container\">\n\t\t\t\t\t\t\t\t\t<p class=\"p1\"><strong>OUTDOOR ADVENTURE:<\/strong> Im Sommer geht\u2019s ab nach drau\u00dfen \u2013 je abenteuerlicher, desto besser. Unser Fokus liegt auf spannenden Outdoor-Challenges.\u00a0<\/p><p class=\"p1\"><strong style=\"color: var( --e-global-color-text );\">WINTER ACTION:\u00a0<\/strong><span style=\"color: var( --e-global-color-text );\">Winter ist mehr als \u201enur\u201c Skifahren: Wer im Winter auch gern wandert, rodelt, langl\u00e4uft oder auf Schneeschuhen die Landschaft erkunden, ist bei uns genau richtig.\u00a0<\/span><\/p>\t\t\t\t\t\t\t\t<\/div>\n\t\t\t\t<\/div>\n\t\t\t\t\t<\/div>\n\t\t<\/div>\n\t\t\t\t\t<\/div>\n\t\t<\/section>\n\t\t\t\t<div class=\"elementor-element elementor-element-f12e403 elementor-widget elementor-widget-spacer\" data-id=\"f12e403\" data-element_type=\"widget\" data-e-type=\"widget\" data-widget_type=\"spacer.default\">\n\t\t\t\t<div class=\"elementor-widget-container\">\n\t\t\t\t\t\t\t<div class=\"elementor-spacer\">\n\t\t\t<div class=\"elementor-spacer-inner\"><\/div>\n\t\t<\/div>\n\t\t\t\t\t\t<\/div>\n\t\t\t\t<\/div>\n\t\t\t\t<div class=\"elementor-element elementor-element-9bd9d8c elementor-widget elementor-widget-heading\" data-id=\"9bd9d8c\" data-element_type=\"widget\" data-e-type=\"widget\" data-widget_type=\"heading.default\">\n\t\t\t\t<div class=\"elementor-widget-container\">\n\t\t\t\t\t<h2 class=\"elementor-heading-title elementor-size-default\">Das Nature Programme by Familienhotels S\u00fcdtirol<\/h2>\t\t\t\t<\/div>\n\t\t\t\t<\/div>\n\t\t\t\t<div class=\"elementor-element elementor-element-a3c281c elementor-widget elementor-widget-text-editor\" data-id=\"a3c281c\" data-element_type=\"widget\" data-e-type=\"widget\" data-widget_type=\"text-editor.default\">\n\t\t\t\t<div class=\"elementor-widget-container\">\n\t\t\t\t\t\t\t\t\t<p class=\"p1\">Bastelstunden mit \u00c4sten, Moos und Steinen. Schatzsuchen f\u00fcr kleine Wissbegierige. Spiele, die den Kids die Wichtigkeit unserer Natur n\u00e4herbringen. Das vermittelt das <strong><a href=\"https:\/\/www.adlernest.com\/de\/100-familie\/nature-programme-familienhotels-suedtirol\">Nature Programme by Familienhotels S\u00fcdtirol<\/a><\/strong>, ein Erlebnisprogramm in\u00a0den abwechslungsreichen Landschaften S\u00fcdtirols \u2013 die besten Abenteuerspielpl\u00e4tze, die es gibt. Je nach Alter der Kids\u00a0bietet ihnen das Programm unterschiedliche Aktivit\u00e4ten.\u00a0<\/p><p class=\"p1\">Gemeinsam mit unseren abenteuerlustigen\u00a0Kinderbetreuerinnen und Kinderbetreuern geht es hinaus in den Wald und auf die Wiesen, auf zu Abenteuern,\u00a0Entdeckungstouren und Schatzsuchen. Bastelstunden, Workshops, Kochkurse, Spielstunden und vieles mehr z\u00e4hlen zu\u00a0den Highlights, die f\u00fcr die Kinder die Zeit im Flug vergehen lassen. Und bei denen sie neue Freundschaften kn\u00fcpfen. Der\u00a0<strong>Schwerpunkt<\/strong> des Nature Programme by Familienhotels S\u00fcdtirol \u00e4ndert sich j\u00e4hrlich und reicht vom Wilden Kochen \u00fcber\u00a0Naturkunst bis hin zu Steinzeiterlebnissen.<\/p>\t\t\t\t\t\t\t\t<\/div>\n\t\t\t\t<\/div>\n\t\t\t\t\t<\/div>\n\t\t<\/div>\n\t\t\t\t\t<\/div>\n\t\t<\/section>\n\t\t\t\t<\/div>\n\t\t","protected":false},"excerpt":{"rendered":"<p>Adlernest als Happy Family Place Familien stehen im Adlernest an erster Stelle. Kinder und Erwachsene gl\u00fccklich zu machen ist unser Antrieb, unsere Mission. Denn Familiengl\u00fcck ist Gl\u00fcck f\u00fcr alle. F\u00fcr Mama und Papa, Papa und Papa, Oma und Opa, f\u00fcr alle Geschwister, Patenonkel und Cousins und wer noch zur Familie geh\u00f6rt. Und genau darauf legen [&hellip;]<\/p>\n","protected":false},"author":1,"featured_media":0,"parent":114,"menu_order":0,"comment_status":"closed","ping_status":"closed","template":"","meta":{"_acf_changed":false,"footnotes":""},"class_list":["post-10963","page","type-page","status-publish","hentry"],"acf":[],"yoast_head":"<!-- This site is optimized with the Yoast SEO Premium plugin v27.0 (Yoast SEO v27.3) - https:\/\/yoast.com\/product\/yoast-seo-premium-wordpress\/ -->\n<title>Adlernest bei den Familienhotels S\u00fcdtirol | Adlernest<\/title>\n<meta name=\"description\" content=\"Ein Ort, an dem Familien wahres Gl\u00fcck erfahren, an dem Kinder und Eltern rundum versorgt sind. Das ist das Adlernest.\" \/>\n<meta name=\"robots\" content=\"index, follow, max-snippet:-1, max-image-preview:large, max-video-preview:-1\" \/>\n<link rel=\"canonical\" href=\"https:\/\/www.adlernest.com\/de\/100-familie\/familienhotels-suedtirol\" \/>\n<meta property=\"og:locale\" content=\"de_DE\" \/>\n<meta property=\"og:type\" content=\"article\" \/>\n<meta property=\"og:title\" content=\"Adlernest bei den Familienhotels S\u00fcdtirol\" \/>\n<meta property=\"og:description\" content=\"Ein Ort, an dem Familien wahres Gl\u00fcck erfahren, an dem Kinder und Eltern rundum versorgt sind. Das ist das Adlernest.\" \/>\n<meta property=\"og:url\" content=\"https:\/\/www.adlernest.com\/de\/100-familie\/familienhotels-suedtirol\" \/>\n<meta property=\"og:site_name\" content=\"Adlernest\" \/>\n<meta property=\"article:publisher\" content=\"https:\/\/de-de.facebook.com\/adlernest\" \/>\n<meta property=\"article:modified_time\" content=\"2025-03-31T10:34:28+00:00\" \/>\n<meta property=\"og:image\" content=\"https:\/\/www.adlernest.com\/wp-content\/uploads\/2023\/10\/Rectangle-1.jpg\" \/>\n\t<meta property=\"og:image:width\" content=\"381\" \/>\n\t<meta property=\"og:image:height\" content=\"382\" \/>\n\t<meta property=\"og:image:type\" content=\"image\/jpeg\" \/>\n<meta name=\"twitter:card\" content=\"summary_large_image\" \/>\n<meta name=\"twitter:label1\" content=\"Gesch\u00e4tzte Lesezeit\" \/>\n\t<meta name=\"twitter:data1\" content=\"3\u00a0Minuten\" \/>\n<script type=\"application\/ld+json\" class=\"yoast-schema-graph\">{\"@context\":\"https:\\\/\\\/schema.org\",\"@graph\":[{\"@type\":\"WebPage\",\"@id\":\"https:\\\/\\\/www.adlernest.com\\\/de\\\/100-familie\\\/familienhotels-suedtirol\",\"url\":\"https:\\\/\\\/www.adlernest.com\\\/de\\\/100-familie\\\/familienhotels-suedtirol\",\"name\":\"Adlernest bei den Familienhotels S\u00fcdtirol | Adlernest\",\"isPartOf\":{\"@id\":\"https:\\\/\\\/www.adlernest.com\\\/de\\\/#website\"},\"datePublished\":\"2024-02-28T15:26:32+00:00\",\"dateModified\":\"2025-03-31T10:34:28+00:00\",\"description\":\"Ein Ort, an dem Familien wahres Gl\u00fcck erfahren, an dem Kinder und Eltern rundum versorgt sind. Das ist das Adlernest.\",\"breadcrumb\":{\"@id\":\"https:\\\/\\\/www.adlernest.com\\\/de\\\/100-familie\\\/familienhotels-suedtirol#breadcrumb\"},\"inLanguage\":\"de\",\"potentialAction\":[{\"@type\":\"ReadAction\",\"target\":[\"https:\\\/\\\/www.adlernest.com\\\/de\\\/100-familie\\\/familienhotels-suedtirol\"]}]},{\"@type\":\"BreadcrumbList\",\"@id\":\"https:\\\/\\\/www.adlernest.com\\\/de\\\/100-familie\\\/familienhotels-suedtirol#breadcrumb\",\"itemListElement\":[{\"@type\":\"ListItem\",\"position\":1,\"name\":\"Home\",\"item\":\"https:\\\/\\\/www.adlernest.com\\\/de\"},{\"@type\":\"ListItem\",\"position\":2,\"name\":\"100% Family\",\"item\":\"https:\\\/\\\/www.adlernest.com\\\/de\\\/100-familie\"},{\"@type\":\"ListItem\",\"position\":3,\"name\":\"Adlernest bei den Familienhotels S\u00fcdtirol\"}]},{\"@type\":\"WebSite\",\"@id\":\"https:\\\/\\\/www.adlernest.com\\\/de\\\/#website\",\"url\":\"https:\\\/\\\/www.adlernest.com\\\/de\\\/\",\"name\":\"Aktiv & Familienhotel Adlernest\",\"description\":\"\",\"publisher\":{\"@id\":\"https:\\\/\\\/www.adlernest.com\\\/de\\\/#organization\"},\"alternateName\":\"Familienhotel im Schnalstal\",\"potentialAction\":[{\"@type\":\"SearchAction\",\"target\":{\"@type\":\"EntryPoint\",\"urlTemplate\":\"https:\\\/\\\/www.adlernest.com\\\/de\\\/?s={search_term_string}\"},\"query-input\":{\"@type\":\"PropertyValueSpecification\",\"valueRequired\":true,\"valueName\":\"search_term_string\"}}],\"inLanguage\":\"de\"},{\"@type\":\"Organization\",\"@id\":\"https:\\\/\\\/www.adlernest.com\\\/de\\\/#organization\",\"name\":\"Adlernest\",\"url\":\"https:\\\/\\\/www.adlernest.com\\\/de\\\/\",\"logo\":{\"@type\":\"ImageObject\",\"inLanguage\":\"de\",\"@id\":\"https:\\\/\\\/www.adlernest.com\\\/de\\\/#\\\/schema\\\/logo\\\/image\\\/\",\"url\":\"https:\\\/\\\/www.adlernest.com\\\/wp-content\\\/uploads\\\/2023\\\/10\\\/Ebene_1.svg\",\"contentUrl\":\"https:\\\/\\\/www.adlernest.com\\\/wp-content\\\/uploads\\\/2023\\\/10\\\/Ebene_1.svg\",\"width\":47,\"height\":54,\"caption\":\"Adlernest\"},\"image\":{\"@id\":\"https:\\\/\\\/www.adlernest.com\\\/de\\\/#\\\/schema\\\/logo\\\/image\\\/\"},\"sameAs\":[\"https:\\\/\\\/de-de.facebook.com\\\/adlernest\",\"https:\\\/\\\/www.instagram.com\\\/adlernest_schnals\\\/\"]}]}<\/script>\n<!-- \/ Yoast SEO Premium plugin. -->","yoast_head_json":{"title":"Adlernest bei den Familienhotels S\u00fcdtirol | Adlernest","description":"Ein Ort, an dem Familien wahres Gl\u00fcck erfahren, an dem Kinder und Eltern rundum versorgt sind. Das ist das Adlernest.","robots":{"index":"index","follow":"follow","max-snippet":"max-snippet:-1","max-image-preview":"max-image-preview:large","max-video-preview":"max-video-preview:-1"},"canonical":"https:\/\/www.adlernest.com\/de\/100-familie\/familienhotels-suedtirol","og_locale":"de_DE","og_type":"article","og_title":"Adlernest bei den Familienhotels S\u00fcdtirol","og_description":"Ein Ort, an dem Familien wahres Gl\u00fcck erfahren, an dem Kinder und Eltern rundum versorgt sind. Das ist das Adlernest.","og_url":"https:\/\/www.adlernest.com\/de\/100-familie\/familienhotels-suedtirol","og_site_name":"Adlernest","article_publisher":"https:\/\/de-de.facebook.com\/adlernest","article_modified_time":"2025-03-31T10:34:28+00:00","og_image":[{"width":381,"height":382,"url":"https:\/\/www.adlernest.com\/wp-content\/uploads\/2023\/10\/Rectangle-1.jpg","type":"image\/jpeg"}],"twitter_card":"summary_large_image","twitter_misc":{"Gesch\u00e4tzte Lesezeit":"3\u00a0Minuten"},"schema":{"@context":"https:\/\/schema.org","@graph":[{"@type":"WebPage","@id":"https:\/\/www.adlernest.com\/de\/100-familie\/familienhotels-suedtirol","url":"https:\/\/www.adlernest.com\/de\/100-familie\/familienhotels-suedtirol","name":"Adlernest bei den Familienhotels S\u00fcdtirol | Adlernest","isPartOf":{"@id":"https:\/\/www.adlernest.com\/de\/#website"},"datePublished":"2024-02-28T15:26:32+00:00","dateModified":"2025-03-31T10:34:28+00:00","description":"Ein Ort, an dem Familien wahres Gl\u00fcck erfahren, an dem Kinder und Eltern rundum versorgt sind. Das ist das Adlernest.","breadcrumb":{"@id":"https:\/\/www.adlernest.com\/de\/100-familie\/familienhotels-suedtirol#breadcrumb"},"inLanguage":"de","potentialAction":[{"@type":"ReadAction","target":["https:\/\/www.adlernest.com\/de\/100-familie\/familienhotels-suedtirol"]}]},{"@type":"BreadcrumbList","@id":"https:\/\/www.adlernest.com\/de\/100-familie\/familienhotels-suedtirol#breadcrumb","itemListElement":[{"@type":"ListItem","position":1,"name":"Home","item":"https:\/\/www.adlernest.com\/de"},{"@type":"ListItem","position":2,"name":"100% Family","item":"https:\/\/www.adlernest.com\/de\/100-familie"},{"@type":"ListItem","position":3,"name":"Adlernest bei den Familienhotels S\u00fcdtirol"}]},{"@type":"WebSite","@id":"https:\/\/www.adlernest.com\/de\/#website","url":"https:\/\/www.adlernest.com\/de\/","name":"Aktiv & Familienhotel Adlernest","description":"","publisher":{"@id":"https:\/\/www.adlernest.com\/de\/#organization"},"alternateName":"Familienhotel im Schnalstal","potentialAction":[{"@type":"SearchAction","target":{"@type":"EntryPoint","urlTemplate":"https:\/\/www.adlernest.com\/de\/?s={search_term_string}"},"query-input":{"@type":"PropertyValueSpecification","valueRequired":true,"valueName":"search_term_string"}}],"inLanguage":"de"},{"@type":"Organization","@id":"https:\/\/www.adlernest.com\/de\/#organization","name":"Adlernest","url":"https:\/\/www.adlernest.com\/de\/","logo":{"@type":"ImageObject","inLanguage":"de","@id":"https:\/\/www.adlernest.com\/de\/#\/schema\/logo\/image\/","url":"https:\/\/www.adlernest.com\/wp-content\/uploads\/2023\/10\/Ebene_1.svg","contentUrl":"https:\/\/www.adlernest.com\/wp-content\/uploads\/2023\/10\/Ebene_1.svg","width":47,"height":54,"caption":"Adlernest"},"image":{"@id":"https:\/\/www.adlernest.com\/de\/#\/schema\/logo\/image\/"},"sameAs":["https:\/\/de-de.facebook.com\/adlernest","https:\/\/www.instagram.com\/adlernest_schnals\/"]}]}},"_links":{"self":[{"href":"https:\/\/www.adlernest.com\/de\/wp-json\/wp\/v2\/pages\/10963","targetHints":{"allow":["GET"]}}],"collection":[{"href":"https:\/\/www.adlernest.com\/de\/wp-json\/wp\/v2\/pages"}],"about":[{"href":"https:\/\/www.adlernest.com\/de\/wp-json\/wp\/v2\/types\/page"}],"author":[{"embeddable":true,"href":"https:\/\/www.adlernest.com\/de\/wp-json\/wp\/v2\/users\/1"}],"replies":[{"embeddable":true,"href":"https:\/\/www.adlernest.com\/de\/wp-json\/wp\/v2\/comments?post=10963"}],"version-history":[{"count":47,"href":"https:\/\/www.adlernest.com\/de\/wp-json\/wp\/v2\/pages\/10963\/revisions"}],"predecessor-version":[{"id":17072,"href":"https:\/\/www.adlernest.com\/de\/wp-json\/wp\/v2\/pages\/10963\/revisions\/17072"}],"up":[{"embeddable":true,"href":"https:\/\/www.adlernest.com\/de\/wp-json\/wp\/v2\/pages\/114"}],"wp:attachment":[{"href":"https:\/\/www.adlernest.com\/de\/wp-json\/wp\/v2\/media?parent=10963"}],"curies":[{"name":"wp","href":"https:\/\/api.w.org\/{rel}","templated":true}]}}