{"id":152,"date":"2023-06-07T13:36:38","date_gmt":"2023-06-07T11:36:38","guid":{"rendered":"https:\/\/www.adlernest.com\/?page_id=152"},"modified":"2025-12-03T12:40:39","modified_gmt":"2025-12-03T11:40:39","slug":"webcam","status":"publish","type":"page","link":"https:\/\/www.adlernest.com\/de\/webcam","title":{"rendered":"Webcam"},"content":{"rendered":"\t\t<div data-elementor-type=\"wp-page\" data-elementor-id=\"152\" class=\"elementor elementor-152\" data-elementor-post-type=\"page\">\n\t\t\t\t\t\t<section class=\"elementor-section elementor-top-section elementor-element elementor-element-331dc5a0 elementor-section-boxed elementor-section-height-default elementor-section-height-default\" data-id=\"331dc5a0\" data-element_type=\"section\" data-e-type=\"section\">\n\t\t\t\t\t\t<div class=\"elementor-container elementor-column-gap-no\">\n\t\t\t\t\t<div class=\"elementor-column elementor-col-100 elementor-top-column elementor-element elementor-element-57c10f38\" data-id=\"57c10f38\" data-element_type=\"column\" data-e-type=\"column\">\n\t\t\t<div class=\"elementor-widget-wrap elementor-element-populated\">\n\t\t\t\t\t\t<div class=\"elementor-element elementor-element-695b0138 elementor-align-left elementor-widget elementor-widget-breadcrumbs\" data-id=\"695b0138\" data-element_type=\"widget\" data-e-type=\"widget\" data-widget_type=\"breadcrumbs.default\">\n\t\t\t\t<div class=\"elementor-widget-container\">\n\t\t\t\t\t<p id=\"breadcrumbs\"><span><span><a href=\"https:\/\/www.adlernest.com\/de\">Home<\/a><\/span><\/span><\/p>\t\t\t\t<\/div>\n\t\t\t\t<\/div>\n\t\t\t\t\t<\/div>\n\t\t<\/div>\n\t\t\t\t\t<\/div>\n\t\t<\/section>\n\t\t\t\t<section class=\"elementor-section elementor-top-section elementor-element elementor-element-f9f5685 elementor-section-boxed elementor-section-height-default elementor-section-height-default\" data-id=\"f9f5685\" data-element_type=\"section\" data-e-type=\"section\">\n\t\t\t\t\t\t<div class=\"elementor-container elementor-column-gap-default\">\n\t\t\t\t\t<div class=\"elementor-column elementor-col-100 elementor-top-column elementor-element elementor-element-68d6835\" data-id=\"68d6835\" data-element_type=\"column\" data-e-type=\"column\">\n\t\t\t<div class=\"elementor-widget-wrap elementor-element-populated\">\n\t\t\t\t\t\t<div class=\"elementor-element elementor-element-265d0d69 elementor-widget elementor-widget-spacer\" data-id=\"265d0d69\" data-element_type=\"widget\" data-e-type=\"widget\" data-widget_type=\"spacer.default\">\n\t\t\t\t<div class=\"elementor-widget-container\">\n\t\t\t\t\t\t\t<div class=\"elementor-spacer\">\n\t\t\t<div class=\"elementor-spacer-inner\"><\/div>\n\t\t<\/div>\n\t\t\t\t\t\t<\/div>\n\t\t\t\t<\/div>\n\t\t\t\t<div class=\"elementor-element elementor-element-59e6b222 elementor-widget elementor-widget-heading\" data-id=\"59e6b222\" data-element_type=\"widget\" data-e-type=\"widget\" data-widget_type=\"heading.default\">\n\t\t\t\t<div class=\"elementor-widget-container\">\n\t\t\t\t\t<h1 class=\"elementor-heading-title elementor-size-default\">Live-Bilder<\/h1>\t\t\t\t<\/div>\n\t\t\t\t<\/div>\n\t\t\t\t<div class=\"elementor-element elementor-element-4c1c9779 elementor-widget elementor-widget-heading\" data-id=\"4c1c9779\" data-element_type=\"widget\" data-e-type=\"widget\" data-widget_type=\"heading.default\">\n\t\t\t\t<div class=\"elementor-widget-container\">\n\t\t\t\t\t<h2 class=\"elementor-heading-title elementor-size-default\">Webcam Schnalstal: Live-Bilder aus Ihrer Urlaubsregion<\/h2>\t\t\t\t<\/div>\n\t\t\t\t<\/div>\n\t\t\t\t<div class=\"elementor-element elementor-element-51b418fb elementor-widget elementor-widget-text-editor\" data-id=\"51b418fb\" data-element_type=\"widget\" data-e-type=\"widget\" data-widget_type=\"text-editor.default\">\n\t\t\t\t<div class=\"elementor-widget-container\">\n\t\t\t\t\t\t\t\t\t<p>Wirf einen Blick auf unsere Webcam im Schnalstal und du erh\u00e4lst jetzt schon einen kleinen Vorgeschmack darauf, was dich bei deiner Auszeit im Adlernest erwartet. Nat\u00fcrlich live!<\/p>\t\t\t\t\t\t\t\t<\/div>\n\t\t\t\t<\/div>\n\t\t\t\t<div class=\"elementor-element elementor-element-3dd1448 elementor-widget elementor-widget-spacer\" data-id=\"3dd1448\" data-element_type=\"widget\" data-e-type=\"widget\" data-widget_type=\"spacer.default\">\n\t\t\t\t<div class=\"elementor-widget-container\">\n\t\t\t\t\t\t\t<div class=\"elementor-spacer\">\n\t\t\t<div class=\"elementor-spacer-inner\"><\/div>\n\t\t<\/div>\n\t\t\t\t\t\t<\/div>\n\t\t\t\t<\/div>\n\t\t\t\t<div class=\"elementor-element elementor-element-cb1301f elementor-tabs-view-horizontal elementor-widget elementor-widget-tabs\" data-id=\"cb1301f\" data-element_type=\"widget\" data-e-type=\"widget\" data-widget_type=\"tabs.default\">\n\t\t\t\t<div class=\"elementor-widget-container\">\n\t\t\t\t\t\t\t<div class=\"elementor-tabs\">\n\t\t\t<div class=\"elementor-tabs-wrapper\" role=\"tablist\" >\n\t\t\t\t\t\t\t\t\t<div id=\"elementor-tab-title-2121\" class=\"elementor-tab-title elementor-tab-desktop-title\" aria-selected=\"true\" data-tab=\"1\" role=\"tab\" tabindex=\"0\" aria-controls=\"elementor-tab-content-2121\" aria-expanded=\"false\">Schnals - Lazaun Bergstation <br>2.433 m<\/div>\n\t\t\t\t\t\t\t\t\t<div id=\"elementor-tab-title-2122\" class=\"elementor-tab-title elementor-tab-desktop-title\" aria-selected=\"false\" data-tab=\"2\" role=\"tab\" tabindex=\"-1\" aria-controls=\"elementor-tab-content-2122\" aria-expanded=\"false\">Kurzras Talstation <br>2.011 m<\/div>\n\t\t\t\t\t\t\t\t\t<div id=\"elementor-tab-title-2123\" class=\"elementor-tab-title elementor-tab-desktop-title\" aria-selected=\"false\" data-tab=\"3\" role=\"tab\" tabindex=\"-1\" aria-controls=\"elementor-tab-content-2123\" aria-expanded=\"false\">Schutzhaus Sch\u00f6ne Aussicht<br>2.842 m<\/div>\n\t\t\t\t\t\t\t\t\t<div id=\"elementor-tab-title-2124\" class=\"elementor-tab-title elementor-tab-desktop-title\" aria-selected=\"false\" data-tab=\"4\" role=\"tab\" tabindex=\"-1\" aria-controls=\"elementor-tab-content-2124\" aria-expanded=\"false\">Vernagt am See<br>1.700 m<\/div>\n\t\t\t\t\t\t\t<\/div>\n\t\t\t<div class=\"elementor-tabs-content-wrapper\" role=\"tablist\" aria-orientation=\"vertical\">\n\t\t\t\t\t\t\t\t\t<div class=\"elementor-tab-title elementor-tab-mobile-title\" aria-selected=\"true\" data-tab=\"1\" role=\"tab\" tabindex=\"0\" aria-controls=\"elementor-tab-content-2121\" aria-expanded=\"false\">Schnals - Lazaun Bergstation <br>2.433 m<\/div>\n\t\t\t\t\t<div id=\"elementor-tab-content-2121\" class=\"elementor-tab-content elementor-clearfix\" data-tab=\"1\" role=\"tabpanel\" aria-labelledby=\"elementor-tab-title-2121\" tabindex=\"0\" hidden=\"false\"><iframe class=\"webcamframe\" src=\"https:\/\/webtv.feratel.com\/webtv\/?&#038;pg=5EB12424-7C2D-428A-BEFF-0C9140CD772F&#038;design=v4&#038;cam=6193\"><\/iframe><\/div>\n\t\t\t\t\t\t\t\t\t<div class=\"elementor-tab-title elementor-tab-mobile-title\" aria-selected=\"false\" data-tab=\"2\" role=\"tab\" tabindex=\"-1\" aria-controls=\"elementor-tab-content-2122\" aria-expanded=\"false\">Kurzras Talstation <br>2.011 m<\/div>\n\t\t\t\t\t<div id=\"elementor-tab-content-2122\" class=\"elementor-tab-content elementor-clearfix\" data-tab=\"2\" role=\"tabpanel\" aria-labelledby=\"elementor-tab-title-2122\" tabindex=\"0\" hidden=\"hidden\"><iframe class=\"webcamframe\" src=\"https:\/\/webtv.feratel.com\/webtv\/?cam=6191&#038;design=v3&#038;c0=0&#038;lg=de&#038;s=0\"><\/iframe><\/div>\n\t\t\t\t\t\t\t\t\t<div class=\"elementor-tab-title elementor-tab-mobile-title\" aria-selected=\"false\" data-tab=\"3\" role=\"tab\" tabindex=\"-1\" aria-controls=\"elementor-tab-content-2123\" aria-expanded=\"false\">Schutzhaus Sch\u00f6ne Aussicht<br>2.842 m<\/div>\n\t\t\t\t\t<div id=\"elementor-tab-content-2123\" class=\"elementor-tab-content elementor-clearfix\" data-tab=\"3\" role=\"tabpanel\" aria-labelledby=\"elementor-tab-title-2123\" tabindex=\"0\" hidden=\"hidden\"><img decoding=\"async\" src=\"https:\/\/www.goldenerose.it\/webcam\/aussicht1.jpg\" class=\"responsive-image\" alt=\"Schutzhaus Sch\u00f6ne Aussicht - 2.842 m\" title=\"Schutzhaus Sch\u00f6ne Aussicht - 2.842 m\"><\/div>\n\t\t\t\t\t\t\t\t\t<div class=\"elementor-tab-title elementor-tab-mobile-title\" aria-selected=\"false\" data-tab=\"4\" role=\"tab\" tabindex=\"-1\" aria-controls=\"elementor-tab-content-2124\" aria-expanded=\"false\">Vernagt am See<br>1.700 m<\/div>\n\t\t\t\t\t<div id=\"elementor-tab-content-2124\" class=\"elementor-tab-content elementor-clearfix\" data-tab=\"4\" role=\"tabpanel\" aria-labelledby=\"elementor-tab-title-2124\" tabindex=\"0\" hidden=\"hidden\">Kein Bild verf\u00fcgbar.<\/div>\n\t\t\t\t\t\t\t<\/div>\n\t\t<\/div>\n\t\t\t\t\t\t<\/div>\n\t\t\t\t<\/div>\n\t\t\t\t\t<\/div>\n\t\t<\/div>\n\t\t\t\t\t<\/div>\n\t\t<\/section>\n\t\t\t\t<\/div>\n\t\t","protected":false},"excerpt":{"rendered":"<p>Live-Bilder Webcam Schnalstal: Live-Bilder aus Ihrer Urlaubsregion Wirf einen Blick auf unsere Webcam im Schnalstal und du erh\u00e4lst jetzt schon einen kleinen Vorgeschmack darauf, was dich bei deiner Auszeit im Adlernest erwartet. Nat\u00fcrlich live! Schnals &#8211; Lazaun Bergstation 2.433 m Kurzras Talstation 2.011 m Schutzhaus Sch\u00f6ne Aussicht2.842 m Vernagt am See1.700 m Schnals &#8211; Lazaun [&hellip;]<\/p>\n","protected":false},"author":2,"featured_media":269,"parent":0,"menu_order":0,"comment_status":"closed","ping_status":"closed","template":"","meta":{"_acf_changed":false,"footnotes":""},"class_list":["post-152","page","type-page","status-publish","has-post-thumbnail","hentry"],"acf":[],"yoast_head":"<!-- This site is optimized with the Yoast SEO Premium plugin v27.5 (Yoast SEO v27.5) - https:\/\/yoast.com\/product\/yoast-seo-premium-wordpress\/ -->\n<title>Stammg\u00e4ste Login | Aktiv &amp; Familienhotel Adlernest<\/title>\n<meta name=\"robots\" content=\"index, follow, max-snippet:-1, max-image-preview:large, max-video-preview:-1\" \/>\n<link rel=\"canonical\" href=\"https:\/\/www.adlernest.com\/de\/webcam\" \/>\n<meta property=\"og:locale\" content=\"de_DE\" \/>\n<meta property=\"og:type\" content=\"article\" \/>\n<meta property=\"og:title\" content=\"Webcam\" \/>\n<meta property=\"og:description\" content=\"Live-Bilder Webcam Schnalstal: Live-Bilder aus Ihrer Urlaubsregion Wirf einen Blick auf unsere Webcam im Schnalstal und du erh\u00e4lst jetzt schon einen kleinen Vorgeschmack darauf, was dich bei deiner Auszeit im Adlernest erwartet. Nat\u00fcrlich live! Schnals &#8211; Lazaun Bergstation 2.433 m Kurzras Talstation 2.011 m Schutzhaus Sch\u00f6ne Aussicht2.842 m Vernagt am See1.700 m Schnals &#8211; Lazaun [&hellip;]\" \/>\n<meta property=\"og:url\" content=\"https:\/\/www.adlernest.com\/de\/webcam\" \/>\n<meta property=\"og:site_name\" content=\"Adlernest\" \/>\n<meta property=\"article:publisher\" content=\"https:\/\/de-de.facebook.com\/adlernest\" \/>\n<meta property=\"article:modified_time\" content=\"2025-12-03T11:40:39+00:00\" \/>\n<meta property=\"og:image\" content=\"https:\/\/www.adlernest.com\/wp-content\/uploads\/2023\/06\/Kopie-von-APS_8430-Kopie-scaled.jpg\" \/>\n\t<meta property=\"og:image:width\" content=\"2560\" \/>\n\t<meta property=\"og:image:height\" content=\"1704\" \/>\n\t<meta property=\"og:image:type\" content=\"image\/jpeg\" \/>\n<meta name=\"twitter:card\" content=\"summary_large_image\" \/>\n<meta name=\"twitter:label1\" content=\"Gesch\u00e4tzte Lesezeit\" \/>\n\t<meta name=\"twitter:data1\" content=\"1\u00a0Minute\" \/>\n<script type=\"application\/ld+json\" class=\"yoast-schema-graph\">{\"@context\":\"https:\\\/\\\/schema.org\",\"@graph\":[{\"@type\":\"WebPage\",\"@id\":\"https:\\\/\\\/www.adlernest.com\\\/de\\\/webcam\",\"url\":\"https:\\\/\\\/www.adlernest.com\\\/de\\\/webcam\",\"name\":\"Stammg\u00e4ste Login | Aktiv & Familienhotel Adlernest\",\"isPartOf\":{\"@id\":\"https:\\\/\\\/www.adlernest.com\\\/de\\\/#website\"},\"primaryImageOfPage\":{\"@id\":\"https:\\\/\\\/www.adlernest.com\\\/de\\\/webcam#primaryimage\"},\"image\":{\"@id\":\"https:\\\/\\\/www.adlernest.com\\\/de\\\/webcam#primaryimage\"},\"thumbnailUrl\":\"https:\\\/\\\/www.adlernest.com\\\/wp-content\\\/uploads\\\/2023\\\/06\\\/Kopie-von-APS_8430-Kopie-scaled.jpg\",\"datePublished\":\"2023-06-07T11:36:38+00:00\",\"dateModified\":\"2025-12-03T11:40:39+00:00\",\"breadcrumb\":{\"@id\":\"https:\\\/\\\/www.adlernest.com\\\/de\\\/webcam#breadcrumb\"},\"inLanguage\":\"de\",\"potentialAction\":[{\"@type\":\"ReadAction\",\"target\":[\"https:\\\/\\\/www.adlernest.com\\\/de\\\/webcam\"]}]},{\"@type\":\"ImageObject\",\"inLanguage\":\"de\",\"@id\":\"https:\\\/\\\/www.adlernest.com\\\/de\\\/webcam#primaryimage\",\"url\":\"https:\\\/\\\/www.adlernest.com\\\/wp-content\\\/uploads\\\/2023\\\/06\\\/Kopie-von-APS_8430-Kopie-scaled.jpg\",\"contentUrl\":\"https:\\\/\\\/www.adlernest.com\\\/wp-content\\\/uploads\\\/2023\\\/06\\\/Kopie-von-APS_8430-Kopie-scaled.jpg\",\"width\":2560,\"height\":1704},{\"@type\":\"BreadcrumbList\",\"@id\":\"https:\\\/\\\/www.adlernest.com\\\/de\\\/webcam#breadcrumb\",\"itemListElement\":[{\"@type\":\"ListItem\",\"position\":1,\"name\":\"Home\",\"item\":\"https:\\\/\\\/www.adlernest.com\\\/de\"},{\"@type\":\"ListItem\",\"position\":2,\"name\":\"Webcam\"}]},{\"@type\":\"WebSite\",\"@id\":\"https:\\\/\\\/www.adlernest.com\\\/de\\\/#website\",\"url\":\"https:\\\/\\\/www.adlernest.com\\\/de\\\/\",\"name\":\"Aktiv & Familienhotel Adlernest\",\"description\":\"\",\"publisher\":{\"@id\":\"https:\\\/\\\/www.adlernest.com\\\/de\\\/#organization\"},\"alternateName\":\"Familienhotel im Schnalstal\",\"potentialAction\":[{\"@type\":\"SearchAction\",\"target\":{\"@type\":\"EntryPoint\",\"urlTemplate\":\"https:\\\/\\\/www.adlernest.com\\\/de\\\/?s={search_term_string}\"},\"query-input\":{\"@type\":\"PropertyValueSpecification\",\"valueRequired\":true,\"valueName\":\"search_term_string\"}}],\"inLanguage\":\"de\"},{\"@type\":\"Organization\",\"@id\":\"https:\\\/\\\/www.adlernest.com\\\/de\\\/#organization\",\"name\":\"Adlernest\",\"url\":\"https:\\\/\\\/www.adlernest.com\\\/de\\\/\",\"logo\":{\"@type\":\"ImageObject\",\"inLanguage\":\"de\",\"@id\":\"https:\\\/\\\/www.adlernest.com\\\/de\\\/#\\\/schema\\\/logo\\\/image\\\/\",\"url\":\"https:\\\/\\\/www.adlernest.com\\\/wp-content\\\/uploads\\\/2023\\\/10\\\/Ebene_1.svg\",\"contentUrl\":\"https:\\\/\\\/www.adlernest.com\\\/wp-content\\\/uploads\\\/2023\\\/10\\\/Ebene_1.svg\",\"width\":47,\"height\":54,\"caption\":\"Adlernest\"},\"image\":{\"@id\":\"https:\\\/\\\/www.adlernest.com\\\/de\\\/#\\\/schema\\\/logo\\\/image\\\/\"},\"sameAs\":[\"https:\\\/\\\/de-de.facebook.com\\\/adlernest\",\"https:\\\/\\\/www.instagram.com\\\/adlernest_schnals\\\/\"]}]}<\/script>\n<!-- \/ Yoast SEO Premium plugin. -->","yoast_head_json":{"title":"Stammg\u00e4ste Login | Aktiv & Familienhotel Adlernest","robots":{"index":"index","follow":"follow","max-snippet":"max-snippet:-1","max-image-preview":"max-image-preview:large","max-video-preview":"max-video-preview:-1"},"canonical":"https:\/\/www.adlernest.com\/de\/webcam","og_locale":"de_DE","og_type":"article","og_title":"Webcam","og_description":"Live-Bilder Webcam Schnalstal: Live-Bilder aus Ihrer Urlaubsregion Wirf einen Blick auf unsere Webcam im Schnalstal und du erh\u00e4lst jetzt schon einen kleinen Vorgeschmack darauf, was dich bei deiner Auszeit im Adlernest erwartet. Nat\u00fcrlich live! Schnals &#8211; Lazaun Bergstation 2.433 m Kurzras Talstation 2.011 m Schutzhaus Sch\u00f6ne Aussicht2.842 m Vernagt am See1.700 m Schnals &#8211; Lazaun [&hellip;]","og_url":"https:\/\/www.adlernest.com\/de\/webcam","og_site_name":"Adlernest","article_publisher":"https:\/\/de-de.facebook.com\/adlernest","article_modified_time":"2025-12-03T11:40:39+00:00","og_image":[{"width":2560,"height":1704,"url":"https:\/\/www.adlernest.com\/wp-content\/uploads\/2023\/06\/Kopie-von-APS_8430-Kopie-scaled.jpg","type":"image\/jpeg"}],"twitter_card":"summary_large_image","twitter_misc":{"Gesch\u00e4tzte Lesezeit":"1\u00a0Minute"},"schema":{"@context":"https:\/\/schema.org","@graph":[{"@type":"WebPage","@id":"https:\/\/www.adlernest.com\/de\/webcam","url":"https:\/\/www.adlernest.com\/de\/webcam","name":"Stammg\u00e4ste Login | Aktiv & Familienhotel Adlernest","isPartOf":{"@id":"https:\/\/www.adlernest.com\/de\/#website"},"primaryImageOfPage":{"@id":"https:\/\/www.adlernest.com\/de\/webcam#primaryimage"},"image":{"@id":"https:\/\/www.adlernest.com\/de\/webcam#primaryimage"},"thumbnailUrl":"https:\/\/www.adlernest.com\/wp-content\/uploads\/2023\/06\/Kopie-von-APS_8430-Kopie-scaled.jpg","datePublished":"2023-06-07T11:36:38+00:00","dateModified":"2025-12-03T11:40:39+00:00","breadcrumb":{"@id":"https:\/\/www.adlernest.com\/de\/webcam#breadcrumb"},"inLanguage":"de","potentialAction":[{"@type":"ReadAction","target":["https:\/\/www.adlernest.com\/de\/webcam"]}]},{"@type":"ImageObject","inLanguage":"de","@id":"https:\/\/www.adlernest.com\/de\/webcam#primaryimage","url":"https:\/\/www.adlernest.com\/wp-content\/uploads\/2023\/06\/Kopie-von-APS_8430-Kopie-scaled.jpg","contentUrl":"https:\/\/www.adlernest.com\/wp-content\/uploads\/2023\/06\/Kopie-von-APS_8430-Kopie-scaled.jpg","width":2560,"height":1704},{"@type":"BreadcrumbList","@id":"https:\/\/www.adlernest.com\/de\/webcam#breadcrumb","itemListElement":[{"@type":"ListItem","position":1,"name":"Home","item":"https:\/\/www.adlernest.com\/de"},{"@type":"ListItem","position":2,"name":"Webcam"}]},{"@type":"WebSite","@id":"https:\/\/www.adlernest.com\/de\/#website","url":"https:\/\/www.adlernest.com\/de\/","name":"Aktiv & Familienhotel Adlernest","description":"","publisher":{"@id":"https:\/\/www.adlernest.com\/de\/#organization"},"alternateName":"Familienhotel im Schnalstal","potentialAction":[{"@type":"SearchAction","target":{"@type":"EntryPoint","urlTemplate":"https:\/\/www.adlernest.com\/de\/?s={search_term_string}"},"query-input":{"@type":"PropertyValueSpecification","valueRequired":true,"valueName":"search_term_string"}}],"inLanguage":"de"},{"@type":"Organization","@id":"https:\/\/www.adlernest.com\/de\/#organization","name":"Adlernest","url":"https:\/\/www.adlernest.com\/de\/","logo":{"@type":"ImageObject","inLanguage":"de","@id":"https:\/\/www.adlernest.com\/de\/#\/schema\/logo\/image\/","url":"https:\/\/www.adlernest.com\/wp-content\/uploads\/2023\/10\/Ebene_1.svg","contentUrl":"https:\/\/www.adlernest.com\/wp-content\/uploads\/2023\/10\/Ebene_1.svg","width":47,"height":54,"caption":"Adlernest"},"image":{"@id":"https:\/\/www.adlernest.com\/de\/#\/schema\/logo\/image\/"},"sameAs":["https:\/\/de-de.facebook.com\/adlernest","https:\/\/www.instagram.com\/adlernest_schnals\/"]}]}},"_links":{"self":[{"href":"https:\/\/www.adlernest.com\/de\/wp-json\/wp\/v2\/pages\/152","targetHints":{"allow":["GET"]}}],"collection":[{"href":"https:\/\/www.adlernest.com\/de\/wp-json\/wp\/v2\/pages"}],"about":[{"href":"https:\/\/www.adlernest.com\/de\/wp-json\/wp\/v2\/types\/page"}],"author":[{"embeddable":true,"href":"https:\/\/www.adlernest.com\/de\/wp-json\/wp\/v2\/users\/2"}],"replies":[{"embeddable":true,"href":"https:\/\/www.adlernest.com\/de\/wp-json\/wp\/v2\/comments?post=152"}],"version-history":[{"count":34,"href":"https:\/\/www.adlernest.com\/de\/wp-json\/wp\/v2\/pages\/152\/revisions"}],"predecessor-version":[{"id":19433,"href":"https:\/\/www.adlernest.com\/de\/wp-json\/wp\/v2\/pages\/152\/revisions\/19433"}],"wp:featuredmedia":[{"embeddable":true,"href":"https:\/\/www.adlernest.com\/de\/wp-json\/wp\/v2\/media\/269"}],"wp:attachment":[{"href":"https:\/\/www.adlernest.com\/de\/wp-json\/wp\/v2\/media?parent=152"}],"curies":[{"name":"wp","href":"https:\/\/api.w.org\/{rel}","templated":true}]}}