{"id":158,"date":"2023-06-07T13:37:12","date_gmt":"2023-06-07T11:37:12","guid":{"rendered":"https:\/\/www.adlernest.com\/?page_id=158"},"modified":"2025-12-15T14:57:05","modified_gmt":"2025-12-15T13:57:05","slug":"anfrage","status":"publish","type":"page","link":"https:\/\/www.adlernest.com\/de\/anfrage","title":{"rendered":"Anfrage"},"content":{"rendered":"\t\t<div data-elementor-type=\"wp-page\" data-elementor-id=\"158\" class=\"elementor elementor-158\" data-elementor-post-type=\"page\">\n\t\t\t\t\t\t<section class=\"elementor-section elementor-top-section elementor-element elementor-element-5671cd elementor-section-boxed elementor-section-height-default elementor-section-height-default\" data-id=\"5671cd\" data-element_type=\"section\" data-e-type=\"section\">\n\t\t\t\t\t\t<div class=\"elementor-container elementor-column-gap-no\">\n\t\t\t\t\t<div class=\"elementor-column elementor-col-100 elementor-top-column elementor-element elementor-element-617a16e1\" data-id=\"617a16e1\" data-element_type=\"column\" data-e-type=\"column\">\n\t\t\t<div class=\"elementor-widget-wrap elementor-element-populated\">\n\t\t\t\t\t\t<div class=\"elementor-element elementor-element-7691c5ba elementor-align-left elementor-widget elementor-widget-breadcrumbs\" data-id=\"7691c5ba\" data-element_type=\"widget\" data-e-type=\"widget\" data-widget_type=\"breadcrumbs.default\">\n\t\t\t\t<div class=\"elementor-widget-container\">\n\t\t\t\t\t<p id=\"breadcrumbs\"><span><span><a href=\"https:\/\/www.adlernest.com\/de\">Home<\/a><\/span><\/span><\/p>\t\t\t\t<\/div>\n\t\t\t\t<\/div>\n\t\t\t\t\t<\/div>\n\t\t<\/div>\n\t\t\t\t\t<\/div>\n\t\t<\/section>\n\t\t\t\t<section class=\"elementor-section elementor-top-section elementor-element elementor-element-eddb1e6 elementor-section-boxed elementor-section-height-default elementor-section-height-default\" data-id=\"eddb1e6\" data-element_type=\"section\" data-e-type=\"section\">\n\t\t\t\t\t\t<div class=\"elementor-container elementor-column-gap-default\">\n\t\t\t\t\t<div class=\"elementor-column elementor-col-100 elementor-top-column elementor-element elementor-element-312c3a0\" data-id=\"312c3a0\" data-element_type=\"column\" data-e-type=\"column\">\n\t\t\t<div class=\"elementor-widget-wrap elementor-element-populated\">\n\t\t\t\t\t\t<div class=\"elementor-element elementor-element-8f70f56 elementor-widget elementor-widget-spacer\" data-id=\"8f70f56\" data-element_type=\"widget\" data-e-type=\"widget\" data-widget_type=\"spacer.default\">\n\t\t\t\t<div class=\"elementor-widget-container\">\n\t\t\t\t\t\t\t<div class=\"elementor-spacer\">\n\t\t\t<div class=\"elementor-spacer-inner\"><\/div>\n\t\t<\/div>\n\t\t\t\t\t\t<\/div>\n\t\t\t\t<\/div>\n\t\t\t\t<div class=\"elementor-element elementor-element-543d879 elementor-widget elementor-widget-heading\" data-id=\"543d879\" data-element_type=\"widget\" data-e-type=\"widget\" data-widget_type=\"heading.default\">\n\t\t\t\t<div class=\"elementor-widget-container\">\n\t\t\t\t\t<h1 class=\"elementor-heading-title elementor-size-default\">Dein pers\u00f6nliches Urlaubsangebot<\/h1>\t\t\t\t<\/div>\n\t\t\t\t<\/div>\n\t\t\t\t<div class=\"elementor-element elementor-element-035d634 elementor-widget elementor-widget-heading\" data-id=\"035d634\" data-element_type=\"widget\" data-e-type=\"widget\" data-widget_type=\"heading.default\">\n\t\t\t\t<div class=\"elementor-widget-container\">\n\t\t\t\t\t<h3 class=\"elementor-heading-title elementor-size-default\">UNVERBINDLICHE ANFRAGE<\/h3>\t\t\t\t<\/div>\n\t\t\t\t<\/div>\n\t\t\t\t<div class=\"elementor-element elementor-element-95a03fd elementor-widget elementor-widget-text-editor\" data-id=\"95a03fd\" data-element_type=\"widget\" data-e-type=\"widget\" data-widget_type=\"text-editor.default\">\n\t\t\t\t<div class=\"elementor-widget-container\">\n\t\t\t\t\t\t\t\t\t<p>Du m\u00f6chtest eine entspannte Auszeit verbringen und uns im Adlernest besuchen? <br \/>F\u00fcll einfach das unten stehende Formular aus! Gerne schicken wir dir so schnell wie m\u00f6glich unser bestes Angebot.<\/p>\t\t\t\t\t\t\t\t<\/div>\n\t\t\t\t<\/div>\n\t\t\t\t\t<\/div>\n\t\t<\/div>\n\t\t\t\t\t<\/div>\n\t\t<\/section>\n\t\t\t\t<section class=\"elementor-section elementor-top-section elementor-element elementor-element-e4cca2f elementor-section-boxed elementor-section-height-default elementor-section-height-default\" data-id=\"e4cca2f\" data-element_type=\"section\" data-e-type=\"section\">\n\t\t\t\t\t\t<div class=\"elementor-container elementor-column-gap-default\">\n\t\t\t\t\t<div class=\"elementor-column elementor-col-100 elementor-top-column elementor-element elementor-element-f183664\" data-id=\"f183664\" data-element_type=\"column\" data-e-type=\"column\">\n\t\t\t<div class=\"elementor-widget-wrap elementor-element-populated\">\n\t\t\t\t\t\t<div class=\"elementor-element elementor-element-21d7a38 elementor-widget__width-initial elementor-widget elementor-widget-html\" data-id=\"21d7a38\" data-element_type=\"widget\" data-e-type=\"widget\" data-widget_type=\"html.default\">\n\t\t\t\t<div class=\"elementor-widget-container\">\n\t\t\t\t\t <script type=\"text\/javascript\" src=\"https:\/\/www.scidoo.com\/widget_contatti\/include_widget_contatti.js\" id=\"scidoo-widget-contatti\" data-codice=\"1661\" data-lang=\"4\" data-struttura=\"-1\" data-provenienza=\"0\" data-testo-struttura=\"\" data-container=\"\" data-tipologia-richiesta=\"0\"data-blocca-date=\"0\" data-nota-preventivo=\"\"data-settore-specifico=\"0\" ><\/script>\t\t\t\t<\/div>\n\t\t\t\t<\/div>\n\t\t\t\t<div class=\"elementor-element elementor-element-403ff2c elementor-widget elementor-widget-spacer\" data-id=\"403ff2c\" data-element_type=\"widget\" data-e-type=\"widget\" data-widget_type=\"spacer.default\">\n\t\t\t\t<div class=\"elementor-widget-container\">\n\t\t\t\t\t\t\t<div class=\"elementor-spacer\">\n\t\t\t<div class=\"elementor-spacer-inner\"><\/div>\n\t\t<\/div>\n\t\t\t\t\t\t<\/div>\n\t\t\t\t<\/div>\n\t\t\t\t\t<\/div>\n\t\t<\/div>\n\t\t\t\t\t<\/div>\n\t\t<\/section>\n\t\t\t\t<\/div>\n\t\t","protected":false},"excerpt":{"rendered":"<p>Dein pers\u00f6nliches Urlaubsangebot UNVERBINDLICHE ANFRAGE Du m\u00f6chtest eine entspannte Auszeit verbringen und uns im Adlernest besuchen? F\u00fcll einfach das unten stehende Formular aus! Gerne schicken wir dir so schnell wie m\u00f6glich unser bestes Angebot.<\/p>\n","protected":false},"author":2,"featured_media":0,"parent":0,"menu_order":0,"comment_status":"closed","ping_status":"closed","template":"","meta":{"_acf_changed":false,"footnotes":""},"class_list":["post-158","page","type-page","status-publish","hentry"],"acf":[],"yoast_head":"<!-- This site is optimized with the Yoast SEO Premium plugin v27.0 (Yoast SEO v27.3) - https:\/\/yoast.com\/product\/yoast-seo-premium-wordpress\/ -->\n<title>Anfrage | Aktiv &amp; Familienhotel Adlernest<\/title>\n<meta name=\"robots\" content=\"index, follow, max-snippet:-1, max-image-preview:large, max-video-preview:-1\" \/>\n<link rel=\"canonical\" href=\"https:\/\/www.adlernest.com\/de\/anfrage\" \/>\n<meta property=\"og:locale\" content=\"de_DE\" \/>\n<meta property=\"og:type\" content=\"article\" \/>\n<meta property=\"og:title\" content=\"Anfrage\" \/>\n<meta property=\"og:description\" content=\"Dein pers\u00f6nliches Urlaubsangebot UNVERBINDLICHE ANFRAGE Du m\u00f6chtest eine entspannte Auszeit verbringen und uns im Adlernest besuchen? F\u00fcll einfach das unten stehende Formular aus! Gerne schicken wir dir so schnell wie m\u00f6glich unser bestes Angebot.\" \/>\n<meta property=\"og:url\" content=\"https:\/\/www.adlernest.com\/de\/anfrage\" \/>\n<meta property=\"og:site_name\" content=\"Adlernest\" \/>\n<meta property=\"article:publisher\" content=\"https:\/\/de-de.facebook.com\/adlernest\" \/>\n<meta property=\"article:modified_time\" content=\"2025-12-15T13:57:05+00:00\" \/>\n<meta property=\"og:image\" content=\"https:\/\/www.adlernest.com\/wp-content\/uploads\/2023\/10\/Rectangle-1.jpg\" \/>\n\t<meta property=\"og:image:width\" content=\"381\" \/>\n\t<meta property=\"og:image:height\" content=\"382\" \/>\n\t<meta property=\"og:image:type\" content=\"image\/jpeg\" \/>\n<meta name=\"twitter:card\" content=\"summary_large_image\" \/>\n<meta name=\"twitter:label1\" content=\"Gesch\u00e4tzte Lesezeit\" \/>\n\t<meta name=\"twitter:data1\" content=\"1\u00a0Minute\" \/>\n<script type=\"application\/ld+json\" class=\"yoast-schema-graph\">{\"@context\":\"https:\\\/\\\/schema.org\",\"@graph\":[{\"@type\":\"WebPage\",\"@id\":\"https:\\\/\\\/www.adlernest.com\\\/de\\\/anfrage\",\"url\":\"https:\\\/\\\/www.adlernest.com\\\/de\\\/anfrage\",\"name\":\"Anfrage | Aktiv & Familienhotel Adlernest\",\"isPartOf\":{\"@id\":\"https:\\\/\\\/www.adlernest.com\\\/de\\\/#website\"},\"datePublished\":\"2023-06-07T11:37:12+00:00\",\"dateModified\":\"2025-12-15T13:57:05+00:00\",\"breadcrumb\":{\"@id\":\"https:\\\/\\\/www.adlernest.com\\\/de\\\/anfrage#breadcrumb\"},\"inLanguage\":\"de\",\"potentialAction\":[{\"@type\":\"ReadAction\",\"target\":[\"https:\\\/\\\/www.adlernest.com\\\/de\\\/anfrage\"]}]},{\"@type\":\"BreadcrumbList\",\"@id\":\"https:\\\/\\\/www.adlernest.com\\\/de\\\/anfrage#breadcrumb\",\"itemListElement\":[{\"@type\":\"ListItem\",\"position\":1,\"name\":\"Home\",\"item\":\"https:\\\/\\\/www.adlernest.com\\\/de\"},{\"@type\":\"ListItem\",\"position\":2,\"name\":\"Anfrage\"}]},{\"@type\":\"WebSite\",\"@id\":\"https:\\\/\\\/www.adlernest.com\\\/de\\\/#website\",\"url\":\"https:\\\/\\\/www.adlernest.com\\\/de\\\/\",\"name\":\"Aktiv & Familienhotel Adlernest\",\"description\":\"\",\"publisher\":{\"@id\":\"https:\\\/\\\/www.adlernest.com\\\/de\\\/#organization\"},\"alternateName\":\"Familienhotel im Schnalstal\",\"potentialAction\":[{\"@type\":\"SearchAction\",\"target\":{\"@type\":\"EntryPoint\",\"urlTemplate\":\"https:\\\/\\\/www.adlernest.com\\\/de\\\/?s={search_term_string}\"},\"query-input\":{\"@type\":\"PropertyValueSpecification\",\"valueRequired\":true,\"valueName\":\"search_term_string\"}}],\"inLanguage\":\"de\"},{\"@type\":\"Organization\",\"@id\":\"https:\\\/\\\/www.adlernest.com\\\/de\\\/#organization\",\"name\":\"Adlernest\",\"url\":\"https:\\\/\\\/www.adlernest.com\\\/de\\\/\",\"logo\":{\"@type\":\"ImageObject\",\"inLanguage\":\"de\",\"@id\":\"https:\\\/\\\/www.adlernest.com\\\/de\\\/#\\\/schema\\\/logo\\\/image\\\/\",\"url\":\"https:\\\/\\\/www.adlernest.com\\\/wp-content\\\/uploads\\\/2023\\\/10\\\/Ebene_1.svg\",\"contentUrl\":\"https:\\\/\\\/www.adlernest.com\\\/wp-content\\\/uploads\\\/2023\\\/10\\\/Ebene_1.svg\",\"width\":47,\"height\":54,\"caption\":\"Adlernest\"},\"image\":{\"@id\":\"https:\\\/\\\/www.adlernest.com\\\/de\\\/#\\\/schema\\\/logo\\\/image\\\/\"},\"sameAs\":[\"https:\\\/\\\/de-de.facebook.com\\\/adlernest\",\"https:\\\/\\\/www.instagram.com\\\/adlernest_schnals\\\/\"]}]}<\/script>\n<!-- \/ Yoast SEO Premium plugin. -->","yoast_head_json":{"title":"Anfrage | Aktiv & Familienhotel Adlernest","robots":{"index":"index","follow":"follow","max-snippet":"max-snippet:-1","max-image-preview":"max-image-preview:large","max-video-preview":"max-video-preview:-1"},"canonical":"https:\/\/www.adlernest.com\/de\/anfrage","og_locale":"de_DE","og_type":"article","og_title":"Anfrage","og_description":"Dein pers\u00f6nliches Urlaubsangebot UNVERBINDLICHE ANFRAGE Du m\u00f6chtest eine entspannte Auszeit verbringen und uns im Adlernest besuchen? F\u00fcll einfach das unten stehende Formular aus! Gerne schicken wir dir so schnell wie m\u00f6glich unser bestes Angebot.","og_url":"https:\/\/www.adlernest.com\/de\/anfrage","og_site_name":"Adlernest","article_publisher":"https:\/\/de-de.facebook.com\/adlernest","article_modified_time":"2025-12-15T13:57:05+00:00","og_image":[{"width":381,"height":382,"url":"https:\/\/www.adlernest.com\/wp-content\/uploads\/2023\/10\/Rectangle-1.jpg","type":"image\/jpeg"}],"twitter_card":"summary_large_image","twitter_misc":{"Gesch\u00e4tzte Lesezeit":"1\u00a0Minute"},"schema":{"@context":"https:\/\/schema.org","@graph":[{"@type":"WebPage","@id":"https:\/\/www.adlernest.com\/de\/anfrage","url":"https:\/\/www.adlernest.com\/de\/anfrage","name":"Anfrage | Aktiv & Familienhotel Adlernest","isPartOf":{"@id":"https:\/\/www.adlernest.com\/de\/#website"},"datePublished":"2023-06-07T11:37:12+00:00","dateModified":"2025-12-15T13:57:05+00:00","breadcrumb":{"@id":"https:\/\/www.adlernest.com\/de\/anfrage#breadcrumb"},"inLanguage":"de","potentialAction":[{"@type":"ReadAction","target":["https:\/\/www.adlernest.com\/de\/anfrage"]}]},{"@type":"BreadcrumbList","@id":"https:\/\/www.adlernest.com\/de\/anfrage#breadcrumb","itemListElement":[{"@type":"ListItem","position":1,"name":"Home","item":"https:\/\/www.adlernest.com\/de"},{"@type":"ListItem","position":2,"name":"Anfrage"}]},{"@type":"WebSite","@id":"https:\/\/www.adlernest.com\/de\/#website","url":"https:\/\/www.adlernest.com\/de\/","name":"Aktiv & Familienhotel Adlernest","description":"","publisher":{"@id":"https:\/\/www.adlernest.com\/de\/#organization"},"alternateName":"Familienhotel im Schnalstal","potentialAction":[{"@type":"SearchAction","target":{"@type":"EntryPoint","urlTemplate":"https:\/\/www.adlernest.com\/de\/?s={search_term_string}"},"query-input":{"@type":"PropertyValueSpecification","valueRequired":true,"valueName":"search_term_string"}}],"inLanguage":"de"},{"@type":"Organization","@id":"https:\/\/www.adlernest.com\/de\/#organization","name":"Adlernest","url":"https:\/\/www.adlernest.com\/de\/","logo":{"@type":"ImageObject","inLanguage":"de","@id":"https:\/\/www.adlernest.com\/de\/#\/schema\/logo\/image\/","url":"https:\/\/www.adlernest.com\/wp-content\/uploads\/2023\/10\/Ebene_1.svg","contentUrl":"https:\/\/www.adlernest.com\/wp-content\/uploads\/2023\/10\/Ebene_1.svg","width":47,"height":54,"caption":"Adlernest"},"image":{"@id":"https:\/\/www.adlernest.com\/de\/#\/schema\/logo\/image\/"},"sameAs":["https:\/\/de-de.facebook.com\/adlernest","https:\/\/www.instagram.com\/adlernest_schnals\/"]}]}},"_links":{"self":[{"href":"https:\/\/www.adlernest.com\/de\/wp-json\/wp\/v2\/pages\/158","targetHints":{"allow":["GET"]}}],"collection":[{"href":"https:\/\/www.adlernest.com\/de\/wp-json\/wp\/v2\/pages"}],"about":[{"href":"https:\/\/www.adlernest.com\/de\/wp-json\/wp\/v2\/types\/page"}],"author":[{"embeddable":true,"href":"https:\/\/www.adlernest.com\/de\/wp-json\/wp\/v2\/users\/2"}],"replies":[{"embeddable":true,"href":"https:\/\/www.adlernest.com\/de\/wp-json\/wp\/v2\/comments?post=158"}],"version-history":[{"count":46,"href":"https:\/\/www.adlernest.com\/de\/wp-json\/wp\/v2\/pages\/158\/revisions"}],"predecessor-version":[{"id":19605,"href":"https:\/\/www.adlernest.com\/de\/wp-json\/wp\/v2\/pages\/158\/revisions\/19605"}],"wp:attachment":[{"href":"https:\/\/www.adlernest.com\/de\/wp-json\/wp\/v2\/media?parent=158"}],"curies":[{"name":"wp","href":"https:\/\/api.w.org\/{rel}","templated":true}]}}