{"id":160,"date":"2023-06-07T13:37:24","date_gmt":"2023-06-07T11:37:24","guid":{"rendered":"https:\/\/www.adlernest.com\/?page_id=160"},"modified":"2024-07-19T11:21:05","modified_gmt":"2024-07-19T09:21:05","slug":"anreise","status":"publish","type":"page","link":"https:\/\/www.adlernest.com\/de\/anreise","title":{"rendered":"Anreise"},"content":{"rendered":"\t\t<div data-elementor-type=\"wp-page\" data-elementor-id=\"160\" class=\"elementor elementor-160\" data-elementor-post-type=\"page\">\n\t\t\t\t\t\t<section class=\"elementor-section elementor-top-section elementor-element elementor-element-2415d9e elementor-section-full_width elementor-section-height-default elementor-section-height-default\" data-id=\"2415d9e\" data-element_type=\"section\" data-e-type=\"section\">\n\t\t\t\t\t\t<div class=\"elementor-container elementor-column-gap-default\">\n\t\t\t\t\t<div class=\"elementor-column elementor-col-100 elementor-top-column elementor-element elementor-element-f0c0106\" data-id=\"f0c0106\" data-element_type=\"column\" data-e-type=\"column\">\n\t\t\t<div class=\"elementor-widget-wrap elementor-element-populated\">\n\t\t\t\t\t\t<div class=\"elementor-element elementor-element-914043a elementor-widget elementor-widget-google_maps\" data-id=\"914043a\" data-element_type=\"widget\" data-e-type=\"widget\" data-widget_type=\"google_maps.default\">\n\t\t\t\t<div class=\"elementor-widget-container\">\n\t\t\t\t\t\t\t<div class=\"elementor-custom-embed\">\n\t\t\t<iframe loading=\"lazy\"\n\t\t\t\t\tsrc=\"https:\/\/maps.google.com\/maps?q=Unser%20Frau%2026%2C%2039020%20Schnals%2C%20Italy&#038;t=m&#038;z=10&#038;output=embed&#038;iwloc=near\"\n\t\t\t\t\ttitle=\"Unser Frau 26, 39020 Schnals, Italy\"\n\t\t\t\t\taria-label=\"Unser Frau 26, 39020 Schnals, Italy\"\n\t\t\t><\/iframe>\n\t\t<\/div>\n\t\t\t\t\t\t<\/div>\n\t\t\t\t<\/div>\n\t\t\t\t\t<\/div>\n\t\t<\/div>\n\t\t\t\t\t<\/div>\n\t\t<\/section>\n\t\t\t\t<section class=\"elementor-section elementor-top-section elementor-element elementor-element-481da55a elementor-section-boxed elementor-section-height-default elementor-section-height-default\" data-id=\"481da55a\" data-element_type=\"section\" data-e-type=\"section\">\n\t\t\t\t\t\t<div class=\"elementor-container elementor-column-gap-no\">\n\t\t\t\t\t<div class=\"elementor-column elementor-col-100 elementor-top-column elementor-element elementor-element-29fefc69\" data-id=\"29fefc69\" data-element_type=\"column\" data-e-type=\"column\">\n\t\t\t<div class=\"elementor-widget-wrap elementor-element-populated\">\n\t\t\t\t\t\t<div class=\"elementor-element elementor-element-787f53d6 elementor-align-left elementor-widget elementor-widget-breadcrumbs\" data-id=\"787f53d6\" data-element_type=\"widget\" data-e-type=\"widget\" data-widget_type=\"breadcrumbs.default\">\n\t\t\t\t<div class=\"elementor-widget-container\">\n\t\t\t\t\t<p id=\"breadcrumbs\"><span><span><a href=\"https:\/\/www.adlernest.com\/de\">Home<\/a><\/span><\/span><\/p>\t\t\t\t<\/div>\n\t\t\t\t<\/div>\n\t\t\t\t\t<\/div>\n\t\t<\/div>\n\t\t\t\t\t<\/div>\n\t\t<\/section>\n\t\t\t\t<section class=\"elementor-section elementor-top-section elementor-element elementor-element-bfff820 elementor-section-boxed elementor-section-height-default elementor-section-height-default\" data-id=\"bfff820\" data-element_type=\"section\" data-e-type=\"section\">\n\t\t\t\t\t\t<div class=\"elementor-container elementor-column-gap-default\">\n\t\t\t\t\t<div class=\"elementor-column elementor-col-100 elementor-top-column elementor-element elementor-element-72ae1783\" data-id=\"72ae1783\" data-element_type=\"column\" data-e-type=\"column\">\n\t\t\t<div class=\"elementor-widget-wrap elementor-element-populated\">\n\t\t\t\t\t\t<div class=\"elementor-element elementor-element-bca7c58 elementor-widget elementor-widget-spacer\" data-id=\"bca7c58\" data-element_type=\"widget\" data-e-type=\"widget\" data-widget_type=\"spacer.default\">\n\t\t\t\t<div class=\"elementor-widget-container\">\n\t\t\t\t\t\t\t<div class=\"elementor-spacer\">\n\t\t\t<div class=\"elementor-spacer-inner\"><\/div>\n\t\t<\/div>\n\t\t\t\t\t\t<\/div>\n\t\t\t\t<\/div>\n\t\t\t\t<div class=\"elementor-element elementor-element-1b3efb07 elementor-widget elementor-widget-heading\" data-id=\"1b3efb07\" data-element_type=\"widget\" data-e-type=\"widget\" data-widget_type=\"heading.default\">\n\t\t\t\t<div class=\"elementor-widget-container\">\n\t\t\t\t\t<h1 class=\"elementor-heading-title elementor-size-default\">DEIN WEG INS ADLERNEST<\/h1>\t\t\t\t<\/div>\n\t\t\t\t<\/div>\n\t\t\t\t<div class=\"elementor-element elementor-element-60711ace elementor-widget elementor-widget-heading\" data-id=\"60711ace\" data-element_type=\"widget\" data-e-type=\"widget\" data-widget_type=\"heading.default\">\n\t\t\t\t<div class=\"elementor-widget-container\">\n\t\t\t\t\t<h2 class=\"elementor-heading-title elementor-size-default\">DIE BESTEN ROUTEN\n<\/h2>\t\t\t\t<\/div>\n\t\t\t\t<\/div>\n\t\t\t\t<div class=\"elementor-element elementor-element-126bb4ed elementor-widget elementor-widget-text-editor\" data-id=\"126bb4ed\" data-element_type=\"widget\" data-e-type=\"widget\" data-widget_type=\"text-editor.default\">\n\t\t\t\t<div class=\"elementor-widget-container\">\n\t\t\t\t\t\t\t\t\t<p><span style=\"font-size: 16px;\">Ein chilliger Urlaub beginnt meist mit einer gem\u00fctlichen, stressfreien Anreise. Wir haben f\u00fcr dich die besten Routen ausgearbeitet, damit du sicher zu uns ins Adlernest findest.<\/span><\/p>\n<div>\n<p>Bis bald, wir freuen uns auf dich!<\/p>\n<p><\/p>\n<p><b style=\"color: var( --e-global-color-text );\"><br><\/b><\/p><p><b style=\"color: var( --e-global-color-text );\">Anreise \u00fcber den Reschenpass<\/b><br><\/p>\n<p>Anfahrt \u00fcber die Vinschger Staatsstra\u00dfe. Kurz vor Naturns in das Schnalstal einbiegen, der Stra\u00dfe folgen. Bei der zweiten Ampel an km 14 sehen Sie gleich auf der rechten Seite das Adlernest.<\/p>\n<p><b>&nbsp;<\/b><\/p>\n<p><b>Anreise \u00fcber den Brennerpass<\/b><\/p>\n<p>Bei \u201eBozen S\u00fcd&#8221; verl\u00e4sst du die Brennerautobahn. Biege in die Schnellstra\u00dfe Meran-Bozen ein, fahre in Richtung Meran und anschlie\u00dfend weiter in Richtung Reschenpass. Nach dem gro\u00dfen Tunnel bei Naturns rechts in das Tal einbiegen und der Stra\u00dfe folgen. Bei der zweiten Ampel an km 14 siehst du gleich auf der rechten Seite das Adlernest.<\/p>\n<p><b style=\"color: var( --e-global-color-text );\">&nbsp;<\/b><\/p>\n<p><b style=\"color: var( --e-global-color-text );\">Anreise mit dem Flugzeug<\/b><\/p>\n<p>Die regionale Fluglinie SkyAlps bringt dich direkt von Berlin, Hamburg, D\u00fcsseldorf, Stuttgart oder Kassel nach Bozen. Am Bahnhof steigst du ins Flughafenshuttle oder in die Busse von S\u00fcdtirol Transfer, die dich bequem zu uns bringen. Wenn du dein Gep\u00e4ck nicht mitschleppen m\u00f6chtest, stehen dir hierf\u00fcr Dienstleister zur Verf\u00fcgung, die Koffer und Bike direkt zu uns liefern. Sorgloser kann deine Anreise gar nicht sein! Alle Infos zur Anreise mit dem Flugzeug findest du <a href=\"https:\/\/www.merano-suedtirol.it\/de\/schnalstal\/info-service\/informationen\/lage-anreise\/anreise-mit-dem-flugzeug.html\">hier<\/a>.<\/p>\n<p><\/p>\n<p><span style=\"color: var( --e-global-color-text );\"><b><br><\/b><\/span><\/p>\n<p><span style=\"color: var( --e-global-color-text );\"><b>Anreise mit Bus oder Zug<\/b><\/span><\/p>\n<p>Ob mit dem Nachtzug aus Hamburg oder mit dem Direktzug aus Wien \u2013 S\u00fcdtirol ist bestens an das \u00f6ffentliche Verkehrsnetz angeschlossen. Auch Fernbusse bringen dich schnell und unkompliziert zu uns. An deiner Haltestelle angekommen, holt dich S\u00fcdtirol Transfer ab und chauffiert dich direkt ins Adlernest. Weitere Infos findest du <a href=\"https:\/\/www.suedtirol.info\/de\/de\/information\/mobilitaet-und-barrierefreiheit\/mobilitaet-in-suedtirol\">hier<\/a>.<\/p>\n<div>&nbsp;<\/div>\n<p><b style=\"color: var( --e-global-color-text );\">Unsere GPS-Koordinaten:<\/b><\/p>\n<p>Breite N: 46.72573471<br>L\u00e4nge: 10.85776424<\/p>\n<p><b><br>N\u00fctzliche Links f\u00fcr Ihre Anreise<\/b><\/p>\n<p><a title=\"Routenplaner\" href=\"https:\/\/route.web.de\/\" target=\"_blank\" rel=\"noopener\">Routenplaner<\/a><br><a title=\"Bahnverbindung \u00d6sterreich\" href=\"https:\/\/www.oebb.at\/de\/\" target=\"_blank\" rel=\"noopener\">Bahnverbindung \u00d6sterreich<\/a><br><a title=\"Bahnverbindung Deutschland\" href=\"https:\/\/www.bahn.de\/p\/view\/index.shtml\" target=\"_blank\" rel=\"noopener\">Bahnverbindung Deutschland<\/a><br><a title=\"Bahnverbindung Schweiz\" href=\"https:\/\/www.rhb.ch\/de\/home\" target=\"_blank\" rel=\"noopener\">Bahnverbindung Schweiz<\/a><br><a title=\"Busverbindung S\u00fcdtirol\" href=\"https:\/\/www.sad.it\/de\" target=\"_blank\" rel=\"noopener\">Busverbindung S\u00fcdtirol<\/a><\/p>\n<\/div>\t\t\t\t\t\t\t\t<\/div>\n\t\t\t\t<\/div>\n\t\t\t\t<div class=\"elementor-element elementor-element-80b62fc elementor-widget elementor-widget-spacer\" data-id=\"80b62fc\" data-element_type=\"widget\" data-e-type=\"widget\" data-widget_type=\"spacer.default\">\n\t\t\t\t<div class=\"elementor-widget-container\">\n\t\t\t\t\t\t\t<div class=\"elementor-spacer\">\n\t\t\t<div class=\"elementor-spacer-inner\"><\/div>\n\t\t<\/div>\n\t\t\t\t\t\t<\/div>\n\t\t\t\t<\/div>\n\t\t\t\t\t<\/div>\n\t\t<\/div>\n\t\t\t\t\t<\/div>\n\t\t<\/section>\n\t\t\t\t<\/div>\n\t\t","protected":false},"excerpt":{"rendered":"<p>DEIN WEG INS ADLERNEST DIE BESTEN ROUTEN Ein chilliger Urlaub beginnt meist mit einer gem\u00fctlichen, stressfreien Anreise. Wir haben f\u00fcr dich die besten Routen ausgearbeitet, damit du sicher zu uns ins Adlernest findest. Bis bald, wir freuen uns auf dich! Anreise \u00fcber den Reschenpass Anfahrt \u00fcber die Vinschger Staatsstra\u00dfe. Kurz vor Naturns in das Schnalstal [&hellip;]<\/p>\n","protected":false},"author":2,"featured_media":0,"parent":0,"menu_order":0,"comment_status":"closed","ping_status":"closed","template":"","meta":{"_acf_changed":false,"footnotes":""},"class_list":["post-160","page","type-page","status-publish","hentry"],"acf":[],"yoast_head":"<!-- This site is optimized with the Yoast SEO Premium plugin v27.0 (Yoast SEO v27.3) - https:\/\/yoast.com\/product\/yoast-seo-premium-wordpress\/ -->\n<title>Anreise | Aktiv &amp; Familienhotel Adlernest<\/title>\n<meta name=\"robots\" content=\"index, follow, max-snippet:-1, max-image-preview:large, max-video-preview:-1\" \/>\n<link rel=\"canonical\" href=\"https:\/\/www.adlernest.com\/de\/anreise\" \/>\n<meta property=\"og:locale\" content=\"de_DE\" \/>\n<meta property=\"og:type\" content=\"article\" \/>\n<meta property=\"og:title\" content=\"Anreise\" \/>\n<meta property=\"og:description\" content=\"DEIN WEG INS ADLERNEST DIE BESTEN ROUTEN Ein chilliger Urlaub beginnt meist mit einer gem\u00fctlichen, stressfreien Anreise. Wir haben f\u00fcr dich die besten Routen ausgearbeitet, damit du sicher zu uns ins Adlernest findest. Bis bald, wir freuen uns auf dich! Anreise \u00fcber den Reschenpass Anfahrt \u00fcber die Vinschger Staatsstra\u00dfe. Kurz vor Naturns in das Schnalstal [&hellip;]\" \/>\n<meta property=\"og:url\" content=\"https:\/\/www.adlernest.com\/de\/anreise\" \/>\n<meta property=\"og:site_name\" content=\"Adlernest\" \/>\n<meta property=\"article:publisher\" content=\"https:\/\/de-de.facebook.com\/adlernest\" \/>\n<meta property=\"article:modified_time\" content=\"2024-07-19T09:21:05+00:00\" \/>\n<meta property=\"og:image\" content=\"https:\/\/www.adlernest.com\/wp-content\/uploads\/2023\/10\/Rectangle-1.jpg\" \/>\n\t<meta property=\"og:image:width\" content=\"381\" \/>\n\t<meta property=\"og:image:height\" content=\"382\" \/>\n\t<meta property=\"og:image:type\" content=\"image\/jpeg\" \/>\n<meta name=\"twitter:card\" content=\"summary_large_image\" \/>\n<meta name=\"twitter:label1\" content=\"Gesch\u00e4tzte Lesezeit\" \/>\n\t<meta name=\"twitter:data1\" content=\"2\u00a0Minuten\" \/>\n<script type=\"application\/ld+json\" class=\"yoast-schema-graph\">{\"@context\":\"https:\\\/\\\/schema.org\",\"@graph\":[{\"@type\":\"WebPage\",\"@id\":\"https:\\\/\\\/www.adlernest.com\\\/de\\\/anreise\",\"url\":\"https:\\\/\\\/www.adlernest.com\\\/de\\\/anreise\",\"name\":\"Anreise | Aktiv & Familienhotel Adlernest\",\"isPartOf\":{\"@id\":\"https:\\\/\\\/www.adlernest.com\\\/de\\\/#website\"},\"datePublished\":\"2023-06-07T11:37:24+00:00\",\"dateModified\":\"2024-07-19T09:21:05+00:00\",\"breadcrumb\":{\"@id\":\"https:\\\/\\\/www.adlernest.com\\\/de\\\/anreise#breadcrumb\"},\"inLanguage\":\"de\",\"potentialAction\":[{\"@type\":\"ReadAction\",\"target\":[\"https:\\\/\\\/www.adlernest.com\\\/de\\\/anreise\"]}]},{\"@type\":\"BreadcrumbList\",\"@id\":\"https:\\\/\\\/www.adlernest.com\\\/de\\\/anreise#breadcrumb\",\"itemListElement\":[{\"@type\":\"ListItem\",\"position\":1,\"name\":\"Home\",\"item\":\"https:\\\/\\\/www.adlernest.com\\\/de\"},{\"@type\":\"ListItem\",\"position\":2,\"name\":\"Anreise\"}]},{\"@type\":\"WebSite\",\"@id\":\"https:\\\/\\\/www.adlernest.com\\\/de\\\/#website\",\"url\":\"https:\\\/\\\/www.adlernest.com\\\/de\\\/\",\"name\":\"Aktiv & Familienhotel Adlernest\",\"description\":\"\",\"publisher\":{\"@id\":\"https:\\\/\\\/www.adlernest.com\\\/de\\\/#organization\"},\"alternateName\":\"Familienhotel im Schnalstal\",\"potentialAction\":[{\"@type\":\"SearchAction\",\"target\":{\"@type\":\"EntryPoint\",\"urlTemplate\":\"https:\\\/\\\/www.adlernest.com\\\/de\\\/?s={search_term_string}\"},\"query-input\":{\"@type\":\"PropertyValueSpecification\",\"valueRequired\":true,\"valueName\":\"search_term_string\"}}],\"inLanguage\":\"de\"},{\"@type\":\"Organization\",\"@id\":\"https:\\\/\\\/www.adlernest.com\\\/de\\\/#organization\",\"name\":\"Adlernest\",\"url\":\"https:\\\/\\\/www.adlernest.com\\\/de\\\/\",\"logo\":{\"@type\":\"ImageObject\",\"inLanguage\":\"de\",\"@id\":\"https:\\\/\\\/www.adlernest.com\\\/de\\\/#\\\/schema\\\/logo\\\/image\\\/\",\"url\":\"https:\\\/\\\/www.adlernest.com\\\/wp-content\\\/uploads\\\/2023\\\/10\\\/Ebene_1.svg\",\"contentUrl\":\"https:\\\/\\\/www.adlernest.com\\\/wp-content\\\/uploads\\\/2023\\\/10\\\/Ebene_1.svg\",\"width\":47,\"height\":54,\"caption\":\"Adlernest\"},\"image\":{\"@id\":\"https:\\\/\\\/www.adlernest.com\\\/de\\\/#\\\/schema\\\/logo\\\/image\\\/\"},\"sameAs\":[\"https:\\\/\\\/de-de.facebook.com\\\/adlernest\",\"https:\\\/\\\/www.instagram.com\\\/adlernest_schnals\\\/\"]}]}<\/script>\n<!-- \/ Yoast SEO Premium plugin. -->","yoast_head_json":{"title":"Anreise | Aktiv & Familienhotel Adlernest","robots":{"index":"index","follow":"follow","max-snippet":"max-snippet:-1","max-image-preview":"max-image-preview:large","max-video-preview":"max-video-preview:-1"},"canonical":"https:\/\/www.adlernest.com\/de\/anreise","og_locale":"de_DE","og_type":"article","og_title":"Anreise","og_description":"DEIN WEG INS ADLERNEST DIE BESTEN ROUTEN Ein chilliger Urlaub beginnt meist mit einer gem\u00fctlichen, stressfreien Anreise. Wir haben f\u00fcr dich die besten Routen ausgearbeitet, damit du sicher zu uns ins Adlernest findest. Bis bald, wir freuen uns auf dich! Anreise \u00fcber den Reschenpass Anfahrt \u00fcber die Vinschger Staatsstra\u00dfe. Kurz vor Naturns in das Schnalstal [&hellip;]","og_url":"https:\/\/www.adlernest.com\/de\/anreise","og_site_name":"Adlernest","article_publisher":"https:\/\/de-de.facebook.com\/adlernest","article_modified_time":"2024-07-19T09:21:05+00:00","og_image":[{"width":381,"height":382,"url":"https:\/\/www.adlernest.com\/wp-content\/uploads\/2023\/10\/Rectangle-1.jpg","type":"image\/jpeg"}],"twitter_card":"summary_large_image","twitter_misc":{"Gesch\u00e4tzte Lesezeit":"2\u00a0Minuten"},"schema":{"@context":"https:\/\/schema.org","@graph":[{"@type":"WebPage","@id":"https:\/\/www.adlernest.com\/de\/anreise","url":"https:\/\/www.adlernest.com\/de\/anreise","name":"Anreise | Aktiv & Familienhotel Adlernest","isPartOf":{"@id":"https:\/\/www.adlernest.com\/de\/#website"},"datePublished":"2023-06-07T11:37:24+00:00","dateModified":"2024-07-19T09:21:05+00:00","breadcrumb":{"@id":"https:\/\/www.adlernest.com\/de\/anreise#breadcrumb"},"inLanguage":"de","potentialAction":[{"@type":"ReadAction","target":["https:\/\/www.adlernest.com\/de\/anreise"]}]},{"@type":"BreadcrumbList","@id":"https:\/\/www.adlernest.com\/de\/anreise#breadcrumb","itemListElement":[{"@type":"ListItem","position":1,"name":"Home","item":"https:\/\/www.adlernest.com\/de"},{"@type":"ListItem","position":2,"name":"Anreise"}]},{"@type":"WebSite","@id":"https:\/\/www.adlernest.com\/de\/#website","url":"https:\/\/www.adlernest.com\/de\/","name":"Aktiv & Familienhotel Adlernest","description":"","publisher":{"@id":"https:\/\/www.adlernest.com\/de\/#organization"},"alternateName":"Familienhotel im Schnalstal","potentialAction":[{"@type":"SearchAction","target":{"@type":"EntryPoint","urlTemplate":"https:\/\/www.adlernest.com\/de\/?s={search_term_string}"},"query-input":{"@type":"PropertyValueSpecification","valueRequired":true,"valueName":"search_term_string"}}],"inLanguage":"de"},{"@type":"Organization","@id":"https:\/\/www.adlernest.com\/de\/#organization","name":"Adlernest","url":"https:\/\/www.adlernest.com\/de\/","logo":{"@type":"ImageObject","inLanguage":"de","@id":"https:\/\/www.adlernest.com\/de\/#\/schema\/logo\/image\/","url":"https:\/\/www.adlernest.com\/wp-content\/uploads\/2023\/10\/Ebene_1.svg","contentUrl":"https:\/\/www.adlernest.com\/wp-content\/uploads\/2023\/10\/Ebene_1.svg","width":47,"height":54,"caption":"Adlernest"},"image":{"@id":"https:\/\/www.adlernest.com\/de\/#\/schema\/logo\/image\/"},"sameAs":["https:\/\/de-de.facebook.com\/adlernest","https:\/\/www.instagram.com\/adlernest_schnals\/"]}]}},"_links":{"self":[{"href":"https:\/\/www.adlernest.com\/de\/wp-json\/wp\/v2\/pages\/160","targetHints":{"allow":["GET"]}}],"collection":[{"href":"https:\/\/www.adlernest.com\/de\/wp-json\/wp\/v2\/pages"}],"about":[{"href":"https:\/\/www.adlernest.com\/de\/wp-json\/wp\/v2\/types\/page"}],"author":[{"embeddable":true,"href":"https:\/\/www.adlernest.com\/de\/wp-json\/wp\/v2\/users\/2"}],"replies":[{"embeddable":true,"href":"https:\/\/www.adlernest.com\/de\/wp-json\/wp\/v2\/comments?post=160"}],"version-history":[{"count":28,"href":"https:\/\/www.adlernest.com\/de\/wp-json\/wp\/v2\/pages\/160\/revisions"}],"predecessor-version":[{"id":12970,"href":"https:\/\/www.adlernest.com\/de\/wp-json\/wp\/v2\/pages\/160\/revisions\/12970"}],"wp:attachment":[{"href":"https:\/\/www.adlernest.com\/de\/wp-json\/wp\/v2\/media?parent=160"}],"curies":[{"name":"wp","href":"https:\/\/api.w.org\/{rel}","templated":true}]}}