{"id":166,"date":"2023-06-07T13:37:45","date_gmt":"2023-06-07T11:37:45","guid":{"rendered":"https:\/\/www.adlernest.com\/?page_id=166"},"modified":"2025-09-15T15:18:24","modified_gmt":"2025-09-15T13:18:24","slug":"faq","status":"publish","type":"page","link":"https:\/\/www.adlernest.com\/de\/100-living\/faq","title":{"rendered":"FAQ"},"content":{"rendered":"\t\t<div data-elementor-type=\"wp-page\" data-elementor-id=\"166\" class=\"elementor elementor-166\" data-elementor-post-type=\"page\">\n\t\t\t\t\t\t<section class=\"elementor-section elementor-top-section elementor-element elementor-element-709ab549 elementor-section-full_width elementor-section-height-min-height elementor-section-height-default elementor-section-items-middle\" data-id=\"709ab549\" data-element_type=\"section\" data-e-type=\"section\" data-settings=\"{&quot;background_background&quot;:&quot;classic&quot;}\">\n\t\t\t\t\t\t<div class=\"elementor-container elementor-column-gap-no\">\n\t\t\t\t\t<div class=\"elementor-column elementor-col-100 elementor-top-column elementor-element elementor-element-2470e8ac\" data-id=\"2470e8ac\" data-element_type=\"column\" data-e-type=\"column\">\n\t\t\t<div class=\"elementor-widget-wrap elementor-element-populated\">\n\t\t\t\t\t\t<div class=\"elementor-element elementor-element-72b06cff elementor--h-position-center elementor--v-position-middle elementor-pagination-position-inside elementor-widget elementor-widget-slides\" data-id=\"72b06cff\" data-element_type=\"widget\" data-e-type=\"widget\" data-settings=\"{&quot;navigation&quot;:&quot;dots&quot;,&quot;autoplay&quot;:&quot;yes&quot;,&quot;pause_on_hover&quot;:&quot;yes&quot;,&quot;pause_on_interaction&quot;:&quot;yes&quot;,&quot;autoplay_speed&quot;:5000,&quot;infinite&quot;:&quot;yes&quot;,&quot;transition&quot;:&quot;slide&quot;,&quot;transition_speed&quot;:500}\" data-widget_type=\"slides.default\">\n\t\t\t\t<div class=\"elementor-widget-container\">\n\t\t\t\t\t\t\t\t\t<div class=\"elementor-swiper\">\n\t\t\t\t\t<div class=\"elementor-slides-wrapper elementor-main-swiper swiper\" role=\"region\" aria-roledescription=\"carousel\" aria-label=\"Slider\" dir=\"ltr\" data-animation=\"fadeInUp\">\n\t\t\t\t<div class=\"swiper-wrapper elementor-slides\">\n\t\t\t\t\t\t\t\t\t\t<div class=\"elementor-repeater-item-a6d75db swiper-slide\" role=\"group\" aria-roledescription=\"slide\"><div class=\"swiper-slide-bg\" role=\"img\" aria-label=\"familientraum-adlernest-1\"><\/div><div class=\"swiper-slide-inner\" ><div class=\"swiper-slide-contents\"><\/div><\/div><\/div><div class=\"elementor-repeater-item-50d0f41 swiper-slide\" role=\"group\" aria-roledescription=\"slide\"><div class=\"swiper-slide-bg\" role=\"img\" aria-label=\"hotel-adlernest-schnalstal-vinschgau-wissenswertes-1\"><\/div><div class=\"swiper-slide-inner\" ><div class=\"swiper-slide-contents\"><\/div><\/div><\/div><div class=\"elementor-repeater-item-d845296 swiper-slide\" role=\"group\" aria-roledescription=\"slide\"><div class=\"swiper-slide-bg\" role=\"img\" aria-label=\"hotel-adlernest-schnalstal-vinschgau-wissenswertes-1\"><\/div><div class=\"swiper-slide-inner\" ><div class=\"swiper-slide-contents\"><\/div><\/div><\/div>\t\t\t\t<\/div>\n\t\t\t\t\t\t\t\t\t\t\t\t\t\t\t\t\t\t\t\t<div class=\"swiper-pagination\"><\/div>\n\t\t\t\t\t\t\t\t\t\t\t\t<\/div>\n\t\t\t\t<\/div>\n\t\t\t\t\t\t\t\t<\/div>\n\t\t\t\t<\/div>\n\t\t\t\t<div class=\"elementor-element elementor-element-2f135e42 elementor-view-default elementor-widget elementor-widget-icon\" data-id=\"2f135e42\" data-element_type=\"widget\" data-e-type=\"widget\" data-widget_type=\"icon.default\">\n\t\t\t\t<div class=\"elementor-widget-container\">\n\t\t\t\t\t\t\t<div class=\"elementor-icon-wrapper\">\n\t\t\t<a class=\"elementor-icon\" href=\"#inhaltsbereich\">\n\t\t\t<svg xmlns=\"http:\/\/www.w3.org\/2000\/svg\" xmlns:xlink=\"http:\/\/www.w3.org\/1999\/xlink\" width=\"48\" height=\"47.284\" viewBox=\"0 0 48 47.284\"><defs><clipPath id=\"clip-path\"><rect id=\"Rechteck_1\" data-name=\"Rechteck 1\" width=\"48\" height=\"47.284\" transform=\"translate(0 0)\" fill=\"none\"><\/rect><\/clipPath><\/defs><g id=\"Gruppe_2\" data-name=\"Gruppe 2\" transform=\"translate(0 0)\"><g id=\"Gruppe_1\" data-name=\"Gruppe 1\" clip-path=\"url(#clip-path)\"><path id=\"Pfad_1\" data-name=\"Pfad 1\" d=\"M48,23.642A23.623,23.623,0,0,1,24.4,47.284h-.743A23.642,23.642,0,0,1,23.652,0h.706A23.623,23.623,0,0,1,48,23.6v.037\" fill=\"#fff\"><\/path><path id=\"Pfad_2\" data-name=\"Pfad 2\" d=\"M32,20.392l-1.5-1.5-6.5,6.5-6.5-6.5-1.5,1.5,8,8Z\" fill=\"#b8700b\"><\/path><path id=\"Pfad_3\" data-name=\"Pfad 3\" d=\"M41,23.642a16.738,16.738,0,0,1-16.725,16.75h-.526a16.75,16.75,0,0,1,0-33.5h.5A16.738,16.738,0,0,1,41,23.616v.026m-32,0a14.751,14.751,0,0,0,14.75,14.75h.5a14.75,14.75,0,1,0,0-29.5h-.5A14.751,14.751,0,0,0,9,23.642\" fill=\"#b8700b\"><\/path><\/g><\/g><\/svg>\t\t\t<\/a>\n\t\t<\/div>\n\t\t\t\t\t\t<\/div>\n\t\t\t\t<\/div>\n\t\t\t\t\t<\/div>\n\t\t<\/div>\n\t\t\t\t\t<\/div>\n\t\t<\/section>\n\t\t\t\t<section class=\"elementor-section elementor-top-section elementor-element elementor-element-71cbc2d0 elementor-section-boxed elementor-section-height-default elementor-section-height-default\" data-id=\"71cbc2d0\" data-element_type=\"section\" data-e-type=\"section\">\n\t\t\t\t\t\t<div class=\"elementor-container elementor-column-gap-no\">\n\t\t\t\t\t<div class=\"elementor-column elementor-col-100 elementor-top-column elementor-element elementor-element-7553078d\" data-id=\"7553078d\" data-element_type=\"column\" data-e-type=\"column\">\n\t\t\t<div class=\"elementor-widget-wrap elementor-element-populated\">\n\t\t\t\t\t\t<div class=\"elementor-element elementor-element-e796dcd elementor-align-left elementor-widget elementor-widget-breadcrumbs\" data-id=\"e796dcd\" data-element_type=\"widget\" data-e-type=\"widget\" data-widget_type=\"breadcrumbs.default\">\n\t\t\t\t<div class=\"elementor-widget-container\">\n\t\t\t\t\t<p id=\"breadcrumbs\"><span><span><a href=\"https:\/\/www.adlernest.com\/de\">Home<\/a><\/span><\/span><\/p>\t\t\t\t<\/div>\n\t\t\t\t<\/div>\n\t\t\t\t\t<\/div>\n\t\t<\/div>\n\t\t\t\t\t<\/div>\n\t\t<\/section>\n\t\t\t\t<section class=\"elementor-section elementor-top-section elementor-element elementor-element-1413aded elementor-section-boxed elementor-section-height-default elementor-section-height-default\" data-id=\"1413aded\" data-element_type=\"section\" data-e-type=\"section\">\n\t\t\t\t\t\t<div class=\"elementor-container elementor-column-gap-default\">\n\t\t\t\t\t<div class=\"elementor-column elementor-col-100 elementor-top-column elementor-element elementor-element-5aa32498\" data-id=\"5aa32498\" data-element_type=\"column\" data-e-type=\"column\">\n\t\t\t<div class=\"elementor-widget-wrap elementor-element-populated\">\n\t\t\t\t\t\t<div class=\"elementor-element elementor-element-4230d0e0 elementor-widget elementor-widget-spacer\" data-id=\"4230d0e0\" data-element_type=\"widget\" data-e-type=\"widget\" data-widget_type=\"spacer.default\">\n\t\t\t\t<div class=\"elementor-widget-container\">\n\t\t\t\t\t\t\t<div class=\"elementor-spacer\">\n\t\t\t<div class=\"elementor-spacer-inner\"><\/div>\n\t\t<\/div>\n\t\t\t\t\t\t<\/div>\n\t\t\t\t<\/div>\n\t\t\t\t<div class=\"elementor-element elementor-element-5d03ebb8 elementor-widget elementor-widget-heading\" data-id=\"5d03ebb8\" data-element_type=\"widget\" data-e-type=\"widget\" data-widget_type=\"heading.default\">\n\t\t\t\t<div class=\"elementor-widget-container\">\n\t\t\t\t\t<h1 class=\"elementor-heading-title elementor-size-default\">Wissenswertes<\/h1>\t\t\t\t<\/div>\n\t\t\t\t<\/div>\n\t\t\t\t<div class=\"elementor-element elementor-element-881f6a9 elementor-widget elementor-widget-menu-anchor\" data-id=\"881f6a9\" data-element_type=\"widget\" data-e-type=\"widget\" data-widget_type=\"menu-anchor.default\">\n\t\t\t\t<div class=\"elementor-widget-container\">\n\t\t\t\t\t\t\t<div class=\"elementor-menu-anchor\" id=\"inhaltsbereich\"><\/div>\n\t\t\t\t\t\t<\/div>\n\t\t\t\t<\/div>\n\t\t\t\t<div class=\"elementor-element elementor-element-694e58a0 elementor-widget elementor-widget-heading\" data-id=\"694e58a0\" data-element_type=\"widget\" data-e-type=\"widget\" data-widget_type=\"heading.default\">\n\t\t\t\t<div class=\"elementor-widget-container\">\n\t\t\t\t\t<h2 class=\"elementor-heading-title elementor-size-default\">FAkten &amp; Zahlen <\/h2>\t\t\t\t<\/div>\n\t\t\t\t<\/div>\n\t\t\t\t<div class=\"elementor-element elementor-element-172e9cb elementor-widget elementor-widget-text-editor\" data-id=\"172e9cb\" data-element_type=\"widget\" data-e-type=\"widget\" data-widget_type=\"text-editor.default\">\n\t\t\t\t<div class=\"elementor-widget-container\">\n\t\t\t\t\t\t\t\t\t<h4>\u00a0<\/h4><p>Damit du f\u00fcr deinen Urlaub in unserem 4-Sterne-Familienhotel in S\u00fcdtirol ger\u00fcstet bist, haben wir kurz und b\u00fcndig alle wichtigen Details aufgelistet.<\/p><h4>Zimmer<\/h4><p>Die angef\u00fchrten Preise verstehen sich pro Person inklusive Adlernest-Halbpension und s\u00e4mtlichen Inklusivleistungen.<br \/>Zus\u00e4tzlich zu den angegebenen N\u00e4chtigungspreisen wird eine Ortstaxe pro Person (ab 14 Jahren) und Tag berechnet. Diese wird vor Ort beglichen.<br \/>Alle unsere Zimmer sind mit Dusche, WC, Haartrockner, Balkon, Telefon, SAT-TV, WLAN und Safe ausgestattet. Einige verf\u00fcgen auch \u00fcber eine K\u00fcchenecke (mit Geschirr).<br \/>Wir verf\u00fcgen \u00fcber zwei Einzelzimmer. Sollten diese bereits belegt sein, wird f\u00fcr die Einzelnutzung eines Doppelzimmers ein Zuschlag in H\u00f6he von 70% berechnet.<\/p><h4>Buchung<\/h4><p>F\u00fcr die definitive Buchungsbest\u00e4tigung bitten wir um ein Angeld in H\u00f6he von 30% pro Zimmer.<\/p><h4>Anreise<\/h4><p>Bei Anreisen nach 18 Uhr bitten wir um eine kurze telefonische Mitteilung.<\/p><h4>Verpflegung<\/h4><p>\u2022\u00a0\u00a0 \u00a0\u00dcbernachtungen mit Fr\u00fchst\u00fcck: \u20ac 15 werden vom Halbpensions-Tagespreis abgezogen.<br \/>\u2022\u00a0\u00a0\u00a0 Tagesg\u00e4ste: Fr\u00fchst\u00fcck zu \u20ac 24, 5-G\u00e4nge-Men\u00fc am Abend zu \u20ac 60<\/p><h4>Hunde<\/h4><p>Du willst deinen Vierbeiner mit ins Adlernest nehmen? Kein Problem! Bitte vergiss nicht, eine Decke oder einen Korb mitzunehmen, damit sich dein treuer Gef\u00e4hrte auch im Urlaub wohlf\u00fchlt. Wir ersuchen um Verst\u00e4ndnis, dass wir f\u00fcr deinen Hund \u00a0\u20ac 15 pro Tag (ohne Futter) berechnen und daf\u00fcr, dass er keinen Zutritt zum Speisesaal, Spielzimmer, Fitnessraum, Schwimmbad und Wellnessbereich hat. Kleiner Hinweis: Zum Schutz unserer sensiblen Tier- und Pflanzenwelt besteht auf den meisten Wegen im Schnalstal Leinenpflicht.<\/p><h4>Zahlungsm\u00f6glichkeiten<\/h4><p>Deine Rechnung kannst du mit Bargeld und\/oder Kreditkarte (Mastercard oder Visa) begleichen.<\/p><h4>Stornobedingungen<\/h4><p>Bitte informiere uns rechtzeitig, wenn du deinen Urlaub absagen m\u00f6chtest.<\/p><p>Bei Stornierungen bis zu einem Monat vor deiner Anreise entstehen keine Stornogeb\u00fchren.<br \/>Bei einer Absage zwischen 30 und 15 Tage vor deiner Anreise wird die Anzahlung einbehalten<br \/>Bei einer Absage ab 14 Tage vor Urlaubsantritt, versp\u00e4teter Anreise oder verfr\u00fchter Abreise werden 90% des Aufenthaltspreises berechnet.<br \/>Bei einer Stornierung 3 Tage vor Ankunft wird der gesamte Aufenthaltspreis berechnet.<br \/>Um dich vor eventuellen Stornogeb\u00fchren zu sch\u00fctzen, empfehlen wir den Abschluss unserer Reise-Storno-Schutz-Versicherung.\u00a0<\/p>\t\t\t\t\t\t\t\t<\/div>\n\t\t\t\t<\/div>\n\t\t\t\t\t<\/div>\n\t\t<\/div>\n\t\t\t\t\t<\/div>\n\t\t<\/section>\n\t\t\t\t<section class=\"elementor-section elementor-top-section elementor-element elementor-element-76b106e elementor-section-boxed elementor-section-height-default elementor-section-height-default\" data-id=\"76b106e\" data-element_type=\"section\" data-e-type=\"section\">\n\t\t\t\t\t\t<div class=\"elementor-container elementor-column-gap-no\">\n\t\t\t\t\t<div class=\"elementor-column elementor-col-100 elementor-top-column elementor-element elementor-element-46f50b6\" data-id=\"46f50b6\" data-element_type=\"column\" data-e-type=\"column\">\n\t\t\t<div class=\"elementor-widget-wrap elementor-element-populated\">\n\t\t\t\t\t\t<div class=\"elementor-element elementor-element-3ec74db elementor-widget elementor-widget-html\" data-id=\"3ec74db\" data-element_type=\"widget\" data-e-type=\"widget\" data-widget_type=\"html.default\">\n\t\t\t\t<div class=\"elementor-widget-container\">\n\t\t\t\t\t<div class=\"center\"><div id=\"gt1\" style=\u201cdisplay:block; width:100%;\u201c><\/div><\/div>\n<div id=\"root\" style=\u201cdisplay:block; width:100%;\u201c><\/div>\n<script src=\"https:\/\/widget.giggle.tips\/widget.js?id=gt1&path=adlernest&width=100%&fontCol=575756&btCol=B8700B&font=Lato&lang=de&streams=72e0f443-9a1e-43c0-8c34-5e350707a38a\"><\/script>  \n\n\n\t\t\t\t<\/div>\n\t\t\t\t<\/div>\n\t\t\t\t\t<\/div>\n\t\t<\/div>\n\t\t\t\t\t<\/div>\n\t\t<\/section>\n\t\t\t\t<\/div>\n\t\t","protected":false},"excerpt":{"rendered":"<p>Wissenswertes FAkten &amp; Zahlen \u00a0 Damit du f\u00fcr deinen Urlaub in unserem 4-Sterne-Familienhotel in S\u00fcdtirol ger\u00fcstet bist, haben wir kurz und b\u00fcndig alle wichtigen Details aufgelistet. Zimmer Die angef\u00fchrten Preise verstehen sich pro Person inklusive Adlernest-Halbpension und s\u00e4mtlichen Inklusivleistungen.Zus\u00e4tzlich zu den angegebenen N\u00e4chtigungspreisen wird eine Ortstaxe pro Person (ab 14 Jahren) und Tag berechnet. Diese [&hellip;]<\/p>\n","protected":false},"author":2,"featured_media":280,"parent":108,"menu_order":0,"comment_status":"closed","ping_status":"closed","template":"","meta":{"_acf_changed":false,"footnotes":""},"class_list":["post-166","page","type-page","status-publish","has-post-thumbnail","hentry"],"acf":[],"yoast_head":"<!-- This site is optimized with the Yoast SEO Premium plugin v27.0 (Yoast SEO v27.3) - https:\/\/yoast.com\/product\/yoast-seo-premium-wordpress\/ -->\n<title>Wissenswertes | Urlaub im Schnalstal | Hotel Adlernest<\/title>\n<meta name=\"robots\" content=\"index, follow, max-snippet:-1, max-image-preview:large, max-video-preview:-1\" \/>\n<link rel=\"canonical\" href=\"https:\/\/www.adlernest.com\/de\/100-living\/faq\" \/>\n<meta property=\"og:locale\" content=\"de_DE\" \/>\n<meta property=\"og:type\" content=\"article\" \/>\n<meta property=\"og:title\" content=\"FAQ\" \/>\n<meta property=\"og:description\" content=\"Wissenswertes FAkten &amp; Zahlen \u00a0 Damit du f\u00fcr deinen Urlaub in unserem 4-Sterne-Familienhotel in S\u00fcdtirol ger\u00fcstet bist, haben wir kurz und b\u00fcndig alle wichtigen Details aufgelistet. Zimmer Die angef\u00fchrten Preise verstehen sich pro Person inklusive Adlernest-Halbpension und s\u00e4mtlichen Inklusivleistungen.Zus\u00e4tzlich zu den angegebenen N\u00e4chtigungspreisen wird eine Ortstaxe pro Person (ab 14 Jahren) und Tag berechnet. Diese [&hellip;]\" \/>\n<meta property=\"og:url\" content=\"https:\/\/www.adlernest.com\/de\/100-living\/faq\" \/>\n<meta property=\"og:site_name\" content=\"Adlernest\" \/>\n<meta property=\"article:publisher\" content=\"https:\/\/de-de.facebook.com\/adlernest\" \/>\n<meta property=\"article:modified_time\" content=\"2025-09-15T13:18:24+00:00\" \/>\n<meta property=\"og:image\" content=\"https:\/\/www.adlernest.com\/wp-content\/uploads\/2023\/06\/Kopie-von-PSP_2535.jpg\" \/>\n\t<meta property=\"og:image:width\" content=\"1400\" \/>\n\t<meta property=\"og:image:height\" content=\"932\" \/>\n\t<meta property=\"og:image:type\" content=\"image\/jpeg\" \/>\n<meta name=\"twitter:card\" content=\"summary_large_image\" \/>\n<meta name=\"twitter:label1\" content=\"Gesch\u00e4tzte Lesezeit\" \/>\n\t<meta name=\"twitter:data1\" content=\"7\u00a0Minuten\" \/>\n<script type=\"application\/ld+json\" class=\"yoast-schema-graph\">{\"@context\":\"https:\\\/\\\/schema.org\",\"@graph\":[{\"@type\":\"WebPage\",\"@id\":\"https:\\\/\\\/www.adlernest.com\\\/de\\\/100-living\\\/faq\",\"url\":\"https:\\\/\\\/www.adlernest.com\\\/de\\\/100-living\\\/faq\",\"name\":\"Wissenswertes | Urlaub im Schnalstal | Hotel Adlernest\",\"isPartOf\":{\"@id\":\"https:\\\/\\\/www.adlernest.com\\\/de\\\/#website\"},\"primaryImageOfPage\":{\"@id\":\"https:\\\/\\\/www.adlernest.com\\\/de\\\/100-living\\\/faq#primaryimage\"},\"image\":{\"@id\":\"https:\\\/\\\/www.adlernest.com\\\/de\\\/100-living\\\/faq#primaryimage\"},\"thumbnailUrl\":\"https:\\\/\\\/www.adlernest.com\\\/wp-content\\\/uploads\\\/2023\\\/06\\\/Kopie-von-PSP_2535.jpg\",\"datePublished\":\"2023-06-07T11:37:45+00:00\",\"dateModified\":\"2025-09-15T13:18:24+00:00\",\"breadcrumb\":{\"@id\":\"https:\\\/\\\/www.adlernest.com\\\/de\\\/100-living\\\/faq#breadcrumb\"},\"inLanguage\":\"de\",\"potentialAction\":[{\"@type\":\"ReadAction\",\"target\":[\"https:\\\/\\\/www.adlernest.com\\\/de\\\/100-living\\\/faq\"]}]},{\"@type\":\"ImageObject\",\"inLanguage\":\"de\",\"@id\":\"https:\\\/\\\/www.adlernest.com\\\/de\\\/100-living\\\/faq#primaryimage\",\"url\":\"https:\\\/\\\/www.adlernest.com\\\/wp-content\\\/uploads\\\/2023\\\/06\\\/Kopie-von-PSP_2535.jpg\",\"contentUrl\":\"https:\\\/\\\/www.adlernest.com\\\/wp-content\\\/uploads\\\/2023\\\/06\\\/Kopie-von-PSP_2535.jpg\",\"width\":1400,\"height\":932},{\"@type\":\"BreadcrumbList\",\"@id\":\"https:\\\/\\\/www.adlernest.com\\\/de\\\/100-living\\\/faq#breadcrumb\",\"itemListElement\":[{\"@type\":\"ListItem\",\"position\":1,\"name\":\"Home\",\"item\":\"https:\\\/\\\/www.adlernest.com\\\/de\"},{\"@type\":\"ListItem\",\"position\":2,\"name\":\"100% Living\",\"item\":\"https:\\\/\\\/www.adlernest.com\\\/de\\\/100-living\"},{\"@type\":\"ListItem\",\"position\":3,\"name\":\"FAQ\"}]},{\"@type\":\"WebSite\",\"@id\":\"https:\\\/\\\/www.adlernest.com\\\/de\\\/#website\",\"url\":\"https:\\\/\\\/www.adlernest.com\\\/de\\\/\",\"name\":\"Aktiv & Familienhotel Adlernest\",\"description\":\"\",\"publisher\":{\"@id\":\"https:\\\/\\\/www.adlernest.com\\\/de\\\/#organization\"},\"alternateName\":\"Familienhotel im Schnalstal\",\"potentialAction\":[{\"@type\":\"SearchAction\",\"target\":{\"@type\":\"EntryPoint\",\"urlTemplate\":\"https:\\\/\\\/www.adlernest.com\\\/de\\\/?s={search_term_string}\"},\"query-input\":{\"@type\":\"PropertyValueSpecification\",\"valueRequired\":true,\"valueName\":\"search_term_string\"}}],\"inLanguage\":\"de\"},{\"@type\":\"Organization\",\"@id\":\"https:\\\/\\\/www.adlernest.com\\\/de\\\/#organization\",\"name\":\"Adlernest\",\"url\":\"https:\\\/\\\/www.adlernest.com\\\/de\\\/\",\"logo\":{\"@type\":\"ImageObject\",\"inLanguage\":\"de\",\"@id\":\"https:\\\/\\\/www.adlernest.com\\\/de\\\/#\\\/schema\\\/logo\\\/image\\\/\",\"url\":\"https:\\\/\\\/www.adlernest.com\\\/wp-content\\\/uploads\\\/2023\\\/10\\\/Ebene_1.svg\",\"contentUrl\":\"https:\\\/\\\/www.adlernest.com\\\/wp-content\\\/uploads\\\/2023\\\/10\\\/Ebene_1.svg\",\"width\":47,\"height\":54,\"caption\":\"Adlernest\"},\"image\":{\"@id\":\"https:\\\/\\\/www.adlernest.com\\\/de\\\/#\\\/schema\\\/logo\\\/image\\\/\"},\"sameAs\":[\"https:\\\/\\\/de-de.facebook.com\\\/adlernest\",\"https:\\\/\\\/www.instagram.com\\\/adlernest_schnals\\\/\"]}]}<\/script>\n<!-- \/ Yoast SEO Premium plugin. -->","yoast_head_json":{"title":"Wissenswertes | Urlaub im Schnalstal | Hotel Adlernest","robots":{"index":"index","follow":"follow","max-snippet":"max-snippet:-1","max-image-preview":"max-image-preview:large","max-video-preview":"max-video-preview:-1"},"canonical":"https:\/\/www.adlernest.com\/de\/100-living\/faq","og_locale":"de_DE","og_type":"article","og_title":"FAQ","og_description":"Wissenswertes FAkten &amp; Zahlen \u00a0 Damit du f\u00fcr deinen Urlaub in unserem 4-Sterne-Familienhotel in S\u00fcdtirol ger\u00fcstet bist, haben wir kurz und b\u00fcndig alle wichtigen Details aufgelistet. Zimmer Die angef\u00fchrten Preise verstehen sich pro Person inklusive Adlernest-Halbpension und s\u00e4mtlichen Inklusivleistungen.Zus\u00e4tzlich zu den angegebenen N\u00e4chtigungspreisen wird eine Ortstaxe pro Person (ab 14 Jahren) und Tag berechnet. Diese [&hellip;]","og_url":"https:\/\/www.adlernest.com\/de\/100-living\/faq","og_site_name":"Adlernest","article_publisher":"https:\/\/de-de.facebook.com\/adlernest","article_modified_time":"2025-09-15T13:18:24+00:00","og_image":[{"width":1400,"height":932,"url":"https:\/\/www.adlernest.com\/wp-content\/uploads\/2023\/06\/Kopie-von-PSP_2535.jpg","type":"image\/jpeg"}],"twitter_card":"summary_large_image","twitter_misc":{"Gesch\u00e4tzte Lesezeit":"7\u00a0Minuten"},"schema":{"@context":"https:\/\/schema.org","@graph":[{"@type":"WebPage","@id":"https:\/\/www.adlernest.com\/de\/100-living\/faq","url":"https:\/\/www.adlernest.com\/de\/100-living\/faq","name":"Wissenswertes | Urlaub im Schnalstal | Hotel Adlernest","isPartOf":{"@id":"https:\/\/www.adlernest.com\/de\/#website"},"primaryImageOfPage":{"@id":"https:\/\/www.adlernest.com\/de\/100-living\/faq#primaryimage"},"image":{"@id":"https:\/\/www.adlernest.com\/de\/100-living\/faq#primaryimage"},"thumbnailUrl":"https:\/\/www.adlernest.com\/wp-content\/uploads\/2023\/06\/Kopie-von-PSP_2535.jpg","datePublished":"2023-06-07T11:37:45+00:00","dateModified":"2025-09-15T13:18:24+00:00","breadcrumb":{"@id":"https:\/\/www.adlernest.com\/de\/100-living\/faq#breadcrumb"},"inLanguage":"de","potentialAction":[{"@type":"ReadAction","target":["https:\/\/www.adlernest.com\/de\/100-living\/faq"]}]},{"@type":"ImageObject","inLanguage":"de","@id":"https:\/\/www.adlernest.com\/de\/100-living\/faq#primaryimage","url":"https:\/\/www.adlernest.com\/wp-content\/uploads\/2023\/06\/Kopie-von-PSP_2535.jpg","contentUrl":"https:\/\/www.adlernest.com\/wp-content\/uploads\/2023\/06\/Kopie-von-PSP_2535.jpg","width":1400,"height":932},{"@type":"BreadcrumbList","@id":"https:\/\/www.adlernest.com\/de\/100-living\/faq#breadcrumb","itemListElement":[{"@type":"ListItem","position":1,"name":"Home","item":"https:\/\/www.adlernest.com\/de"},{"@type":"ListItem","position":2,"name":"100% Living","item":"https:\/\/www.adlernest.com\/de\/100-living"},{"@type":"ListItem","position":3,"name":"FAQ"}]},{"@type":"WebSite","@id":"https:\/\/www.adlernest.com\/de\/#website","url":"https:\/\/www.adlernest.com\/de\/","name":"Aktiv & Familienhotel Adlernest","description":"","publisher":{"@id":"https:\/\/www.adlernest.com\/de\/#organization"},"alternateName":"Familienhotel im Schnalstal","potentialAction":[{"@type":"SearchAction","target":{"@type":"EntryPoint","urlTemplate":"https:\/\/www.adlernest.com\/de\/?s={search_term_string}"},"query-input":{"@type":"PropertyValueSpecification","valueRequired":true,"valueName":"search_term_string"}}],"inLanguage":"de"},{"@type":"Organization","@id":"https:\/\/www.adlernest.com\/de\/#organization","name":"Adlernest","url":"https:\/\/www.adlernest.com\/de\/","logo":{"@type":"ImageObject","inLanguage":"de","@id":"https:\/\/www.adlernest.com\/de\/#\/schema\/logo\/image\/","url":"https:\/\/www.adlernest.com\/wp-content\/uploads\/2023\/10\/Ebene_1.svg","contentUrl":"https:\/\/www.adlernest.com\/wp-content\/uploads\/2023\/10\/Ebene_1.svg","width":47,"height":54,"caption":"Adlernest"},"image":{"@id":"https:\/\/www.adlernest.com\/de\/#\/schema\/logo\/image\/"},"sameAs":["https:\/\/de-de.facebook.com\/adlernest","https:\/\/www.instagram.com\/adlernest_schnals\/"]}]}},"_links":{"self":[{"href":"https:\/\/www.adlernest.com\/de\/wp-json\/wp\/v2\/pages\/166","targetHints":{"allow":["GET"]}}],"collection":[{"href":"https:\/\/www.adlernest.com\/de\/wp-json\/wp\/v2\/pages"}],"about":[{"href":"https:\/\/www.adlernest.com\/de\/wp-json\/wp\/v2\/types\/page"}],"author":[{"embeddable":true,"href":"https:\/\/www.adlernest.com\/de\/wp-json\/wp\/v2\/users\/2"}],"replies":[{"embeddable":true,"href":"https:\/\/www.adlernest.com\/de\/wp-json\/wp\/v2\/comments?post=166"}],"version-history":[{"count":64,"href":"https:\/\/www.adlernest.com\/de\/wp-json\/wp\/v2\/pages\/166\/revisions"}],"predecessor-version":[{"id":18551,"href":"https:\/\/www.adlernest.com\/de\/wp-json\/wp\/v2\/pages\/166\/revisions\/18551"}],"up":[{"embeddable":true,"href":"https:\/\/www.adlernest.com\/de\/wp-json\/wp\/v2\/pages\/108"}],"wp:featuredmedia":[{"embeddable":true,"href":"https:\/\/www.adlernest.com\/de\/wp-json\/wp\/v2\/media\/280"}],"wp:attachment":[{"href":"https:\/\/www.adlernest.com\/de\/wp-json\/wp\/v2\/media?parent=166"}],"curies":[{"name":"wp","href":"https:\/\/api.w.org\/{rel}","templated":true}]}}