{"id":172,"date":"2023-06-07T13:38:12","date_gmt":"2023-06-07T11:38:12","guid":{"rendered":"https:\/\/www.adlernest.com\/?page_id=172"},"modified":"2023-11-19T21:04:06","modified_gmt":"2023-11-19T20:04:06","slug":"cookies","status":"publish","type":"page","link":"https:\/\/www.adlernest.com\/de\/cookies","title":{"rendered":"Cookies"},"content":{"rendered":"\t\t<div data-elementor-type=\"wp-page\" data-elementor-id=\"172\" class=\"elementor elementor-172\" data-elementor-post-type=\"page\">\n\t\t\t\t\t\t<section class=\"elementor-section elementor-top-section elementor-element elementor-element-23be594f elementor-section-boxed elementor-section-height-default elementor-section-height-default\" data-id=\"23be594f\" data-element_type=\"section\" data-e-type=\"section\">\n\t\t\t\t\t\t<div class=\"elementor-container elementor-column-gap-no\">\n\t\t\t\t\t<div class=\"elementor-column elementor-col-100 elementor-top-column elementor-element elementor-element-478860a0\" data-id=\"478860a0\" data-element_type=\"column\" data-e-type=\"column\">\n\t\t\t<div class=\"elementor-widget-wrap elementor-element-populated\">\n\t\t\t\t\t\t<div class=\"elementor-element elementor-element-7815aec0 elementor-align-left elementor-widget elementor-widget-breadcrumbs\" data-id=\"7815aec0\" data-element_type=\"widget\" data-e-type=\"widget\" data-widget_type=\"breadcrumbs.default\">\n\t\t\t\t<div class=\"elementor-widget-container\">\n\t\t\t\t\t<p id=\"breadcrumbs\"><span><span><a href=\"https:\/\/www.adlernest.com\/de\">Home<\/a><\/span><\/span><\/p>\t\t\t\t<\/div>\n\t\t\t\t<\/div>\n\t\t\t\t\t<\/div>\n\t\t<\/div>\n\t\t\t\t\t<\/div>\n\t\t<\/section>\n\t\t\t\t<section class=\"elementor-section elementor-top-section elementor-element elementor-element-9a73665 elementor-section-boxed elementor-section-height-default elementor-section-height-default\" data-id=\"9a73665\" data-element_type=\"section\" data-e-type=\"section\">\n\t\t\t\t\t\t<div class=\"elementor-container elementor-column-gap-default\">\n\t\t\t\t\t<div class=\"elementor-column elementor-col-100 elementor-top-column elementor-element elementor-element-2efdc9f1\" data-id=\"2efdc9f1\" data-element_type=\"column\" data-e-type=\"column\">\n\t\t\t<div class=\"elementor-widget-wrap elementor-element-populated\">\n\t\t\t\t\t\t<div class=\"elementor-element elementor-element-5d8c12e1 elementor-widget elementor-widget-spacer\" data-id=\"5d8c12e1\" data-element_type=\"widget\" data-e-type=\"widget\" data-widget_type=\"spacer.default\">\n\t\t\t\t<div class=\"elementor-widget-container\">\n\t\t\t\t\t\t\t<div class=\"elementor-spacer\">\n\t\t\t<div class=\"elementor-spacer-inner\"><\/div>\n\t\t<\/div>\n\t\t\t\t\t\t<\/div>\n\t\t\t\t<\/div>\n\t\t\t\t<div class=\"elementor-element elementor-element-167da8df elementor-widget elementor-widget-heading\" data-id=\"167da8df\" data-element_type=\"widget\" data-e-type=\"widget\" data-widget_type=\"heading.default\">\n\t\t\t\t<div class=\"elementor-widget-container\">\n\t\t\t\t\t<h1 class=\"elementor-heading-title elementor-size-default\">Information \u00fcber Cookies<\/h1>\t\t\t\t<\/div>\n\t\t\t\t<\/div>\n\t\t\t\t<div class=\"elementor-element elementor-element-7a61d6ab elementor-widget elementor-widget-heading\" data-id=\"7a61d6ab\" data-element_type=\"widget\" data-e-type=\"widget\" data-widget_type=\"heading.default\">\n\t\t\t\t<div class=\"elementor-widget-container\">\n\t\t\t\t\t<h2 class=\"elementor-heading-title elementor-size-default\">Was ist ein Cookie?<\/h2>\t\t\t\t<\/div>\n\t\t\t\t<\/div>\n\t\t\t\t<div class=\"elementor-element elementor-element-4adb2457 elementor-widget elementor-widget-text-editor\" data-id=\"4adb2457\" data-element_type=\"widget\" data-e-type=\"widget\" data-widget_type=\"text-editor.default\">\n\t\t\t\t<div class=\"elementor-widget-container\">\n\t\t\t\t\t\t\t\t\t<p>Ein Cookie ist eine kleine Textdatei, die beim Besuch einer Website von Ihrem Internetbrowser heruntergeladen wird. Beim n\u00e4chsten Aufruf dieser Website mit demselben Endger\u00e4t wird das Cookie entweder an die Webseite zur\u00fcckgesandt, die sie erzeugt hat (First Party Cookie) oder an eine andere Webseite gesandt, zu der es geh\u00f6rt (Third Party Cookie). Dadurch erkennt die Website, dass sie mit diesem Browser schon einmal aufgerufen wurde, und kann so die Benutzererfahrung beim erneuten Aufruf verbessern. Cookies erinnern sich z. B. an Ihre Vorlieben und passen die angezeigten Angebote Ihren pers\u00f6nlichen Interessen und Bed\u00fcrfnissen an.\u00a0 Abh\u00e4ngig von ihrer Funktion und ihrem Verwendungszweck k\u00f6nnen Cookies in unterschiedliche Kategorien eingeteilt werden: funktionelle Cookies, Cookies zu Marketingzwecken (Profiling) und Cookies von Drittanbietern.<\/p><p><b>Technische Cookies <\/b><\/p><p>F\u00fcr diese Cookies ist keine Zustimmung des Benutzers notwendig.<\/p><p>Diese Cookies gew\u00e4hrleisten Funktionen, ohne die Sie diese Webseite nicht korrekt nutzen k\u00f6nnen. Diese Cookies werden ausschlie\u00dflich auf dieser Website verwendet und sind deshalb sogenannte First Party Cookies. Sie werden lediglich w\u00e4hrend der aktuellen Session auf Ihrem Computer gespeichert. Zu den technischen Cookies geh\u00f6ren auch die analytischen Cookies, die f\u00fcr Zugriffsstatistiken verwendet werden, die Informationen in allgemeiner Form sammeln und nicht die Identifizierung des Besuchers erm\u00f6glichen.<\/p><p><b>Profiling Cookies <\/b><\/p><p>F\u00fcr diese Cookies ist die Zustimmung des Benutzers notwendig.<\/p><p>Mit Profiling Cookies werden Benutzerdaten gesammelt, um dem selben Benutzer anschlie\u00dfend Werbebotschaften zu senden, die im Einklang mit seinen Interessen stehen.<\/p><p><b>Cookies von Drittanbietern <\/b><\/p><p>Da es sich bei den hier verwendeten Cookies um Cookies anderer Websites handelt (sog. Cookies von Drittanbietern), finden Sie auf der folgenden Cookie-Liste die Informationen bez\u00fcglich Zustimmung oder Ablehnung einer eventuellen Nutzung.<br \/><a title=\"de.wikipedia.org\" href=\"https:\/\/de.wikipedia.org\/wiki\/HTTP-Cookie\" target=\"_blank\" rel=\"noopener\">Weitere Infos \u00fcber Cookies<\/a><\/p><h4>Cookie auf dieser Website<\/h4><div id=\"cookiecontainer\"><table id=\"cookietable\" class=\"contenttable\"><tbody><tr><td class=\"title\" colspan=\"3\">Technische Cookies<\/td><\/tr><tr><td class=\"art\">Name Cookie<\/td><td class=\"art\">Zweck<\/td><td class=\"art\">Lebensdauer<\/td><\/tr><tr><td>PHPSESSID<\/td><td>Der PHPSESSID Cookie identifiziert Sie nicht als Individuum. Wenn Sie das Speichern von Cookies f\u00fcr Ihren Browser ablehnen, kann es dazu kommen, dass Teile der Webseite nicht mehr korrekt angezeigt werden k\u00f6nnen.<\/td><td>verf\u00e4llt nach schlie\u00dfen der Seite<\/td><\/tr><tr><td>cookiealert<\/td><td>Blendet den CookieBanner aus<\/td><td>verf\u00e4llt in 1 Jahr<\/td><\/tr><tr><td>nocookie<\/td><td>Cookie zum l\u00f6schen und deaktivieren aller anderen Cookies<\/td><td>verf\u00e4llt in 1 Jahr<\/td><\/tr><tr><td>fe_typo_user<\/td><td>Dieses Cookie gew\u00e4hrleistet die Kommunikation der Webseite mit dem Benutzer. Es wird ben\u00f6tigt um z. B. den Sicherheitscode des Kontaktformulars zu \u00fcberpr\u00fcfen.<\/td><td>verf\u00e4llt nach schlie\u00dfen der Seite<\/td><\/tr><tr><td colspan=\"3\">\u00a0<\/td><\/tr><tr><td class=\"title\" colspan=\"3\">Profiling Cookies (First Party)<\/td><\/tr><tr><td colspan=\"3\">KEINE<\/td><\/tr><tr><td colspan=\"3\">\u00a0<\/td><\/tr><tr><td class=\"title\" colspan=\"3\">Cookies von Drittanbietern<\/td><\/tr><tr><td>_gat_UA-3028288-1<\/td><td>Dieses Cookie wird verwendet, um die User zu unterscheiden &#8211; Teil von Google Analytics.<\/td><td>verf\u00e4llt nach 1 Minute<\/td><\/tr><tr><td>_ga<\/td><td>Dieses Cookie wird verwendet, um die User zu unterscheiden.<\/td><td>verf\u00e4llt nach 2 Jahren<\/td><\/tr><tr><td>_gid<\/td><td>Dieses Cookie wird verwendet, um die User zu unterscheiden.<\/td><td>verf\u00e4llt nach 1 Tag<\/td><\/tr><\/tbody><\/table><\/div><h4 style=\"text-align: center;\">Wie kann ich Cookies deaktivieren?<\/h4><p style=\"text-align: center;\">Um die Cookies zu deaktivieren, zu l\u00f6schen oder zu blockieren ist es m\u00f6glich die Einstellungen der Browser, wie unter den folgenden Links beschrieben, zu \u00e4ndern. Im Falle einer Deaktivierung ist die vollst\u00e4ndige Nutzung dieser Webseite nicht mehr garantiert.<\/p><ul style=\"text-align: center;\"><li style=\"text-align: left;\"><a title=\"support.mozilla.org\" href=\"https:\/\/support.mozilla.org\/de\/kb\/cookies-erlauben-und-ablehnen\" target=\"_blank\" rel=\"noopener\">Firefox<\/a><\/li><li style=\"text-align: left;\"><a title=\"support.microsoft.com\" href=\"https:\/\/support.microsoft.com\/de-de\/help\/17442\/windows-internet-explorer-delete-manage-cookies\" target=\"_blank\" rel=\"noopener\">Internet Explorer<\/a><\/li><li style=\"text-align: left;\"><a title=\"support.google.com\" href=\"https:\/\/support.google.com\/accounts\/answer\/61416?hl=de\" target=\"_blank\" rel=\"noopener\">Google Chrome<\/a><\/li><li style=\"text-align: left;\"><a title=\"support.apple.com\" href=\"https:\/\/support.apple.com\/de-de\/HT201265\" target=\"_blank\" rel=\"noopener\">Safari<\/a><\/li><\/ul><p style=\"text-align: center;\">\u00a0<\/p><p style=\"text-align: center;\">Wenn Sie keinen der oben genannten Browser verwenden, w\u00e4hlen Sie die Option \u201eCookies\u201c in der \u201eHilfe\u201c-Funktion, um zu erfahren, wo Ihre Cookies- Einstellungen zu finden sind. Cookies von Dritten k\u00f6nnen vom Benutzer auch einzeln deaktiviert bzw. gel\u00f6scht werden. Die entsprechende Anleitung finden Sie auf der Website der European Interactive Digital Advertising Alliance: <a title=\"www.youronlinechoices.eu\" href=\"https:\/\/www.youronlinechoices.eu\/\" target=\"_blank\" rel=\"noopener\">www.youronlinechoices.eu<\/a>.<\/p><p style=\"text-align: center;\">Diese Webseite verwendet Cookies, um bestm\u00f6gliche Funktionalit\u00e4t zu bieten. Bei Deaktivierung dieser Cookies kann es zu funktionellen Einschr\u00e4nkungen kommen. <a class=\"internal-link\" title=\"Privacy\" href=\"https:\/\/www.adlernest.com\/de\/credits\/privacy\/\">ZUR PRIVACY<\/a><\/p>\t\t\t\t\t\t\t\t<\/div>\n\t\t\t\t<\/div>\n\t\t\t\t\t<\/div>\n\t\t<\/div>\n\t\t\t\t\t<\/div>\n\t\t<\/section>\n\t\t\t\t<\/div>\n\t\t","protected":false},"excerpt":{"rendered":"<p>Information \u00fcber Cookies Was ist ein Cookie? Ein Cookie ist eine kleine Textdatei, die beim Besuch einer Website von Ihrem Internetbrowser heruntergeladen wird. Beim n\u00e4chsten Aufruf dieser Website mit demselben Endger\u00e4t wird das Cookie entweder an die Webseite zur\u00fcckgesandt, die sie erzeugt hat (First Party Cookie) oder an eine andere Webseite gesandt, zu der es [&hellip;]<\/p>\n","protected":false},"author":2,"featured_media":725,"parent":0,"menu_order":0,"comment_status":"closed","ping_status":"closed","template":"","meta":{"_acf_changed":false,"footnotes":""},"class_list":["post-172","page","type-page","status-publish","has-post-thumbnail","hentry"],"acf":[],"yoast_head":"<!-- This site is optimized with the Yoast SEO Premium plugin v27.0 (Yoast SEO v27.3) - https:\/\/yoast.com\/product\/yoast-seo-premium-wordpress\/ -->\n<title>Cookies | Aktiv &amp; Familienhotel Adlernest<\/title>\n<meta name=\"robots\" content=\"index, follow, max-snippet:-1, max-image-preview:large, max-video-preview:-1\" \/>\n<link rel=\"canonical\" href=\"https:\/\/www.adlernest.com\/de\/cookies\" \/>\n<meta property=\"og:locale\" content=\"de_DE\" \/>\n<meta property=\"og:type\" content=\"article\" \/>\n<meta property=\"og:title\" content=\"Cookies\" \/>\n<meta property=\"og:description\" content=\"Information \u00fcber Cookies Was ist ein Cookie? Ein Cookie ist eine kleine Textdatei, die beim Besuch einer Website von Ihrem Internetbrowser heruntergeladen wird. Beim n\u00e4chsten Aufruf dieser Website mit demselben Endger\u00e4t wird das Cookie entweder an die Webseite zur\u00fcckgesandt, die sie erzeugt hat (First Party Cookie) oder an eine andere Webseite gesandt, zu der es [&hellip;]\" \/>\n<meta property=\"og:url\" content=\"https:\/\/www.adlernest.com\/de\/cookies\" \/>\n<meta property=\"og:site_name\" content=\"Adlernest\" \/>\n<meta property=\"article:publisher\" content=\"https:\/\/de-de.facebook.com\/adlernest\" \/>\n<meta property=\"article:modified_time\" content=\"2023-11-19T20:04:06+00:00\" \/>\n<meta property=\"og:image\" content=\"https:\/\/www.adlernest.com\/wp-content\/uploads\/2023\/06\/Kopie-von-PSP_2221.jpg\" \/>\n\t<meta property=\"og:image:width\" content=\"1400\" \/>\n\t<meta property=\"og:image:height\" content=\"932\" \/>\n\t<meta property=\"og:image:type\" content=\"image\/jpeg\" \/>\n<meta name=\"twitter:card\" content=\"summary_large_image\" \/>\n<meta name=\"twitter:label1\" content=\"Gesch\u00e4tzte Lesezeit\" \/>\n\t<meta name=\"twitter:data1\" content=\"4\u00a0Minuten\" \/>\n<script type=\"application\/ld+json\" class=\"yoast-schema-graph\">{\"@context\":\"https:\\\/\\\/schema.org\",\"@graph\":[{\"@type\":\"WebPage\",\"@id\":\"https:\\\/\\\/www.adlernest.com\\\/de\\\/cookies\",\"url\":\"https:\\\/\\\/www.adlernest.com\\\/de\\\/cookies\",\"name\":\"Cookies | Aktiv & Familienhotel Adlernest\",\"isPartOf\":{\"@id\":\"https:\\\/\\\/www.adlernest.com\\\/de\\\/#website\"},\"primaryImageOfPage\":{\"@id\":\"https:\\\/\\\/www.adlernest.com\\\/de\\\/cookies#primaryimage\"},\"image\":{\"@id\":\"https:\\\/\\\/www.adlernest.com\\\/de\\\/cookies#primaryimage\"},\"thumbnailUrl\":\"https:\\\/\\\/www.adlernest.com\\\/wp-content\\\/uploads\\\/2023\\\/06\\\/Kopie-von-PSP_2221.jpg\",\"datePublished\":\"2023-06-07T11:38:12+00:00\",\"dateModified\":\"2023-11-19T20:04:06+00:00\",\"breadcrumb\":{\"@id\":\"https:\\\/\\\/www.adlernest.com\\\/de\\\/cookies#breadcrumb\"},\"inLanguage\":\"de\",\"potentialAction\":[{\"@type\":\"ReadAction\",\"target\":[\"https:\\\/\\\/www.adlernest.com\\\/de\\\/cookies\"]}]},{\"@type\":\"ImageObject\",\"inLanguage\":\"de\",\"@id\":\"https:\\\/\\\/www.adlernest.com\\\/de\\\/cookies#primaryimage\",\"url\":\"https:\\\/\\\/www.adlernest.com\\\/wp-content\\\/uploads\\\/2023\\\/06\\\/Kopie-von-PSP_2221.jpg\",\"contentUrl\":\"https:\\\/\\\/www.adlernest.com\\\/wp-content\\\/uploads\\\/2023\\\/06\\\/Kopie-von-PSP_2221.jpg\",\"width\":1400,\"height\":932},{\"@type\":\"BreadcrumbList\",\"@id\":\"https:\\\/\\\/www.adlernest.com\\\/de\\\/cookies#breadcrumb\",\"itemListElement\":[{\"@type\":\"ListItem\",\"position\":1,\"name\":\"Home\",\"item\":\"https:\\\/\\\/www.adlernest.com\\\/de\"},{\"@type\":\"ListItem\",\"position\":2,\"name\":\"Cookies\"}]},{\"@type\":\"WebSite\",\"@id\":\"https:\\\/\\\/www.adlernest.com\\\/de\\\/#website\",\"url\":\"https:\\\/\\\/www.adlernest.com\\\/de\\\/\",\"name\":\"Aktiv & Familienhotel Adlernest\",\"description\":\"\",\"publisher\":{\"@id\":\"https:\\\/\\\/www.adlernest.com\\\/de\\\/#organization\"},\"alternateName\":\"Familienhotel im Schnalstal\",\"potentialAction\":[{\"@type\":\"SearchAction\",\"target\":{\"@type\":\"EntryPoint\",\"urlTemplate\":\"https:\\\/\\\/www.adlernest.com\\\/de\\\/?s={search_term_string}\"},\"query-input\":{\"@type\":\"PropertyValueSpecification\",\"valueRequired\":true,\"valueName\":\"search_term_string\"}}],\"inLanguage\":\"de\"},{\"@type\":\"Organization\",\"@id\":\"https:\\\/\\\/www.adlernest.com\\\/de\\\/#organization\",\"name\":\"Adlernest\",\"url\":\"https:\\\/\\\/www.adlernest.com\\\/de\\\/\",\"logo\":{\"@type\":\"ImageObject\",\"inLanguage\":\"de\",\"@id\":\"https:\\\/\\\/www.adlernest.com\\\/de\\\/#\\\/schema\\\/logo\\\/image\\\/\",\"url\":\"https:\\\/\\\/www.adlernest.com\\\/wp-content\\\/uploads\\\/2023\\\/10\\\/Ebene_1.svg\",\"contentUrl\":\"https:\\\/\\\/www.adlernest.com\\\/wp-content\\\/uploads\\\/2023\\\/10\\\/Ebene_1.svg\",\"width\":47,\"height\":54,\"caption\":\"Adlernest\"},\"image\":{\"@id\":\"https:\\\/\\\/www.adlernest.com\\\/de\\\/#\\\/schema\\\/logo\\\/image\\\/\"},\"sameAs\":[\"https:\\\/\\\/de-de.facebook.com\\\/adlernest\",\"https:\\\/\\\/www.instagram.com\\\/adlernest_schnals\\\/\"]}]}<\/script>\n<!-- \/ Yoast SEO Premium plugin. -->","yoast_head_json":{"title":"Cookies | Aktiv & Familienhotel Adlernest","robots":{"index":"index","follow":"follow","max-snippet":"max-snippet:-1","max-image-preview":"max-image-preview:large","max-video-preview":"max-video-preview:-1"},"canonical":"https:\/\/www.adlernest.com\/de\/cookies","og_locale":"de_DE","og_type":"article","og_title":"Cookies","og_description":"Information \u00fcber Cookies Was ist ein Cookie? Ein Cookie ist eine kleine Textdatei, die beim Besuch einer Website von Ihrem Internetbrowser heruntergeladen wird. Beim n\u00e4chsten Aufruf dieser Website mit demselben Endger\u00e4t wird das Cookie entweder an die Webseite zur\u00fcckgesandt, die sie erzeugt hat (First Party Cookie) oder an eine andere Webseite gesandt, zu der es [&hellip;]","og_url":"https:\/\/www.adlernest.com\/de\/cookies","og_site_name":"Adlernest","article_publisher":"https:\/\/de-de.facebook.com\/adlernest","article_modified_time":"2023-11-19T20:04:06+00:00","og_image":[{"width":1400,"height":932,"url":"https:\/\/www.adlernest.com\/wp-content\/uploads\/2023\/06\/Kopie-von-PSP_2221.jpg","type":"image\/jpeg"}],"twitter_card":"summary_large_image","twitter_misc":{"Gesch\u00e4tzte Lesezeit":"4\u00a0Minuten"},"schema":{"@context":"https:\/\/schema.org","@graph":[{"@type":"WebPage","@id":"https:\/\/www.adlernest.com\/de\/cookies","url":"https:\/\/www.adlernest.com\/de\/cookies","name":"Cookies | Aktiv & Familienhotel Adlernest","isPartOf":{"@id":"https:\/\/www.adlernest.com\/de\/#website"},"primaryImageOfPage":{"@id":"https:\/\/www.adlernest.com\/de\/cookies#primaryimage"},"image":{"@id":"https:\/\/www.adlernest.com\/de\/cookies#primaryimage"},"thumbnailUrl":"https:\/\/www.adlernest.com\/wp-content\/uploads\/2023\/06\/Kopie-von-PSP_2221.jpg","datePublished":"2023-06-07T11:38:12+00:00","dateModified":"2023-11-19T20:04:06+00:00","breadcrumb":{"@id":"https:\/\/www.adlernest.com\/de\/cookies#breadcrumb"},"inLanguage":"de","potentialAction":[{"@type":"ReadAction","target":["https:\/\/www.adlernest.com\/de\/cookies"]}]},{"@type":"ImageObject","inLanguage":"de","@id":"https:\/\/www.adlernest.com\/de\/cookies#primaryimage","url":"https:\/\/www.adlernest.com\/wp-content\/uploads\/2023\/06\/Kopie-von-PSP_2221.jpg","contentUrl":"https:\/\/www.adlernest.com\/wp-content\/uploads\/2023\/06\/Kopie-von-PSP_2221.jpg","width":1400,"height":932},{"@type":"BreadcrumbList","@id":"https:\/\/www.adlernest.com\/de\/cookies#breadcrumb","itemListElement":[{"@type":"ListItem","position":1,"name":"Home","item":"https:\/\/www.adlernest.com\/de"},{"@type":"ListItem","position":2,"name":"Cookies"}]},{"@type":"WebSite","@id":"https:\/\/www.adlernest.com\/de\/#website","url":"https:\/\/www.adlernest.com\/de\/","name":"Aktiv & Familienhotel Adlernest","description":"","publisher":{"@id":"https:\/\/www.adlernest.com\/de\/#organization"},"alternateName":"Familienhotel im Schnalstal","potentialAction":[{"@type":"SearchAction","target":{"@type":"EntryPoint","urlTemplate":"https:\/\/www.adlernest.com\/de\/?s={search_term_string}"},"query-input":{"@type":"PropertyValueSpecification","valueRequired":true,"valueName":"search_term_string"}}],"inLanguage":"de"},{"@type":"Organization","@id":"https:\/\/www.adlernest.com\/de\/#organization","name":"Adlernest","url":"https:\/\/www.adlernest.com\/de\/","logo":{"@type":"ImageObject","inLanguage":"de","@id":"https:\/\/www.adlernest.com\/de\/#\/schema\/logo\/image\/","url":"https:\/\/www.adlernest.com\/wp-content\/uploads\/2023\/10\/Ebene_1.svg","contentUrl":"https:\/\/www.adlernest.com\/wp-content\/uploads\/2023\/10\/Ebene_1.svg","width":47,"height":54,"caption":"Adlernest"},"image":{"@id":"https:\/\/www.adlernest.com\/de\/#\/schema\/logo\/image\/"},"sameAs":["https:\/\/de-de.facebook.com\/adlernest","https:\/\/www.instagram.com\/adlernest_schnals\/"]}]}},"_links":{"self":[{"href":"https:\/\/www.adlernest.com\/de\/wp-json\/wp\/v2\/pages\/172","targetHints":{"allow":["GET"]}}],"collection":[{"href":"https:\/\/www.adlernest.com\/de\/wp-json\/wp\/v2\/pages"}],"about":[{"href":"https:\/\/www.adlernest.com\/de\/wp-json\/wp\/v2\/types\/page"}],"author":[{"embeddable":true,"href":"https:\/\/www.adlernest.com\/de\/wp-json\/wp\/v2\/users\/2"}],"replies":[{"embeddable":true,"href":"https:\/\/www.adlernest.com\/de\/wp-json\/wp\/v2\/comments?post=172"}],"version-history":[{"count":19,"href":"https:\/\/www.adlernest.com\/de\/wp-json\/wp\/v2\/pages\/172\/revisions"}],"predecessor-version":[{"id":8607,"href":"https:\/\/www.adlernest.com\/de\/wp-json\/wp\/v2\/pages\/172\/revisions\/8607"}],"wp:featuredmedia":[{"embeddable":true,"href":"https:\/\/www.adlernest.com\/de\/wp-json\/wp\/v2\/media\/725"}],"wp:attachment":[{"href":"https:\/\/www.adlernest.com\/de\/wp-json\/wp\/v2\/media?parent=172"}],"curies":[{"name":"wp","href":"https:\/\/api.w.org\/{rel}","templated":true}]}}