{"id":196,"date":"2023-06-07T13:54:38","date_gmt":"2023-06-07T11:54:38","guid":{"rendered":"https:\/\/www.adlernest.com\/?page_id=196"},"modified":"2023-11-19T20:55:38","modified_gmt":"2023-11-19T19:55:38","slug":"stammgaeste-login","status":"publish","type":"page","link":"https:\/\/www.adlernest.com\/de\/stammgaeste-login","title":{"rendered":"Stammg\u00e4ste Login"},"content":{"rendered":"\t\t<div data-elementor-type=\"wp-page\" data-elementor-id=\"196\" class=\"elementor elementor-196\" data-elementor-post-type=\"page\">\n\t\t\t\t\t\t<section class=\"elementor-section elementor-top-section elementor-element elementor-element-adb64de elementor-section-boxed elementor-section-height-default elementor-section-height-default\" data-id=\"adb64de\" data-element_type=\"section\" data-e-type=\"section\">\n\t\t\t\t\t\t<div class=\"elementor-container elementor-column-gap-no\">\n\t\t\t\t\t<div class=\"elementor-column elementor-col-100 elementor-top-column elementor-element elementor-element-4e999779\" data-id=\"4e999779\" data-element_type=\"column\" data-e-type=\"column\">\n\t\t\t<div class=\"elementor-widget-wrap elementor-element-populated\">\n\t\t\t\t\t\t<div class=\"elementor-element elementor-element-74311f71 elementor-align-left elementor-widget elementor-widget-breadcrumbs\" data-id=\"74311f71\" data-element_type=\"widget\" data-e-type=\"widget\" data-widget_type=\"breadcrumbs.default\">\n\t\t\t\t<div class=\"elementor-widget-container\">\n\t\t\t\t\t<p id=\"breadcrumbs\"><span><span><a href=\"https:\/\/www.adlernest.com\/de\">Home<\/a><\/span><\/span><\/p>\t\t\t\t<\/div>\n\t\t\t\t<\/div>\n\t\t\t\t\t<\/div>\n\t\t<\/div>\n\t\t\t\t\t<\/div>\n\t\t<\/section>\n\t\t\t\t<section class=\"elementor-section elementor-top-section elementor-element elementor-element-5094e84b elementor-section-boxed elementor-section-height-default elementor-section-height-default\" data-id=\"5094e84b\" data-element_type=\"section\" data-e-type=\"section\">\n\t\t\t\t\t\t<div class=\"elementor-container elementor-column-gap-default\">\n\t\t\t\t\t<div class=\"elementor-column elementor-col-100 elementor-top-column elementor-element elementor-element-39da1885\" data-id=\"39da1885\" data-element_type=\"column\" data-e-type=\"column\">\n\t\t\t<div class=\"elementor-widget-wrap elementor-element-populated\">\n\t\t\t\t\t\t<div class=\"elementor-element elementor-element-13c5b52a elementor-widget elementor-widget-spacer\" data-id=\"13c5b52a\" data-element_type=\"widget\" data-e-type=\"widget\" data-widget_type=\"spacer.default\">\n\t\t\t\t<div class=\"elementor-widget-container\">\n\t\t\t\t\t\t\t<div class=\"elementor-spacer\">\n\t\t\t<div class=\"elementor-spacer-inner\"><\/div>\n\t\t<\/div>\n\t\t\t\t\t\t<\/div>\n\t\t\t\t<\/div>\n\t\t\t\t<div class=\"elementor-element elementor-element-a95e289 elementor-widget elementor-widget-heading\" data-id=\"a95e289\" data-element_type=\"widget\" data-e-type=\"widget\" data-widget_type=\"heading.default\">\n\t\t\t\t<div class=\"elementor-widget-container\">\n\t\t\t\t\t<h1 class=\"elementor-heading-title elementor-size-default\">Stammg\u00e4ste Login<\/h1>\t\t\t\t<\/div>\n\t\t\t\t<\/div>\n\t\t\t\t<div class=\"elementor-element elementor-element-966b52b elementor-widget elementor-widget-heading\" data-id=\"966b52b\" data-element_type=\"widget\" data-e-type=\"widget\" data-widget_type=\"heading.default\">\n\t\t\t\t<div class=\"elementor-widget-container\">\n\t\t\t\t\t<h2 class=\"elementor-heading-title elementor-size-default\">Herzlich Willkommen im Stammgast-Bereich DES ADLERNEST HOTELS<\/h2>\t\t\t\t<\/div>\n\t\t\t\t<\/div>\n\t\t\t\t<div class=\"elementor-element elementor-element-178b4805 elementor-widget elementor-widget-text-editor\" data-id=\"178b4805\" data-element_type=\"widget\" data-e-type=\"widget\" data-widget_type=\"text-editor.default\">\n\t\t\t\t<div class=\"elementor-widget-container\">\n\t\t\t\t\t\t\t\t\t<p>Genie\u00dft unseren exklusiven Service als Dankesch\u00f6n f\u00fcr eure Treue! Einfach anmelden und zu den Spezial-Angeboten wechseln.\u00a0<\/p>\t\t\t\t\t\t\t\t<\/div>\n\t\t\t\t<\/div>\n\t\t\t\t<div class=\"elementor-element elementor-element-2ef8068 elementor-widget elementor-widget-html\" data-id=\"2ef8068\" data-element_type=\"widget\" data-e-type=\"widget\" data-widget_type=\"html.default\">\n\t\t\t\t<div class=\"elementor-widget-container\">\n\t\t\t\t\t<iframe src=\"https:\/\/customer.kunleisys.com\/login.php?uid=80123F3A-A364-4B80-981F-397555BF76DC&lang=de\" style=\"border:none; background:transparent;\" name=\"Stammgast-Login\" scrolling=\"no\" frameborder=\"0\" marginheight=\"0px\" marginwidth=\"0px\" height=\"250\" width=\"87%\" allowtransparency=\"true\"><\/iframe><noframes><p><b>Ihr Browser unterst\u00fctzt leider keine Inline-Frames!<\/b><br \/>Bitte aktualisieren Sie Ihren Browser.<\/p><\/noframes>\t\t\t\t<\/div>\n\t\t\t\t<\/div>\n\t\t\t\t\t<\/div>\n\t\t<\/div>\n\t\t\t\t\t<\/div>\n\t\t<\/section>\n\t\t\t\t<section class=\"elementor-section elementor-top-section elementor-element elementor-element-1b92728 elementor-section-boxed elementor-section-height-default elementor-section-height-default\" data-id=\"1b92728\" data-element_type=\"section\" data-e-type=\"section\">\n\t\t\t\t\t\t<div class=\"elementor-container elementor-column-gap-no\">\n\t\t\t\t\t<div class=\"elementor-column elementor-col-100 elementor-top-column elementor-element elementor-element-3fa5aae\" data-id=\"3fa5aae\" data-element_type=\"column\" data-e-type=\"column\">\n\t\t\t<div class=\"elementor-widget-wrap elementor-element-populated\">\n\t\t\t\t\t\t<div class=\"elementor-element elementor-element-90c5dc2 elementor-widget elementor-widget-heading\" data-id=\"90c5dc2\" data-element_type=\"widget\" data-e-type=\"widget\" data-widget_type=\"heading.default\">\n\t\t\t\t<div class=\"elementor-widget-container\">\n\t\t\t\t\t<h2 class=\"elementor-heading-title elementor-size-default\">Neukunden<\/h2>\t\t\t\t<\/div>\n\t\t\t\t<\/div>\n\t\t\t\t<div class=\"elementor-element elementor-element-c5c7682 elementor-widget elementor-widget-text-editor\" data-id=\"c5c7682\" data-element_type=\"widget\" data-e-type=\"widget\" data-widget_type=\"text-editor.default\">\n\t\t\t\t<div class=\"elementor-widget-container\">\n\t\t\t\t\t\t\t\t\t<p>Ihr seid noch nicht angemeldet? Dann lasst euch gern\u00a0<a href=\"\/registrierung-stammgaeste\">hier<\/a> als Neukunden registrieren!<\/p>\t\t\t\t\t\t\t\t<\/div>\n\t\t\t\t<\/div>\n\t\t\t\t<div class=\"elementor-element elementor-element-42de734 elementor-widget elementor-widget-html\" data-id=\"42de734\" data-element_type=\"widget\" data-e-type=\"widget\" data-widget_type=\"html.default\">\n\t\t\t\t<div class=\"elementor-widget-container\">\n\t\t\t\t\t<div id=\"kunleisys-reviews\"><\/div>\n<script type=\"text\/javascript\" src=\"https:\/\/customer.kunleisys.com\/widget.php?uid=80123F3A-A364-4B80-981F-397555BF76DC&type=reviews&target=kunleisys-reviews&language=de\"><\/script>\t\t\t\t<\/div>\n\t\t\t\t<\/div>\n\t\t\t\t\t<\/div>\n\t\t<\/div>\n\t\t\t\t\t<\/div>\n\t\t<\/section>\n\t\t\t\t<\/div>\n\t\t","protected":false},"excerpt":{"rendered":"<p>Stammg\u00e4ste Login Herzlich Willkommen im Stammgast-Bereich DES ADLERNEST HOTELS Genie\u00dft unseren exklusiven Service als Dankesch\u00f6n f\u00fcr eure Treue! Einfach anmelden und zu den Spezial-Angeboten wechseln.\u00a0 Ihr Browser unterst\u00fctzt leider keine Inline-Frames!Bitte aktualisieren Sie Ihren Browser. Neukunden Ihr seid noch nicht angemeldet? Dann lasst euch gern\u00a0hier als Neukunden registrieren!<\/p>\n","protected":false},"author":2,"featured_media":1360,"parent":0,"menu_order":0,"comment_status":"closed","ping_status":"closed","template":"","meta":{"_acf_changed":false,"footnotes":""},"class_list":["post-196","page","type-page","status-publish","has-post-thumbnail","hentry"],"acf":[],"yoast_head":"<!-- This site is optimized with the Yoast SEO Premium plugin v27.0 (Yoast SEO v27.3) - https:\/\/yoast.com\/product\/yoast-seo-premium-wordpress\/ -->\n<title>Stammg\u00e4ste Login | Aktiv &amp; Familienhotel Adlernest<\/title>\n<meta name=\"robots\" content=\"index, follow, max-snippet:-1, max-image-preview:large, max-video-preview:-1\" \/>\n<link rel=\"canonical\" href=\"https:\/\/www.adlernest.com\/de\/stammgaeste-login\" \/>\n<meta property=\"og:locale\" content=\"de_DE\" \/>\n<meta property=\"og:type\" content=\"article\" \/>\n<meta property=\"og:title\" content=\"Stammg\u00e4ste Login\" \/>\n<meta property=\"og:description\" content=\"Stammg\u00e4ste Login Herzlich Willkommen im Stammgast-Bereich DES ADLERNEST HOTELS Genie\u00dft unseren exklusiven Service als Dankesch\u00f6n f\u00fcr eure Treue! Einfach anmelden und zu den Spezial-Angeboten wechseln.\u00a0 Ihr Browser unterst\u00fctzt leider keine Inline-Frames!Bitte aktualisieren Sie Ihren Browser. Neukunden Ihr seid noch nicht angemeldet? Dann lasst euch gern\u00a0hier als Neukunden registrieren!\" \/>\n<meta property=\"og:url\" content=\"https:\/\/www.adlernest.com\/de\/stammgaeste-login\" \/>\n<meta property=\"og:site_name\" content=\"Adlernest\" \/>\n<meta property=\"article:publisher\" content=\"https:\/\/de-de.facebook.com\/adlernest\" \/>\n<meta property=\"article:modified_time\" content=\"2023-11-19T19:55:38+00:00\" \/>\n<meta property=\"og:image\" content=\"https:\/\/www.adlernest.com\/wp-content\/uploads\/2023\/06\/angebot-familienurlaub-schnalstal-suedtirol-adlernest-kurz-mal-adlernest-weekend.jpg\" \/>\n\t<meta property=\"og:image:width\" content=\"1920\" \/>\n\t<meta property=\"og:image:height\" content=\"1080\" \/>\n\t<meta property=\"og:image:type\" content=\"image\/jpeg\" \/>\n<meta name=\"twitter:card\" content=\"summary_large_image\" \/>\n<meta name=\"twitter:label1\" content=\"Gesch\u00e4tzte Lesezeit\" \/>\n\t<meta name=\"twitter:data1\" content=\"1\u00a0Minute\" \/>\n<script type=\"application\/ld+json\" class=\"yoast-schema-graph\">{\"@context\":\"https:\\\/\\\/schema.org\",\"@graph\":[{\"@type\":\"WebPage\",\"@id\":\"https:\\\/\\\/www.adlernest.com\\\/de\\\/stammgaeste-login\",\"url\":\"https:\\\/\\\/www.adlernest.com\\\/de\\\/stammgaeste-login\",\"name\":\"Stammg\u00e4ste Login | Aktiv & Familienhotel Adlernest\",\"isPartOf\":{\"@id\":\"https:\\\/\\\/www.adlernest.com\\\/de\\\/#website\"},\"primaryImageOfPage\":{\"@id\":\"https:\\\/\\\/www.adlernest.com\\\/de\\\/stammgaeste-login#primaryimage\"},\"image\":{\"@id\":\"https:\\\/\\\/www.adlernest.com\\\/de\\\/stammgaeste-login#primaryimage\"},\"thumbnailUrl\":\"https:\\\/\\\/www.adlernest.com\\\/wp-content\\\/uploads\\\/2023\\\/06\\\/angebot-familienurlaub-schnalstal-suedtirol-adlernest-kurz-mal-adlernest-weekend.jpg\",\"datePublished\":\"2023-06-07T11:54:38+00:00\",\"dateModified\":\"2023-11-19T19:55:38+00:00\",\"breadcrumb\":{\"@id\":\"https:\\\/\\\/www.adlernest.com\\\/de\\\/stammgaeste-login#breadcrumb\"},\"inLanguage\":\"de\",\"potentialAction\":[{\"@type\":\"ReadAction\",\"target\":[\"https:\\\/\\\/www.adlernest.com\\\/de\\\/stammgaeste-login\"]}]},{\"@type\":\"ImageObject\",\"inLanguage\":\"de\",\"@id\":\"https:\\\/\\\/www.adlernest.com\\\/de\\\/stammgaeste-login#primaryimage\",\"url\":\"https:\\\/\\\/www.adlernest.com\\\/wp-content\\\/uploads\\\/2023\\\/06\\\/angebot-familienurlaub-schnalstal-suedtirol-adlernest-kurz-mal-adlernest-weekend.jpg\",\"contentUrl\":\"https:\\\/\\\/www.adlernest.com\\\/wp-content\\\/uploads\\\/2023\\\/06\\\/angebot-familienurlaub-schnalstal-suedtirol-adlernest-kurz-mal-adlernest-weekend.jpg\",\"width\":1920,\"height\":1080},{\"@type\":\"BreadcrumbList\",\"@id\":\"https:\\\/\\\/www.adlernest.com\\\/de\\\/stammgaeste-login#breadcrumb\",\"itemListElement\":[{\"@type\":\"ListItem\",\"position\":1,\"name\":\"Home\",\"item\":\"https:\\\/\\\/www.adlernest.com\\\/de\"},{\"@type\":\"ListItem\",\"position\":2,\"name\":\"Stammg\u00e4ste Login\"}]},{\"@type\":\"WebSite\",\"@id\":\"https:\\\/\\\/www.adlernest.com\\\/de\\\/#website\",\"url\":\"https:\\\/\\\/www.adlernest.com\\\/de\\\/\",\"name\":\"Aktiv & Familienhotel Adlernest\",\"description\":\"\",\"publisher\":{\"@id\":\"https:\\\/\\\/www.adlernest.com\\\/de\\\/#organization\"},\"alternateName\":\"Familienhotel im Schnalstal\",\"potentialAction\":[{\"@type\":\"SearchAction\",\"target\":{\"@type\":\"EntryPoint\",\"urlTemplate\":\"https:\\\/\\\/www.adlernest.com\\\/de\\\/?s={search_term_string}\"},\"query-input\":{\"@type\":\"PropertyValueSpecification\",\"valueRequired\":true,\"valueName\":\"search_term_string\"}}],\"inLanguage\":\"de\"},{\"@type\":\"Organization\",\"@id\":\"https:\\\/\\\/www.adlernest.com\\\/de\\\/#organization\",\"name\":\"Adlernest\",\"url\":\"https:\\\/\\\/www.adlernest.com\\\/de\\\/\",\"logo\":{\"@type\":\"ImageObject\",\"inLanguage\":\"de\",\"@id\":\"https:\\\/\\\/www.adlernest.com\\\/de\\\/#\\\/schema\\\/logo\\\/image\\\/\",\"url\":\"https:\\\/\\\/www.adlernest.com\\\/wp-content\\\/uploads\\\/2023\\\/10\\\/Ebene_1.svg\",\"contentUrl\":\"https:\\\/\\\/www.adlernest.com\\\/wp-content\\\/uploads\\\/2023\\\/10\\\/Ebene_1.svg\",\"width\":47,\"height\":54,\"caption\":\"Adlernest\"},\"image\":{\"@id\":\"https:\\\/\\\/www.adlernest.com\\\/de\\\/#\\\/schema\\\/logo\\\/image\\\/\"},\"sameAs\":[\"https:\\\/\\\/de-de.facebook.com\\\/adlernest\",\"https:\\\/\\\/www.instagram.com\\\/adlernest_schnals\\\/\"]}]}<\/script>\n<!-- \/ Yoast SEO Premium plugin. -->","yoast_head_json":{"title":"Stammg\u00e4ste Login | Aktiv & Familienhotel Adlernest","robots":{"index":"index","follow":"follow","max-snippet":"max-snippet:-1","max-image-preview":"max-image-preview:large","max-video-preview":"max-video-preview:-1"},"canonical":"https:\/\/www.adlernest.com\/de\/stammgaeste-login","og_locale":"de_DE","og_type":"article","og_title":"Stammg\u00e4ste Login","og_description":"Stammg\u00e4ste Login Herzlich Willkommen im Stammgast-Bereich DES ADLERNEST HOTELS Genie\u00dft unseren exklusiven Service als Dankesch\u00f6n f\u00fcr eure Treue! Einfach anmelden und zu den Spezial-Angeboten wechseln.\u00a0 Ihr Browser unterst\u00fctzt leider keine Inline-Frames!Bitte aktualisieren Sie Ihren Browser. Neukunden Ihr seid noch nicht angemeldet? Dann lasst euch gern\u00a0hier als Neukunden registrieren!","og_url":"https:\/\/www.adlernest.com\/de\/stammgaeste-login","og_site_name":"Adlernest","article_publisher":"https:\/\/de-de.facebook.com\/adlernest","article_modified_time":"2023-11-19T19:55:38+00:00","og_image":[{"width":1920,"height":1080,"url":"https:\/\/www.adlernest.com\/wp-content\/uploads\/2023\/06\/angebot-familienurlaub-schnalstal-suedtirol-adlernest-kurz-mal-adlernest-weekend.jpg","type":"image\/jpeg"}],"twitter_card":"summary_large_image","twitter_misc":{"Gesch\u00e4tzte Lesezeit":"1\u00a0Minute"},"schema":{"@context":"https:\/\/schema.org","@graph":[{"@type":"WebPage","@id":"https:\/\/www.adlernest.com\/de\/stammgaeste-login","url":"https:\/\/www.adlernest.com\/de\/stammgaeste-login","name":"Stammg\u00e4ste Login | Aktiv & Familienhotel Adlernest","isPartOf":{"@id":"https:\/\/www.adlernest.com\/de\/#website"},"primaryImageOfPage":{"@id":"https:\/\/www.adlernest.com\/de\/stammgaeste-login#primaryimage"},"image":{"@id":"https:\/\/www.adlernest.com\/de\/stammgaeste-login#primaryimage"},"thumbnailUrl":"https:\/\/www.adlernest.com\/wp-content\/uploads\/2023\/06\/angebot-familienurlaub-schnalstal-suedtirol-adlernest-kurz-mal-adlernest-weekend.jpg","datePublished":"2023-06-07T11:54:38+00:00","dateModified":"2023-11-19T19:55:38+00:00","breadcrumb":{"@id":"https:\/\/www.adlernest.com\/de\/stammgaeste-login#breadcrumb"},"inLanguage":"de","potentialAction":[{"@type":"ReadAction","target":["https:\/\/www.adlernest.com\/de\/stammgaeste-login"]}]},{"@type":"ImageObject","inLanguage":"de","@id":"https:\/\/www.adlernest.com\/de\/stammgaeste-login#primaryimage","url":"https:\/\/www.adlernest.com\/wp-content\/uploads\/2023\/06\/angebot-familienurlaub-schnalstal-suedtirol-adlernest-kurz-mal-adlernest-weekend.jpg","contentUrl":"https:\/\/www.adlernest.com\/wp-content\/uploads\/2023\/06\/angebot-familienurlaub-schnalstal-suedtirol-adlernest-kurz-mal-adlernest-weekend.jpg","width":1920,"height":1080},{"@type":"BreadcrumbList","@id":"https:\/\/www.adlernest.com\/de\/stammgaeste-login#breadcrumb","itemListElement":[{"@type":"ListItem","position":1,"name":"Home","item":"https:\/\/www.adlernest.com\/de"},{"@type":"ListItem","position":2,"name":"Stammg\u00e4ste Login"}]},{"@type":"WebSite","@id":"https:\/\/www.adlernest.com\/de\/#website","url":"https:\/\/www.adlernest.com\/de\/","name":"Aktiv & Familienhotel Adlernest","description":"","publisher":{"@id":"https:\/\/www.adlernest.com\/de\/#organization"},"alternateName":"Familienhotel im Schnalstal","potentialAction":[{"@type":"SearchAction","target":{"@type":"EntryPoint","urlTemplate":"https:\/\/www.adlernest.com\/de\/?s={search_term_string}"},"query-input":{"@type":"PropertyValueSpecification","valueRequired":true,"valueName":"search_term_string"}}],"inLanguage":"de"},{"@type":"Organization","@id":"https:\/\/www.adlernest.com\/de\/#organization","name":"Adlernest","url":"https:\/\/www.adlernest.com\/de\/","logo":{"@type":"ImageObject","inLanguage":"de","@id":"https:\/\/www.adlernest.com\/de\/#\/schema\/logo\/image\/","url":"https:\/\/www.adlernest.com\/wp-content\/uploads\/2023\/10\/Ebene_1.svg","contentUrl":"https:\/\/www.adlernest.com\/wp-content\/uploads\/2023\/10\/Ebene_1.svg","width":47,"height":54,"caption":"Adlernest"},"image":{"@id":"https:\/\/www.adlernest.com\/de\/#\/schema\/logo\/image\/"},"sameAs":["https:\/\/de-de.facebook.com\/adlernest","https:\/\/www.instagram.com\/adlernest_schnals\/"]}]}},"_links":{"self":[{"href":"https:\/\/www.adlernest.com\/de\/wp-json\/wp\/v2\/pages\/196","targetHints":{"allow":["GET"]}}],"collection":[{"href":"https:\/\/www.adlernest.com\/de\/wp-json\/wp\/v2\/pages"}],"about":[{"href":"https:\/\/www.adlernest.com\/de\/wp-json\/wp\/v2\/types\/page"}],"author":[{"embeddable":true,"href":"https:\/\/www.adlernest.com\/de\/wp-json\/wp\/v2\/users\/2"}],"replies":[{"embeddable":true,"href":"https:\/\/www.adlernest.com\/de\/wp-json\/wp\/v2\/comments?post=196"}],"version-history":[{"count":70,"href":"https:\/\/www.adlernest.com\/de\/wp-json\/wp\/v2\/pages\/196\/revisions"}],"predecessor-version":[{"id":8591,"href":"https:\/\/www.adlernest.com\/de\/wp-json\/wp\/v2\/pages\/196\/revisions\/8591"}],"wp:featuredmedia":[{"embeddable":true,"href":"https:\/\/www.adlernest.com\/de\/wp-json\/wp\/v2\/media\/1360"}],"wp:attachment":[{"href":"https:\/\/www.adlernest.com\/de\/wp-json\/wp\/v2\/media?parent=196"}],"curies":[{"name":"wp","href":"https:\/\/api.w.org\/{rel}","templated":true}]}}