{"id":2859,"date":"2023-09-29T14:44:16","date_gmt":"2023-09-29T12:44:16","guid":{"rendered":"https:\/\/www.adlernest.com\/?page_id=2859"},"modified":"2023-09-29T16:15:01","modified_gmt":"2023-09-29T14:15:01","slug":"wochenprogramm","status":"publish","type":"page","link":"https:\/\/www.adlernest.com\/de\/100-familie\/wochenprogramm","title":{"rendered":"Wochenprogramm"},"content":{"rendered":"\t\t<div data-elementor-type=\"wp-page\" data-elementor-id=\"2859\" class=\"elementor elementor-2859\" data-elementor-post-type=\"page\">\n\t\t\t\t\t\t<section class=\"elementor-section elementor-top-section elementor-element elementor-element-38a088f7 elementor-section-boxed elementor-section-height-default elementor-section-height-default\" data-id=\"38a088f7\" data-element_type=\"section\" data-e-type=\"section\">\n\t\t\t\t\t\t<div class=\"elementor-container elementor-column-gap-no\">\n\t\t\t\t\t<div class=\"make-column-clickable-elementor elementor-column elementor-col-50 elementor-top-column elementor-element elementor-element-ae9af40\" style=\"cursor: pointer;\" data-column-clickable=\"#\" data-column-clickable-blank=\"_self\" data-id=\"ae9af40\" data-element_type=\"column\" data-e-type=\"column\" data-settings=\"{&quot;background_background&quot;:&quot;classic&quot;}\">\n\t\t\t<div class=\"elementor-widget-wrap elementor-element-populated\">\n\t\t\t\t\t\t<section class=\"elementor-section elementor-inner-section elementor-element elementor-element-5e4d2c58 elementor-section-height-min-height elementor-section-boxed elementor-section-height-default\" data-id=\"5e4d2c58\" data-element_type=\"section\" data-e-type=\"section\" data-settings=\"{&quot;background_background&quot;:&quot;gradient&quot;}\">\n\t\t\t\t\t\t<div class=\"elementor-container elementor-column-gap-default\">\n\t\t\t\t\t<div class=\"elementor-column elementor-col-100 elementor-inner-column elementor-element elementor-element-6c67241e\" data-id=\"6c67241e\" data-element_type=\"column\" data-e-type=\"column\">\n\t\t\t<div class=\"elementor-widget-wrap elementor-element-populated\">\n\t\t\t\t\t\t<div class=\"elementor-element elementor-element-28ecb7de elementor-widget elementor-widget-heading\" data-id=\"28ecb7de\" data-element_type=\"widget\" data-e-type=\"widget\" data-widget_type=\"heading.default\">\n\t\t\t\t<div class=\"elementor-widget-container\">\n\t\t\t\t\t<h2 class=\"elementor-heading-title elementor-size-default\">Sommer<\/h2>\t\t\t\t<\/div>\n\t\t\t\t<\/div>\n\t\t\t\t<div class=\"elementor-element elementor-element-248dbd20 elementor-widget-divider--view-line elementor-widget elementor-widget-divider\" data-id=\"248dbd20\" data-element_type=\"widget\" data-e-type=\"widget\" data-widget_type=\"divider.default\">\n\t\t\t\t<div class=\"elementor-widget-container\">\n\t\t\t\t\t\t\t<div class=\"elementor-divider\">\n\t\t\t<span class=\"elementor-divider-separator\">\n\t\t\t\t\t\t<\/span>\n\t\t<\/div>\n\t\t\t\t\t\t<\/div>\n\t\t\t\t<\/div>\n\t\t\t\t<div class=\"elementor-element elementor-element-7fffd5cc elementor-widget elementor-widget-text-editor\" data-id=\"7fffd5cc\" data-element_type=\"widget\" data-e-type=\"widget\" data-widget_type=\"text-editor.default\">\n\t\t\t\t<div class=\"elementor-widget-container\">\n\t\t\t\t\t\t\t\t\tUltraspannende Abenteuer <br \/> f\u00fcr Gro\u00df und Klein\t\t\t\t\t\t\t\t<\/div>\n\t\t\t\t<\/div>\n\t\t\t\t\t<\/div>\n\t\t<\/div>\n\t\t\t\t\t<\/div>\n\t\t<\/section>\n\t\t\t\t\t<\/div>\n\t\t<\/div>\n\t\t\t\t<div class=\"make-column-clickable-elementor elementor-column elementor-col-50 elementor-top-column elementor-element elementor-element-24928877\" style=\"cursor: pointer;\" data-column-clickable=\"#\" data-column-clickable-blank=\"_self\" data-id=\"24928877\" data-element_type=\"column\" data-e-type=\"column\" data-settings=\"{&quot;background_background&quot;:&quot;classic&quot;}\">\n\t\t\t<div class=\"elementor-widget-wrap elementor-element-populated\">\n\t\t\t\t\t\t<section class=\"elementor-section elementor-inner-section elementor-element elementor-element-28f3cf02 elementor-section-height-min-height elementor-section-boxed elementor-section-height-default\" data-id=\"28f3cf02\" data-element_type=\"section\" data-e-type=\"section\" data-settings=\"{&quot;background_background&quot;:&quot;gradient&quot;}\">\n\t\t\t\t\t\t<div class=\"elementor-container elementor-column-gap-default\">\n\t\t\t\t\t<div class=\"elementor-column elementor-col-100 elementor-inner-column elementor-element elementor-element-3df7a63f\" data-id=\"3df7a63f\" data-element_type=\"column\" data-e-type=\"column\">\n\t\t\t<div class=\"elementor-widget-wrap elementor-element-populated\">\n\t\t\t\t\t\t<div class=\"elementor-element elementor-element-56c66a19 elementor-widget elementor-widget-heading\" data-id=\"56c66a19\" data-element_type=\"widget\" data-e-type=\"widget\" data-widget_type=\"heading.default\">\n\t\t\t\t<div class=\"elementor-widget-container\">\n\t\t\t\t\t<h2 class=\"elementor-heading-title elementor-size-default\">Winter<\/h2>\t\t\t\t<\/div>\n\t\t\t\t<\/div>\n\t\t\t\t<div class=\"elementor-element elementor-element-714ce4e1 elementor-widget-divider--view-line elementor-widget elementor-widget-divider\" data-id=\"714ce4e1\" data-element_type=\"widget\" data-e-type=\"widget\" data-widget_type=\"divider.default\">\n\t\t\t\t<div class=\"elementor-widget-container\">\n\t\t\t\t\t\t\t<div class=\"elementor-divider\">\n\t\t\t<span class=\"elementor-divider-separator\">\n\t\t\t\t\t\t<\/span>\n\t\t<\/div>\n\t\t\t\t\t\t<\/div>\n\t\t\t\t<\/div>\n\t\t\t\t<div class=\"elementor-element elementor-element-32a991dd elementor-widget elementor-widget-text-editor\" data-id=\"32a991dd\" data-element_type=\"widget\" data-e-type=\"widget\" data-widget_type=\"text-editor.default\">\n\t\t\t\t<div class=\"elementor-widget-container\">\n\t\t\t\t\t\t\t\t\t<p>Magische Momente <br \/>f\u00fcr die ganze Family<\/p>\t\t\t\t\t\t\t\t<\/div>\n\t\t\t\t<\/div>\n\t\t\t\t\t<\/div>\n\t\t<\/div>\n\t\t\t\t\t<\/div>\n\t\t<\/section>\n\t\t\t\t\t<\/div>\n\t\t<\/div>\n\t\t\t\t\t<\/div>\n\t\t<\/section>\n\t\t\t\t<section class=\"elementor-section elementor-top-section elementor-element elementor-element-1f4273b1 elementor-section-boxed elementor-section-height-default elementor-section-height-default\" data-id=\"1f4273b1\" data-element_type=\"section\" data-e-type=\"section\">\n\t\t\t\t\t\t<div class=\"elementor-container elementor-column-gap-no\">\n\t\t\t\t\t<div class=\"elementor-column elementor-col-100 elementor-top-column elementor-element elementor-element-53f36d09\" data-id=\"53f36d09\" data-element_type=\"column\" data-e-type=\"column\">\n\t\t\t<div class=\"elementor-widget-wrap elementor-element-populated\">\n\t\t\t\t\t\t<div class=\"elementor-element elementor-element-39f977a1 elementor-align-left elementor-widget elementor-widget-breadcrumbs\" data-id=\"39f977a1\" data-element_type=\"widget\" data-e-type=\"widget\" data-widget_type=\"breadcrumbs.default\">\n\t\t\t\t<div class=\"elementor-widget-container\">\n\t\t\t\t\t<p id=\"breadcrumbs\"><span><span><a href=\"https:\/\/www.adlernest.com\/de\">Home<\/a><\/span><\/span><\/p>\t\t\t\t<\/div>\n\t\t\t\t<\/div>\n\t\t\t\t\t<\/div>\n\t\t<\/div>\n\t\t\t\t\t<\/div>\n\t\t<\/section>\n\t\t\t\t<section class=\"elementor-section elementor-top-section elementor-element elementor-element-5a93f815 elementor-section-boxed elementor-section-height-default elementor-section-height-default\" data-id=\"5a93f815\" data-element_type=\"section\" data-e-type=\"section\">\n\t\t\t\t\t\t<div class=\"elementor-container elementor-column-gap-default\">\n\t\t\t\t\t<div class=\"elementor-column elementor-col-100 elementor-top-column elementor-element elementor-element-7e6c8ce8\" data-id=\"7e6c8ce8\" data-element_type=\"column\" data-e-type=\"column\">\n\t\t\t<div class=\"elementor-widget-wrap elementor-element-populated\">\n\t\t\t\t\t\t<div class=\"elementor-element elementor-element-2e15179 elementor-widget elementor-widget-spacer\" data-id=\"2e15179\" data-element_type=\"widget\" data-e-type=\"widget\" data-widget_type=\"spacer.default\">\n\t\t\t\t<div class=\"elementor-widget-container\">\n\t\t\t\t\t\t\t<div class=\"elementor-spacer\">\n\t\t\t<div class=\"elementor-spacer-inner\"><\/div>\n\t\t<\/div>\n\t\t\t\t\t\t<\/div>\n\t\t\t\t<\/div>\n\t\t\t\t<div class=\"elementor-element elementor-element-30a5d4e4 elementor-widget elementor-widget-heading\" data-id=\"30a5d4e4\" data-element_type=\"widget\" data-e-type=\"widget\" data-widget_type=\"heading.default\">\n\t\t\t\t<div class=\"elementor-widget-container\">\n\t\t\t\t\t<h1 class=\"elementor-heading-title elementor-size-default\">Unser Wochenprogramm<\/h1>\t\t\t\t<\/div>\n\t\t\t\t<\/div>\n\t\t\t\t<div class=\"elementor-element elementor-element-384fccf5 elementor-widget elementor-widget-heading\" data-id=\"384fccf5\" data-element_type=\"widget\" data-e-type=\"widget\" data-widget_type=\"heading.default\">\n\t\t\t\t<div class=\"elementor-widget-container\">\n\t\t\t\t\t<h2 class=\"elementor-heading-title elementor-size-default\">Bei uns im Schnalstal gilt: stay in action!<\/h2>\t\t\t\t<\/div>\n\t\t\t\t<\/div>\n\t\t\t\t<div class=\"elementor-element elementor-element-3245a52f elementor-widget elementor-widget-text-editor\" data-id=\"3245a52f\" data-element_type=\"widget\" data-e-type=\"widget\" data-widget_type=\"text-editor.default\">\n\t\t\t\t<div class=\"elementor-widget-container\">\n\t\t\t\t\t\t\t\t\t<p>Du w\u00fcnschst dir einen Urlaub, der die ganze Familie gl\u00fccklich macht und bestimmt unvergessen bleibt? Wir erf\u00fcllen dir deinen Wunsch \u2013 mit einem ausgefuchsten Wochenprogramm f\u00fcr Klein und Gro\u00df! Egal, ob Sommer oder Winter: Stell dich auf beste Unterhaltung, Aktivit\u00e4ten im Freien, besondere Highlights, feinen Genuss und Entspannung pur ein!<\/p>\t\t\t\t\t\t\t\t<\/div>\n\t\t\t\t<\/div>\n\t\t\t\t<div class=\"elementor-element elementor-element-7a6821a elementor-widget elementor-widget-spacer\" data-id=\"7a6821a\" data-element_type=\"widget\" data-e-type=\"widget\" data-widget_type=\"spacer.default\">\n\t\t\t\t<div class=\"elementor-widget-container\">\n\t\t\t\t\t\t\t<div class=\"elementor-spacer\">\n\t\t\t<div class=\"elementor-spacer-inner\"><\/div>\n\t\t<\/div>\n\t\t\t\t\t\t<\/div>\n\t\t\t\t<\/div>\n\t\t\t\t\t<\/div>\n\t\t<\/div>\n\t\t\t\t\t<\/div>\n\t\t<\/section>\n\t\t\t\t<section class=\"elementor-section elementor-top-section elementor-element elementor-element-8f9e3eb elementor-section-boxed elementor-section-height-default elementor-section-height-default\" data-id=\"8f9e3eb\" data-element_type=\"section\" data-e-type=\"section\">\n\t\t\t\t\t\t<div class=\"elementor-container elementor-column-gap-default\">\n\t\t\t\t\t<div class=\"elementor-column elementor-col-100 elementor-top-column elementor-element elementor-element-a09548b\" data-id=\"a09548b\" data-element_type=\"column\" data-e-type=\"column\">\n\t\t\t<div class=\"elementor-widget-wrap elementor-element-populated\">\n\t\t\t\t\t\t<div class=\"elementor-element elementor-element-b98455c elementor-widget elementor-widget-html\" data-id=\"b98455c\" data-element_type=\"widget\" data-e-type=\"widget\" data-widget_type=\"html.default\">\n\t\t\t\t<div class=\"elementor-widget-container\">\n\t\t\t\t\t\t<div class=\"center\"><div id=\"gt1\" style=\u201cdisplay:block; width:100%;\u201c><\/div><\/div>\n<div id=\"root\" style=\u201cdisplay:block; width:100%;\u201c><\/div>\n<script src=\"https:\/\/widget.giggle.tips\/widget.js?id=gt1&path=adlernest&width=100%&fontCol=575756&btCol=B8700B&font=Lato&lang=de&streams=dc093196-5fef-439a-9506-fc8bd604d7af,b9376fb5-c180-463c-b255-5549672f2149,83a8fe3b-ec78-4d1b-b6b5-69cdd816ce9c,873066c1-cd9d-42e1-b72a-e7502380b68a&wpStreams=dc093196-5fef-439a-9506-fc8bd604d7af,b9376fb5-c180-463c-b255-5549672f2149,83a8fe3b-ec78-4d1b-b6b5-69cdd816ce9c,873066c1-cd9d-42e1-b72a-e7502380b68a&showCategoryFilter=true\"><\/script>  \n\n\t\t\t\t<\/div>\n\t\t\t\t<\/div>\n\t\t\t\t<div class=\"elementor-element elementor-element-180c72b elementor-widget elementor-widget-spacer\" data-id=\"180c72b\" data-element_type=\"widget\" data-e-type=\"widget\" data-widget_type=\"spacer.default\">\n\t\t\t\t<div class=\"elementor-widget-container\">\n\t\t\t\t\t\t\t<div class=\"elementor-spacer\">\n\t\t\t<div class=\"elementor-spacer-inner\"><\/div>\n\t\t<\/div>\n\t\t\t\t\t\t<\/div>\n\t\t\t\t<\/div>\n\t\t\t\t\t<\/div>\n\t\t<\/div>\n\t\t\t\t\t<\/div>\n\t\t<\/section>\n\t\t\t\t<\/div>\n\t\t","protected":false},"excerpt":{"rendered":"<p>Sommer Ultraspannende Abenteuer f\u00fcr Gro\u00df und Klein Winter Magische Momente f\u00fcr die ganze Family Unser Wochenprogramm Bei uns im Schnalstal gilt: stay in action! Du w\u00fcnschst dir einen Urlaub, der die ganze Familie gl\u00fccklich macht und bestimmt unvergessen bleibt? Wir erf\u00fcllen dir deinen Wunsch \u2013 mit einem ausgefuchsten Wochenprogramm f\u00fcr Klein und Gro\u00df! Egal, ob [&hellip;]<\/p>\n","protected":false},"author":1,"featured_media":0,"parent":114,"menu_order":0,"comment_status":"closed","ping_status":"closed","template":"","meta":{"_acf_changed":false,"footnotes":""},"class_list":["post-2859","page","type-page","status-publish","hentry"],"acf":[],"yoast_head":"<!-- This site is optimized with the Yoast SEO Premium plugin v27.0 (Yoast SEO v27.3) - https:\/\/yoast.com\/product\/yoast-seo-premium-wordpress\/ -->\n<title>100% Spa\u00df - Unser Wochenprogramm f\u00fcr Kinder<\/title>\n<meta name=\"description\" content=\"100% Spa\u00df - Unser Wochenprogramm f\u00fcr Kinder\" \/>\n<meta name=\"robots\" content=\"index, follow, max-snippet:-1, max-image-preview:large, max-video-preview:-1\" \/>\n<link rel=\"canonical\" href=\"https:\/\/www.adlernest.com\/de\/100-familie\/wochenprogramm\" \/>\n<meta property=\"og:locale\" content=\"de_DE\" \/>\n<meta property=\"og:type\" content=\"article\" \/>\n<meta property=\"og:title\" content=\"Wochenprogramm\" \/>\n<meta property=\"og:description\" content=\"100% Spa\u00df - Unser Wochenprogramm f\u00fcr Kinder\" \/>\n<meta property=\"og:url\" content=\"https:\/\/www.adlernest.com\/de\/100-familie\/wochenprogramm\" \/>\n<meta property=\"og:site_name\" content=\"Adlernest\" \/>\n<meta property=\"article:publisher\" content=\"https:\/\/de-de.facebook.com\/adlernest\" \/>\n<meta property=\"article:modified_time\" content=\"2023-09-29T14:15:01+00:00\" \/>\n<meta property=\"og:image\" content=\"https:\/\/www.adlernest.com\/wp-content\/uploads\/2023\/10\/Rectangle-1.jpg\" \/>\n\t<meta property=\"og:image:width\" content=\"381\" \/>\n\t<meta property=\"og:image:height\" content=\"382\" \/>\n\t<meta property=\"og:image:type\" content=\"image\/jpeg\" \/>\n<meta name=\"twitter:card\" content=\"summary_large_image\" \/>\n<meta name=\"twitter:label1\" content=\"Gesch\u00e4tzte Lesezeit\" \/>\n\t<meta name=\"twitter:data1\" content=\"20\u00a0Minuten\" \/>\n<script type=\"application\/ld+json\" class=\"yoast-schema-graph\">{\"@context\":\"https:\\\/\\\/schema.org\",\"@graph\":[{\"@type\":\"WebPage\",\"@id\":\"https:\\\/\\\/www.adlernest.com\\\/de\\\/100-familie\\\/wochenprogramm\",\"url\":\"https:\\\/\\\/www.adlernest.com\\\/de\\\/100-familie\\\/wochenprogramm\",\"name\":\"100% Spa\u00df - Unser Wochenprogramm f\u00fcr Kinder\",\"isPartOf\":{\"@id\":\"https:\\\/\\\/www.adlernest.com\\\/de\\\/#website\"},\"datePublished\":\"2023-09-29T12:44:16+00:00\",\"dateModified\":\"2023-09-29T14:15:01+00:00\",\"description\":\"100% Spa\u00df - Unser Wochenprogramm f\u00fcr Kinder\",\"breadcrumb\":{\"@id\":\"https:\\\/\\\/www.adlernest.com\\\/de\\\/100-familie\\\/wochenprogramm#breadcrumb\"},\"inLanguage\":\"de\",\"potentialAction\":[{\"@type\":\"ReadAction\",\"target\":[\"https:\\\/\\\/www.adlernest.com\\\/de\\\/100-familie\\\/wochenprogramm\"]}]},{\"@type\":\"BreadcrumbList\",\"@id\":\"https:\\\/\\\/www.adlernest.com\\\/de\\\/100-familie\\\/wochenprogramm#breadcrumb\",\"itemListElement\":[{\"@type\":\"ListItem\",\"position\":1,\"name\":\"Home\",\"item\":\"https:\\\/\\\/www.adlernest.com\\\/de\"},{\"@type\":\"ListItem\",\"position\":2,\"name\":\"100% Family\",\"item\":\"https:\\\/\\\/www.adlernest.com\\\/de\\\/100-familie\"},{\"@type\":\"ListItem\",\"position\":3,\"name\":\"Wochenprogramm\"}]},{\"@type\":\"WebSite\",\"@id\":\"https:\\\/\\\/www.adlernest.com\\\/de\\\/#website\",\"url\":\"https:\\\/\\\/www.adlernest.com\\\/de\\\/\",\"name\":\"Aktiv & Familienhotel Adlernest\",\"description\":\"\",\"publisher\":{\"@id\":\"https:\\\/\\\/www.adlernest.com\\\/de\\\/#organization\"},\"alternateName\":\"Familienhotel im Schnalstal\",\"potentialAction\":[{\"@type\":\"SearchAction\",\"target\":{\"@type\":\"EntryPoint\",\"urlTemplate\":\"https:\\\/\\\/www.adlernest.com\\\/de\\\/?s={search_term_string}\"},\"query-input\":{\"@type\":\"PropertyValueSpecification\",\"valueRequired\":true,\"valueName\":\"search_term_string\"}}],\"inLanguage\":\"de\"},{\"@type\":\"Organization\",\"@id\":\"https:\\\/\\\/www.adlernest.com\\\/de\\\/#organization\",\"name\":\"Adlernest\",\"url\":\"https:\\\/\\\/www.adlernest.com\\\/de\\\/\",\"logo\":{\"@type\":\"ImageObject\",\"inLanguage\":\"de\",\"@id\":\"https:\\\/\\\/www.adlernest.com\\\/de\\\/#\\\/schema\\\/logo\\\/image\\\/\",\"url\":\"https:\\\/\\\/www.adlernest.com\\\/wp-content\\\/uploads\\\/2023\\\/10\\\/Ebene_1.svg\",\"contentUrl\":\"https:\\\/\\\/www.adlernest.com\\\/wp-content\\\/uploads\\\/2023\\\/10\\\/Ebene_1.svg\",\"width\":47,\"height\":54,\"caption\":\"Adlernest\"},\"image\":{\"@id\":\"https:\\\/\\\/www.adlernest.com\\\/de\\\/#\\\/schema\\\/logo\\\/image\\\/\"},\"sameAs\":[\"https:\\\/\\\/de-de.facebook.com\\\/adlernest\",\"https:\\\/\\\/www.instagram.com\\\/adlernest_schnals\\\/\"]}]}<\/script>\n<!-- \/ Yoast SEO Premium plugin. -->","yoast_head_json":{"title":"100% Spa\u00df - Unser Wochenprogramm f\u00fcr Kinder","description":"100% Spa\u00df - Unser Wochenprogramm f\u00fcr Kinder","robots":{"index":"index","follow":"follow","max-snippet":"max-snippet:-1","max-image-preview":"max-image-preview:large","max-video-preview":"max-video-preview:-1"},"canonical":"https:\/\/www.adlernest.com\/de\/100-familie\/wochenprogramm","og_locale":"de_DE","og_type":"article","og_title":"Wochenprogramm","og_description":"100% Spa\u00df - Unser Wochenprogramm f\u00fcr Kinder","og_url":"https:\/\/www.adlernest.com\/de\/100-familie\/wochenprogramm","og_site_name":"Adlernest","article_publisher":"https:\/\/de-de.facebook.com\/adlernest","article_modified_time":"2023-09-29T14:15:01+00:00","og_image":[{"width":381,"height":382,"url":"https:\/\/www.adlernest.com\/wp-content\/uploads\/2023\/10\/Rectangle-1.jpg","type":"image\/jpeg"}],"twitter_card":"summary_large_image","twitter_misc":{"Gesch\u00e4tzte Lesezeit":"20\u00a0Minuten"},"schema":{"@context":"https:\/\/schema.org","@graph":[{"@type":"WebPage","@id":"https:\/\/www.adlernest.com\/de\/100-familie\/wochenprogramm","url":"https:\/\/www.adlernest.com\/de\/100-familie\/wochenprogramm","name":"100% Spa\u00df - Unser Wochenprogramm f\u00fcr Kinder","isPartOf":{"@id":"https:\/\/www.adlernest.com\/de\/#website"},"datePublished":"2023-09-29T12:44:16+00:00","dateModified":"2023-09-29T14:15:01+00:00","description":"100% Spa\u00df - Unser Wochenprogramm f\u00fcr Kinder","breadcrumb":{"@id":"https:\/\/www.adlernest.com\/de\/100-familie\/wochenprogramm#breadcrumb"},"inLanguage":"de","potentialAction":[{"@type":"ReadAction","target":["https:\/\/www.adlernest.com\/de\/100-familie\/wochenprogramm"]}]},{"@type":"BreadcrumbList","@id":"https:\/\/www.adlernest.com\/de\/100-familie\/wochenprogramm#breadcrumb","itemListElement":[{"@type":"ListItem","position":1,"name":"Home","item":"https:\/\/www.adlernest.com\/de"},{"@type":"ListItem","position":2,"name":"100% Family","item":"https:\/\/www.adlernest.com\/de\/100-familie"},{"@type":"ListItem","position":3,"name":"Wochenprogramm"}]},{"@type":"WebSite","@id":"https:\/\/www.adlernest.com\/de\/#website","url":"https:\/\/www.adlernest.com\/de\/","name":"Aktiv & Familienhotel Adlernest","description":"","publisher":{"@id":"https:\/\/www.adlernest.com\/de\/#organization"},"alternateName":"Familienhotel im Schnalstal","potentialAction":[{"@type":"SearchAction","target":{"@type":"EntryPoint","urlTemplate":"https:\/\/www.adlernest.com\/de\/?s={search_term_string}"},"query-input":{"@type":"PropertyValueSpecification","valueRequired":true,"valueName":"search_term_string"}}],"inLanguage":"de"},{"@type":"Organization","@id":"https:\/\/www.adlernest.com\/de\/#organization","name":"Adlernest","url":"https:\/\/www.adlernest.com\/de\/","logo":{"@type":"ImageObject","inLanguage":"de","@id":"https:\/\/www.adlernest.com\/de\/#\/schema\/logo\/image\/","url":"https:\/\/www.adlernest.com\/wp-content\/uploads\/2023\/10\/Ebene_1.svg","contentUrl":"https:\/\/www.adlernest.com\/wp-content\/uploads\/2023\/10\/Ebene_1.svg","width":47,"height":54,"caption":"Adlernest"},"image":{"@id":"https:\/\/www.adlernest.com\/de\/#\/schema\/logo\/image\/"},"sameAs":["https:\/\/de-de.facebook.com\/adlernest","https:\/\/www.instagram.com\/adlernest_schnals\/"]}]}},"_links":{"self":[{"href":"https:\/\/www.adlernest.com\/de\/wp-json\/wp\/v2\/pages\/2859","targetHints":{"allow":["GET"]}}],"collection":[{"href":"https:\/\/www.adlernest.com\/de\/wp-json\/wp\/v2\/pages"}],"about":[{"href":"https:\/\/www.adlernest.com\/de\/wp-json\/wp\/v2\/types\/page"}],"author":[{"embeddable":true,"href":"https:\/\/www.adlernest.com\/de\/wp-json\/wp\/v2\/users\/1"}],"replies":[{"embeddable":true,"href":"https:\/\/www.adlernest.com\/de\/wp-json\/wp\/v2\/comments?post=2859"}],"version-history":[{"count":7,"href":"https:\/\/www.adlernest.com\/de\/wp-json\/wp\/v2\/pages\/2859\/revisions"}],"predecessor-version":[{"id":2866,"href":"https:\/\/www.adlernest.com\/de\/wp-json\/wp\/v2\/pages\/2859\/revisions\/2866"}],"up":[{"embeddable":true,"href":"https:\/\/www.adlernest.com\/de\/wp-json\/wp\/v2\/pages\/114"}],"wp:attachment":[{"href":"https:\/\/www.adlernest.com\/de\/wp-json\/wp\/v2\/media?parent=2859"}],"curies":[{"name":"wp","href":"https:\/\/api.w.org\/{rel}","templated":true}]}}