{"id":3665,"date":"2023-09-29T17:28:47","date_gmt":"2023-09-29T15:28:47","guid":{"rendered":"https:\/\/www.adlernest.com\/?page_id=3665"},"modified":"2023-10-29T17:39:37","modified_gmt":"2023-10-29T16:39:37","slug":"newsletter","status":"publish","type":"page","link":"https:\/\/www.adlernest.com\/de\/newsletter","title":{"rendered":"Newsletter"},"content":{"rendered":"\t\t<div data-elementor-type=\"wp-page\" data-elementor-id=\"3665\" class=\"elementor elementor-3665\" data-elementor-post-type=\"page\">\n\t\t\t\t\t\t<section class=\"elementor-section elementor-top-section elementor-element elementor-element-1ad35678 elementor-section-boxed elementor-section-height-default elementor-section-height-default\" data-id=\"1ad35678\" data-element_type=\"section\" data-e-type=\"section\">\n\t\t\t\t\t\t<div class=\"elementor-container elementor-column-gap-default\">\n\t\t\t\t\t<div class=\"elementor-column elementor-col-100 elementor-top-column elementor-element elementor-element-cc02b67\" data-id=\"cc02b67\" data-element_type=\"column\" data-e-type=\"column\">\n\t\t\t<div class=\"elementor-widget-wrap elementor-element-populated\">\n\t\t\t\t\t\t<div class=\"elementor-element elementor-element-4589c9b2 elementor-widget elementor-widget-spacer\" data-id=\"4589c9b2\" data-element_type=\"widget\" data-e-type=\"widget\" data-widget_type=\"spacer.default\">\n\t\t\t\t<div class=\"elementor-widget-container\">\n\t\t\t\t\t\t\t<div class=\"elementor-spacer\">\n\t\t\t<div class=\"elementor-spacer-inner\"><\/div>\n\t\t<\/div>\n\t\t\t\t\t\t<\/div>\n\t\t\t\t<\/div>\n\t\t\t\t<div class=\"elementor-element elementor-element-6e95f6df elementor-widget elementor-widget-heading\" data-id=\"6e95f6df\" data-element_type=\"widget\" data-e-type=\"widget\" data-widget_type=\"heading.default\">\n\t\t\t\t<div class=\"elementor-widget-container\">\n\t\t\t\t\t<h1 class=\"elementor-heading-title elementor-size-default\">Newsletter<\/h1>\t\t\t\t<\/div>\n\t\t\t\t<\/div>\n\t\t\t\t<div class=\"elementor-element elementor-element-6ae202d2 elementor-widget elementor-widget-heading\" data-id=\"6ae202d2\" data-element_type=\"widget\" data-e-type=\"widget\" data-widget_type=\"heading.default\">\n\t\t\t\t<div class=\"elementor-widget-container\">\n\t\t\t\t\t<h2 class=\"elementor-heading-title elementor-size-default\">Jetzt kostenlosen Newsletter abonieren<\/h2>\t\t\t\t<\/div>\n\t\t\t\t<\/div>\n\t\t\t\t<div class=\"elementor-element elementor-element-7800f71f elementor-widget elementor-widget-text-editor\" data-id=\"7800f71f\" data-element_type=\"widget\" data-e-type=\"widget\" data-widget_type=\"text-editor.default\">\n\t\t\t\t<div class=\"elementor-widget-container\">\n\t\t\t\t\t\t\t\t\t<p>Sie m\u00f6chten \u00fcber Neuigkeiten informiert werden? Dann einfach E-Mail-Adresse eingeben.<\/p>\t\t\t\t\t\t\t\t<\/div>\n\t\t\t\t<\/div>\n\t\t\t\t<div class=\"elementor-element elementor-element-bad0a99 elementor-widget elementor-widget-html\" data-id=\"bad0a99\" data-element_type=\"widget\" data-e-type=\"widget\" data-widget_type=\"html.default\">\n\t\t\t\t<div class=\"elementor-widget-container\">\n\t\t\t\t\t<form class=\"layout_form cr_form cr_font\" action=\"https:\/\/eu.cleverreach.com\/f\/87055-125210\/wcs\/\" method=\"post\" target=\"_blank\">\n  <input id=\"text2813955\" class=\"input-class-email\" name=\"email\" style=\"width:50%; margin-right:10px;\" value=\"\" type=\"text\" placeholder=\"Ihre E-Mail *\" \/>\n  <button type=\"submit\" cladss=\"cr_button\">Newsletter&nbsp;abonnieren<\/button>\n<\/form>\n\t\t\t    <div class=\"nl-dsgvo\" style=\"margin-top:20px; margin-bottom:20px\">\n      \n      <input name=\"nl-dsgvo\" type=\"checkbox\" id=\"nl-dsgvo\" class=\"checkbox\" value=\"1\" \/> <span class=\"nl-dsgvo-error\">* Bitte Privacy akzeptieren<\/span> <label for=\"nl-dsgvo\" id=\"nl-dsgvo\" style=\"margin-top:20px;\">Ich bin damit einverstanden, dass mich die Hotel Schwarzer Adler d. Gamper A. & Co. Kg \u00fcber Angebote, Neuerungen und Veranstaltungen informiert.<\/label>\n    <\/div>\n\n\t\t\t<p>Meine Daten werden ausschlie\u00dflich zu diesem Zweck genutzt. Insbesondere erfolgt keine Weitergabe an unberechtigte Dritte.<br \/><br \/>Mir ist bekannt, dass ich meine Einwilligung jederzeit mit Wirkung f\u00fcr die Zukunft widerrufen kann. Dies kann ich \u00fcber folgende Kan\u00e4le tun: elektronisch \u00fcber den Abmeldelink in jedem Newsletter, per E-Mail an: <a href=\"mailto:info@adlernest.com\" class=\"email\" title=\"info@adlernest.com\">info@adlernest.com<\/a> oder postalisch an Hotel Schwarzer Adler d. Gamper A. &amp; Co. Kg, Unser Frau 26, 39020 Schnals (BZ).<br \/><br \/>Es gilt die <a href=\"de\/credits\/privacy\/\" class=\"internal-link\">Datenschutzerkl\u00e4rung<\/a> der Firma Hotel Schwarzer Adler d. Gamper A. &amp; Co. Kg, die auch weitere Informationen \u00fcber die M\u00f6glichkeiten zur Berichtigung, L\u00f6schung und Sperrung meiner Daten beinhaltet.<\/p>\n\t\t<\/div>\n\n\t\n\n    <\/form>\t\t\t\t<\/div>\n\t\t\t\t<\/div>\n\t\t\t\t\t<\/div>\n\t\t<\/div>\n\t\t\t\t\t<\/div>\n\t\t<\/section>\n\t\t\t\t<section class=\"elementor-section elementor-top-section elementor-element elementor-element-63455d6 elementor-section-boxed elementor-section-height-default elementor-section-height-default\" data-id=\"63455d6\" data-element_type=\"section\" data-e-type=\"section\">\n\t\t\t\t\t\t<div class=\"elementor-container elementor-column-gap-default\">\n\t\t\t\t\t<div class=\"elementor-column elementor-col-100 elementor-top-column elementor-element elementor-element-a8bd9b2\" data-id=\"a8bd9b2\" data-element_type=\"column\" data-e-type=\"column\">\n\t\t\t<div class=\"elementor-widget-wrap elementor-element-populated\">\n\t\t\t\t\t\t<div class=\"elementor-element elementor-element-0b05865 elementor-widget elementor-widget-spacer\" data-id=\"0b05865\" data-element_type=\"widget\" data-e-type=\"widget\" data-widget_type=\"spacer.default\">\n\t\t\t\t<div class=\"elementor-widget-container\">\n\t\t\t\t\t\t\t<div class=\"elementor-spacer\">\n\t\t\t<div class=\"elementor-spacer-inner\"><\/div>\n\t\t<\/div>\n\t\t\t\t\t\t<\/div>\n\t\t\t\t<\/div>\n\t\t\t\t\t<\/div>\n\t\t<\/div>\n\t\t\t\t\t<\/div>\n\t\t<\/section>\n\t\t\t\t<\/div>\n\t\t","protected":false},"excerpt":{"rendered":"<p>Newsletter Jetzt kostenlosen Newsletter abonieren Sie m\u00f6chten \u00fcber Neuigkeiten informiert werden? Dann einfach E-Mail-Adresse eingeben. Newsletter&nbsp;abonnieren * Bitte Privacy akzeptieren Ich bin damit einverstanden, dass mich die Hotel Schwarzer Adler d. Gamper A. &#038; Co. Kg \u00fcber Angebote, Neuerungen und Veranstaltungen informiert. Meine Daten werden ausschlie\u00dflich zu diesem Zweck genutzt. Insbesondere erfolgt keine Weitergabe an [&hellip;]<\/p>\n","protected":false},"author":1,"featured_media":0,"parent":0,"menu_order":0,"comment_status":"closed","ping_status":"closed","template":"","meta":{"_acf_changed":false,"footnotes":""},"class_list":["post-3665","page","type-page","status-publish","hentry"],"acf":[],"yoast_head":"<!-- This site is optimized with the Yoast SEO Premium plugin v27.0 (Yoast SEO v27.3) - https:\/\/yoast.com\/product\/yoast-seo-premium-wordpress\/ -->\n<title>Newsletter | Aktiv &amp; Familienhotel Adlernest<\/title>\n<meta name=\"robots\" content=\"index, follow, max-snippet:-1, max-image-preview:large, max-video-preview:-1\" \/>\n<link rel=\"canonical\" href=\"https:\/\/www.adlernest.com\/de\/newsletter\" \/>\n<meta property=\"og:locale\" content=\"de_DE\" \/>\n<meta property=\"og:type\" content=\"article\" \/>\n<meta property=\"og:title\" content=\"Newsletter\" \/>\n<meta property=\"og:description\" content=\"Newsletter Jetzt kostenlosen Newsletter abonieren Sie m\u00f6chten \u00fcber Neuigkeiten informiert werden? Dann einfach E-Mail-Adresse eingeben. Newsletter&nbsp;abonnieren * Bitte Privacy akzeptieren Ich bin damit einverstanden, dass mich die Hotel Schwarzer Adler d. Gamper A. &#038; Co. Kg \u00fcber Angebote, Neuerungen und Veranstaltungen informiert. Meine Daten werden ausschlie\u00dflich zu diesem Zweck genutzt. Insbesondere erfolgt keine Weitergabe an [&hellip;]\" \/>\n<meta property=\"og:url\" content=\"https:\/\/www.adlernest.com\/de\/newsletter\" \/>\n<meta property=\"og:site_name\" content=\"Adlernest\" \/>\n<meta property=\"article:publisher\" content=\"https:\/\/de-de.facebook.com\/adlernest\" \/>\n<meta property=\"article:modified_time\" content=\"2023-10-29T16:39:37+00:00\" \/>\n<meta property=\"og:image\" content=\"https:\/\/www.adlernest.com\/wp-content\/uploads\/2023\/10\/Rectangle-1.jpg\" \/>\n\t<meta property=\"og:image:width\" content=\"381\" \/>\n\t<meta property=\"og:image:height\" content=\"382\" \/>\n\t<meta property=\"og:image:type\" content=\"image\/jpeg\" \/>\n<meta name=\"twitter:card\" content=\"summary_large_image\" \/>\n<meta name=\"twitter:label1\" content=\"Gesch\u00e4tzte Lesezeit\" \/>\n\t<meta name=\"twitter:data1\" content=\"1\u00a0Minute\" \/>\n<script type=\"application\/ld+json\" class=\"yoast-schema-graph\">{\"@context\":\"https:\\\/\\\/schema.org\",\"@graph\":[{\"@type\":\"WebPage\",\"@id\":\"https:\\\/\\\/www.adlernest.com\\\/de\\\/newsletter\",\"url\":\"https:\\\/\\\/www.adlernest.com\\\/de\\\/newsletter\",\"name\":\"Newsletter | Aktiv & Familienhotel Adlernest\",\"isPartOf\":{\"@id\":\"https:\\\/\\\/www.adlernest.com\\\/de\\\/#website\"},\"datePublished\":\"2023-09-29T15:28:47+00:00\",\"dateModified\":\"2023-10-29T16:39:37+00:00\",\"breadcrumb\":{\"@id\":\"https:\\\/\\\/www.adlernest.com\\\/de\\\/newsletter#breadcrumb\"},\"inLanguage\":\"de\",\"potentialAction\":[{\"@type\":\"ReadAction\",\"target\":[\"https:\\\/\\\/www.adlernest.com\\\/de\\\/newsletter\"]}]},{\"@type\":\"BreadcrumbList\",\"@id\":\"https:\\\/\\\/www.adlernest.com\\\/de\\\/newsletter#breadcrumb\",\"itemListElement\":[{\"@type\":\"ListItem\",\"position\":1,\"name\":\"Home\",\"item\":\"https:\\\/\\\/www.adlernest.com\\\/de\"},{\"@type\":\"ListItem\",\"position\":2,\"name\":\"Newsletter\"}]},{\"@type\":\"WebSite\",\"@id\":\"https:\\\/\\\/www.adlernest.com\\\/de\\\/#website\",\"url\":\"https:\\\/\\\/www.adlernest.com\\\/de\\\/\",\"name\":\"Aktiv & Familienhotel Adlernest\",\"description\":\"\",\"publisher\":{\"@id\":\"https:\\\/\\\/www.adlernest.com\\\/de\\\/#organization\"},\"alternateName\":\"Familienhotel im Schnalstal\",\"potentialAction\":[{\"@type\":\"SearchAction\",\"target\":{\"@type\":\"EntryPoint\",\"urlTemplate\":\"https:\\\/\\\/www.adlernest.com\\\/de\\\/?s={search_term_string}\"},\"query-input\":{\"@type\":\"PropertyValueSpecification\",\"valueRequired\":true,\"valueName\":\"search_term_string\"}}],\"inLanguage\":\"de\"},{\"@type\":\"Organization\",\"@id\":\"https:\\\/\\\/www.adlernest.com\\\/de\\\/#organization\",\"name\":\"Adlernest\",\"url\":\"https:\\\/\\\/www.adlernest.com\\\/de\\\/\",\"logo\":{\"@type\":\"ImageObject\",\"inLanguage\":\"de\",\"@id\":\"https:\\\/\\\/www.adlernest.com\\\/de\\\/#\\\/schema\\\/logo\\\/image\\\/\",\"url\":\"https:\\\/\\\/www.adlernest.com\\\/wp-content\\\/uploads\\\/2023\\\/10\\\/Ebene_1.svg\",\"contentUrl\":\"https:\\\/\\\/www.adlernest.com\\\/wp-content\\\/uploads\\\/2023\\\/10\\\/Ebene_1.svg\",\"width\":47,\"height\":54,\"caption\":\"Adlernest\"},\"image\":{\"@id\":\"https:\\\/\\\/www.adlernest.com\\\/de\\\/#\\\/schema\\\/logo\\\/image\\\/\"},\"sameAs\":[\"https:\\\/\\\/de-de.facebook.com\\\/adlernest\",\"https:\\\/\\\/www.instagram.com\\\/adlernest_schnals\\\/\"]}]}<\/script>\n<!-- \/ Yoast SEO Premium plugin. -->","yoast_head_json":{"title":"Newsletter | Aktiv & Familienhotel Adlernest","robots":{"index":"index","follow":"follow","max-snippet":"max-snippet:-1","max-image-preview":"max-image-preview:large","max-video-preview":"max-video-preview:-1"},"canonical":"https:\/\/www.adlernest.com\/de\/newsletter","og_locale":"de_DE","og_type":"article","og_title":"Newsletter","og_description":"Newsletter Jetzt kostenlosen Newsletter abonieren Sie m\u00f6chten \u00fcber Neuigkeiten informiert werden? Dann einfach E-Mail-Adresse eingeben. Newsletter&nbsp;abonnieren * Bitte Privacy akzeptieren Ich bin damit einverstanden, dass mich die Hotel Schwarzer Adler d. Gamper A. &#038; Co. Kg \u00fcber Angebote, Neuerungen und Veranstaltungen informiert. Meine Daten werden ausschlie\u00dflich zu diesem Zweck genutzt. Insbesondere erfolgt keine Weitergabe an [&hellip;]","og_url":"https:\/\/www.adlernest.com\/de\/newsletter","og_site_name":"Adlernest","article_publisher":"https:\/\/de-de.facebook.com\/adlernest","article_modified_time":"2023-10-29T16:39:37+00:00","og_image":[{"width":381,"height":382,"url":"https:\/\/www.adlernest.com\/wp-content\/uploads\/2023\/10\/Rectangle-1.jpg","type":"image\/jpeg"}],"twitter_card":"summary_large_image","twitter_misc":{"Gesch\u00e4tzte Lesezeit":"1\u00a0Minute"},"schema":{"@context":"https:\/\/schema.org","@graph":[{"@type":"WebPage","@id":"https:\/\/www.adlernest.com\/de\/newsletter","url":"https:\/\/www.adlernest.com\/de\/newsletter","name":"Newsletter | Aktiv & Familienhotel Adlernest","isPartOf":{"@id":"https:\/\/www.adlernest.com\/de\/#website"},"datePublished":"2023-09-29T15:28:47+00:00","dateModified":"2023-10-29T16:39:37+00:00","breadcrumb":{"@id":"https:\/\/www.adlernest.com\/de\/newsletter#breadcrumb"},"inLanguage":"de","potentialAction":[{"@type":"ReadAction","target":["https:\/\/www.adlernest.com\/de\/newsletter"]}]},{"@type":"BreadcrumbList","@id":"https:\/\/www.adlernest.com\/de\/newsletter#breadcrumb","itemListElement":[{"@type":"ListItem","position":1,"name":"Home","item":"https:\/\/www.adlernest.com\/de"},{"@type":"ListItem","position":2,"name":"Newsletter"}]},{"@type":"WebSite","@id":"https:\/\/www.adlernest.com\/de\/#website","url":"https:\/\/www.adlernest.com\/de\/","name":"Aktiv & Familienhotel Adlernest","description":"","publisher":{"@id":"https:\/\/www.adlernest.com\/de\/#organization"},"alternateName":"Familienhotel im Schnalstal","potentialAction":[{"@type":"SearchAction","target":{"@type":"EntryPoint","urlTemplate":"https:\/\/www.adlernest.com\/de\/?s={search_term_string}"},"query-input":{"@type":"PropertyValueSpecification","valueRequired":true,"valueName":"search_term_string"}}],"inLanguage":"de"},{"@type":"Organization","@id":"https:\/\/www.adlernest.com\/de\/#organization","name":"Adlernest","url":"https:\/\/www.adlernest.com\/de\/","logo":{"@type":"ImageObject","inLanguage":"de","@id":"https:\/\/www.adlernest.com\/de\/#\/schema\/logo\/image\/","url":"https:\/\/www.adlernest.com\/wp-content\/uploads\/2023\/10\/Ebene_1.svg","contentUrl":"https:\/\/www.adlernest.com\/wp-content\/uploads\/2023\/10\/Ebene_1.svg","width":47,"height":54,"caption":"Adlernest"},"image":{"@id":"https:\/\/www.adlernest.com\/de\/#\/schema\/logo\/image\/"},"sameAs":["https:\/\/de-de.facebook.com\/adlernest","https:\/\/www.instagram.com\/adlernest_schnals\/"]}]}},"_links":{"self":[{"href":"https:\/\/www.adlernest.com\/de\/wp-json\/wp\/v2\/pages\/3665","targetHints":{"allow":["GET"]}}],"collection":[{"href":"https:\/\/www.adlernest.com\/de\/wp-json\/wp\/v2\/pages"}],"about":[{"href":"https:\/\/www.adlernest.com\/de\/wp-json\/wp\/v2\/types\/page"}],"author":[{"embeddable":true,"href":"https:\/\/www.adlernest.com\/de\/wp-json\/wp\/v2\/users\/1"}],"replies":[{"embeddable":true,"href":"https:\/\/www.adlernest.com\/de\/wp-json\/wp\/v2\/comments?post=3665"}],"version-history":[{"count":19,"href":"https:\/\/www.adlernest.com\/de\/wp-json\/wp\/v2\/pages\/3665\/revisions"}],"predecessor-version":[{"id":7119,"href":"https:\/\/www.adlernest.com\/de\/wp-json\/wp\/v2\/pages\/3665\/revisions\/7119"}],"wp:attachment":[{"href":"https:\/\/www.adlernest.com\/de\/wp-json\/wp\/v2\/media?parent=3665"}],"curies":[{"name":"wp","href":"https:\/\/api.w.org\/{rel}","templated":true}]}}