{"id":11014,"date":"2024-02-28T16:26:32","date_gmt":"2024-02-28T15:26:32","guid":{"rendered":"https:\/\/www.adlernest.com\/100-family\/familienhotels-sudtirol"},"modified":"2025-07-04T14:22:39","modified_gmt":"2025-07-04T12:22:39","slug":"familienhotels-sudtirol","status":"publish","type":"page","link":"https:\/\/www.adlernest.com\/it\/100-family\/familienhotels-sudtirol","title":{"rendered":"Adlernest presso i Familienhotels S\u00fcdtirol"},"content":{"rendered":"\t\t<div data-elementor-type=\"wp-page\" data-elementor-id=\"11014\" class=\"elementor elementor-11014 elementor-10963\" data-elementor-post-type=\"page\">\n\t\t\t\t\t\t<section class=\"elementor-section elementor-top-section elementor-element elementor-element-7d085b70 elementor-section-boxed elementor-section-height-default elementor-section-height-default\" data-id=\"7d085b70\" data-element_type=\"section\" data-e-type=\"section\">\n\t\t\t\t\t\t<div class=\"elementor-container elementor-column-gap-default\">\n\t\t\t\t\t<div class=\"elementor-column elementor-col-100 elementor-top-column elementor-element elementor-element-7f0fa279\" data-id=\"7f0fa279\" data-element_type=\"column\" data-e-type=\"column\">\n\t\t\t<div class=\"elementor-widget-wrap elementor-element-populated\">\n\t\t\t\t\t\t<div class=\"elementor-element elementor-element-12149742 elementor-widget elementor-widget-spacer\" data-id=\"12149742\" data-element_type=\"widget\" data-e-type=\"widget\" data-widget_type=\"spacer.default\">\n\t\t\t\t<div class=\"elementor-widget-container\">\n\t\t\t\t\t\t\t<div class=\"elementor-spacer\">\n\t\t\t<div class=\"elementor-spacer-inner\"><\/div>\n\t\t<\/div>\n\t\t\t\t\t\t<\/div>\n\t\t\t\t<\/div>\n\t\t\t\t<div class=\"elementor-element elementor-element-6ab8bb18 elementor-widget elementor-widget-heading\" data-id=\"6ab8bb18\" data-element_type=\"widget\" data-e-type=\"widget\" data-widget_type=\"heading.default\">\n\t\t\t\t<div class=\"elementor-widget-container\">\n\t\t\t\t\t<h1 class=\"elementor-heading-title elementor-size-default\">Adlernest come Luogo della famiglia felice<\/h1>\t\t\t\t<\/div>\n\t\t\t\t<\/div>\n\t\t\t\t<div class=\"elementor-element elementor-element-1502db0d elementor-widget elementor-widget-text-editor\" data-id=\"1502db0d\" data-element_type=\"widget\" data-e-type=\"widget\" data-widget_type=\"text-editor.default\">\n\t\t\t\t<div class=\"elementor-widget-container\">\n\t\t\t\t\t\t\t\t\t<p>Su Adlernest le famiglie vengono prima di tutto. Rendere felici bambini e adulti \u00e8 la nostra motivazione, la nostra missione. Perch\u00e9 la felicit\u00e0 della famiglia \u00e8 felicit\u00e0 per tutti. Per mamma e pap\u00e0, pap\u00e0 e pap\u00e0, nonna e nonno, per tutti i fratelli, i padrini, i cugini e chiunque altro faccia parte della famiglia. Ed \u00e8 proprio questo che noi del <a href=\"https:\/\/www.familienhotels.com\/\" target=\"_blank\" rel=\"noopener\"><strong>Familienhotels S\u00fcdtirol<\/strong><\/a> attribuiamo grande importanza al fatto che tutti i membri della famiglia trascorrano una vacanza felice, in cui ogni momento trascorso insieme<br>sia prezioso. E nel nostro hotel per famiglie in Val Senales\/Schnalstal facciamo tutto il possibile.     <\/p>\t\t\t\t\t\t\t\t<\/div>\n\t\t\t\t<\/div>\n\t\t\t\t<div class=\"elementor-element elementor-element-6f49768 elementor-widget elementor-widget-spacer\" data-id=\"6f49768\" data-element_type=\"widget\" data-e-type=\"widget\" data-widget_type=\"spacer.default\">\n\t\t\t\t<div class=\"elementor-widget-container\">\n\t\t\t\t\t\t\t<div class=\"elementor-spacer\">\n\t\t\t<div class=\"elementor-spacer-inner\"><\/div>\n\t\t<\/div>\n\t\t\t\t\t\t<\/div>\n\t\t\t\t<\/div>\n\t\t\t\t<div class=\"elementor-element elementor-element-2ff063c elementor-widget elementor-widget-heading\" data-id=\"2ff063c\" data-element_type=\"widget\" data-e-type=\"widget\" data-widget_type=\"heading.default\">\n\t\t\t\t<div class=\"elementor-widget-container\">\n\t\t\t\t\t<h2 class=\"elementor-heading-title elementor-size-default\">Le esperienze della famiglia<\/h2>\t\t\t\t<\/div>\n\t\t\t\t<\/div>\n\t\t\t\t<div class=\"elementor-element elementor-element-80f4629 elementor-widget elementor-widget-text-editor\" data-id=\"80f4629\" data-element_type=\"widget\" data-e-type=\"widget\" data-widget_type=\"text-editor.default\">\n\t\t\t\t<div class=\"elementor-widget-container\">\n\t\t\t\t\t\t\t\t\t<p class=\"p1\">In quanto membro di Familienhotels S\u00fcdtirol, il nostro hotel \u00e8 orientato alle famiglie dalla testa ai piedi &#8211; e alle famiglie di tutte le costellazioni. Bambini piccoli, adolescenti, nonni, amici del cuore, zii e cugini trascorrono vacanze ricche di eventi. E tutte queste famiglie hanno esigenze diverse, che vengono soddisfatte dalle <strong>Esperienze Famiglia<\/strong>. Le Esperienze Familiari sono <strong>mondi avventurosi<\/strong> che trasformano le vacanze con la famiglia in un momento di pausa pieno di felicit\u00e0. Su Adlernest potrai scoprire i seguenti mondi di esperienze:    <\/p>\t\t\t\t\t\t\t\t<\/div>\n\t\t\t\t<\/div>\n\t\t\t\t<section class=\"elementor-section elementor-inner-section elementor-element elementor-element-6f0bb9f elementor-section-boxed elementor-section-height-default elementor-section-height-default\" data-id=\"6f0bb9f\" data-element_type=\"section\" data-e-type=\"section\">\n\t\t\t\t\t\t<div class=\"elementor-container elementor-column-gap-default\">\n\t\t\t\t\t<div class=\"elementor-column elementor-col-50 elementor-inner-column elementor-element elementor-element-5e8bbf3\" data-id=\"5e8bbf3\" data-element_type=\"column\" data-e-type=\"column\">\n\t\t\t<div class=\"elementor-widget-wrap elementor-element-populated\">\n\t\t\t\t\t\t<div class=\"elementor-element elementor-element-6756613 elementor-widget__width-initial elementor-widget elementor-widget-text-editor\" data-id=\"6756613\" data-element_type=\"widget\" data-e-type=\"widget\" data-widget_type=\"text-editor.default\">\n\t\t\t\t<div class=\"elementor-widget-container\">\n\t\t\t\t\t\t\t\t\t<p class=\"p1\"><strong>FATTORIA PER BAMBINI:<\/strong> i bambini amano gli animali. Con noi potranno conoscere da vicino i loro amici pelosi e imparare tante cose interessanti sul modo giusto di trattare gli animali. &nbsp;<\/p>\n<p class=\"p1\"><strong>FELICE ADOLESCENTE:<\/strong> nel periodo che intercorre tra l&#8217;infanzia e l&#8217;et\u00e0 adulta, hai la tua idea di vacanza di successo. Su Adlernest, ogni esigenza degli adolescenti sar\u00e0 soddisfatta. <\/p>\t\t\t\t\t\t\t\t<\/div>\n\t\t\t\t<\/div>\n\t\t\t\t\t<\/div>\n\t\t<\/div>\n\t\t\t\t<div class=\"elementor-column elementor-col-50 elementor-inner-column elementor-element elementor-element-93332bf\" data-id=\"93332bf\" data-element_type=\"column\" data-e-type=\"column\">\n\t\t\t<div class=\"elementor-widget-wrap elementor-element-populated\">\n\t\t\t\t\t\t<div class=\"elementor-element elementor-element-8a63a48 elementor-widget__width-initial elementor-widget elementor-widget-text-editor\" data-id=\"8a63a48\" data-element_type=\"widget\" data-e-type=\"widget\" data-widget_type=\"text-editor.default\">\n\t\t\t\t<div class=\"elementor-widget-container\">\n\t\t\t\t\t\t\t\t\t<p class=\"p1\"><strong>AVVENTURA ALL&#8217;ESTERO:<\/strong> in estate \u00e8 il momento di uscire all&#8217;aperto &#8211; pi\u00f9 avventuroso \u00e8, meglio \u00e8. La nostra attenzione si concentra su emozionanti sfide all&#8217;aria aperta.   <\/p><p class=\"p1\"><strong style=\"color: var( --e-global-color-text );\">AZIONE INVERNALE: <\/strong><span style=\"color: var( --e-global-color-text );\">L&#8217;inverno non \u00e8 solo sci: Se ti piacciono anche le escursioni, lo slittino, lo sci di fondo o esplorare la campagna con le racchette da neve in inverno, sei nel posto giusto. <\/span> <\/p>\t\t\t\t\t\t\t\t<\/div>\n\t\t\t\t<\/div>\n\t\t\t\t\t<\/div>\n\t\t<\/div>\n\t\t\t\t\t<\/div>\n\t\t<\/section>\n\t\t\t\t<div class=\"elementor-element elementor-element-f12e403 elementor-widget elementor-widget-spacer\" data-id=\"f12e403\" data-element_type=\"widget\" data-e-type=\"widget\" data-widget_type=\"spacer.default\">\n\t\t\t\t<div class=\"elementor-widget-container\">\n\t\t\t\t\t\t\t<div class=\"elementor-spacer\">\n\t\t\t<div class=\"elementor-spacer-inner\"><\/div>\n\t\t<\/div>\n\t\t\t\t\t\t<\/div>\n\t\t\t\t<\/div>\n\t\t\t\t<div class=\"elementor-element elementor-element-9bd9d8c elementor-widget elementor-widget-heading\" data-id=\"9bd9d8c\" data-element_type=\"widget\" data-e-type=\"widget\" data-widget_type=\"heading.default\">\n\t\t\t\t<div class=\"elementor-widget-container\">\n\t\t\t\t\t<h2 class=\"elementor-heading-title elementor-size-default\">Il Programma Natura di Familienhotels S\u00fcdtirol<\/h2>\t\t\t\t<\/div>\n\t\t\t\t<\/div>\n\t\t\t\t<div class=\"elementor-element elementor-element-a3c281c elementor-widget elementor-widget-text-editor\" data-id=\"a3c281c\" data-element_type=\"widget\" data-e-type=\"widget\" data-widget_type=\"text-editor.default\">\n\t\t\t\t<div class=\"elementor-widget-container\">\n\t\t\t\t\t\t\t\t\t<p class=\"p1\">Lezioni di artigianato con rami, muschio e pietre. Cacce al tesoro per piccole menti curiose. Giochi che insegnano ai bambini l&#8217;importanza della natura. Questo \u00e8 ci\u00f2 che offre il <strong><a href=\"https:\/\/www.adlernest.com\/it\/100-family\/programma-natura-familienhotels-suedtirol\">Programma Natura di Familienhotels S\u00fcdtirol<\/a><\/strong>un programma d&#8217;avventura nei variegati paesaggi dell&#8217;Alto Adige &#8211; i migliori parchi giochi d&#8217;avventura che ci siano. A seconda dell&#8217;et\u00e0 dei bambini, il programma offre loro attivit\u00e0 diverse.      <\/p><p class=\"p1\">Insieme ai nostri avventurosi assistenti all&#8217;infanzia, i bambini si avventurano nei boschi e nei prati per vivere avventure, visite di scoperta e cacce al tesoro. Lezioni di artigianato, laboratori, corsi di cucina, momenti di gioco e molto altro ancora sono tra le attivit\u00e0 che fanno volare il tempo dei bambini. E dove fanno nuove amicizie. Il <strong>programma<\/strong> Natura di Familienhotels S\u00fcdtirol cambia ogni anno e spazia dalla cucina selvatica all&#8217;arte della natura e alle esperienze dell&#8217;Et\u00e0 della Pietra.   <\/p>\t\t\t\t\t\t\t\t<\/div>\n\t\t\t\t<\/div>\n\t\t\t\t\t<\/div>\n\t\t<\/div>\n\t\t\t\t\t<\/div>\n\t\t<\/section>\n\t\t\t\t<\/div>\n\t\t","protected":false},"excerpt":{"rendered":"<p>Adlernest come Luogo della famiglia felice Su Adlernest le famiglie vengono prima di tutto. Rendere felici bambini e adulti \u00e8 la nostra motivazione, la nostra missione. Perch\u00e9 la felicit\u00e0 della famiglia \u00e8 felicit\u00e0 per tutti. Per mamma e pap\u00e0, pap\u00e0 e pap\u00e0, nonna e nonno, per tutti i fratelli, i padrini, i cugini e chiunque [&hellip;]<\/p>\n","protected":false},"author":1,"featured_media":0,"parent":6049,"menu_order":0,"comment_status":"closed","ping_status":"closed","template":"","meta":{"_acf_changed":false,"footnotes":""},"class_list":["post-11014","page","type-page","status-publish","hentry"],"acf":[],"yoast_head":"<!-- This site is optimized with the Yoast SEO Premium plugin v27.0 (Yoast SEO v27.3) - https:\/\/yoast.com\/product\/yoast-seo-premium-wordpress\/ -->\n<title>Adlernest dei Familienhotels S\u00fcdtirol<\/title>\n<meta name=\"description\" content=\"Un luogo in cui le famiglie sperimentano la vera felicit\u00e0, in cui i bambini e i genitori si prendono cura di loro. Questo \u00e8 il sito Adlernest.\" \/>\n<meta name=\"robots\" content=\"index, follow, max-snippet:-1, max-image-preview:large, max-video-preview:-1\" \/>\n<link rel=\"canonical\" href=\"https:\/\/www.adlernest.com\/it\/100-family\/familienhotels-sudtirol\" \/>\n<meta property=\"og:locale\" content=\"it_IT\" \/>\n<meta property=\"og:type\" content=\"article\" \/>\n<meta property=\"og:title\" content=\"Adlernest presso i Familienhotels S\u00fcdtirol\" \/>\n<meta property=\"og:description\" content=\"Un luogo in cui le famiglie sperimentano la vera felicit\u00e0, in cui i bambini e i genitori si prendono cura di loro. Questo \u00e8 il sito Adlernest.\" \/>\n<meta property=\"og:url\" content=\"https:\/\/www.adlernest.com\/it\/100-family\/familienhotels-sudtirol\" \/>\n<meta property=\"og:site_name\" content=\"Adlernest\" \/>\n<meta property=\"article:publisher\" content=\"https:\/\/de-de.facebook.com\/adlernest\" \/>\n<meta property=\"article:modified_time\" content=\"2025-07-04T12:22:39+00:00\" \/>\n<meta property=\"og:image\" content=\"https:\/\/www.adlernest.com\/wp-content\/uploads\/2023\/10\/Rectangle-1.jpg\" \/>\n\t<meta property=\"og:image:width\" content=\"381\" \/>\n\t<meta property=\"og:image:height\" content=\"382\" \/>\n\t<meta property=\"og:image:type\" content=\"image\/jpeg\" \/>\n<meta name=\"twitter:card\" content=\"summary_large_image\" \/>\n<meta name=\"twitter:label1\" content=\"Tempo di lettura stimato\" \/>\n\t<meta name=\"twitter:data1\" content=\"3 minuti\" \/>\n<script type=\"application\/ld+json\" class=\"yoast-schema-graph\">{\"@context\":\"https:\\\/\\\/schema.org\",\"@graph\":[{\"@type\":\"WebPage\",\"@id\":\"https:\\\/\\\/www.adlernest.com\\\/it\\\/100-family\\\/familienhotels-sudtirol\",\"url\":\"https:\\\/\\\/www.adlernest.com\\\/it\\\/100-family\\\/familienhotels-sudtirol\",\"name\":\"Adlernest dei Familienhotels S\u00fcdtirol\",\"isPartOf\":{\"@id\":\"https:\\\/\\\/www.adlernest.com\\\/it#website\"},\"datePublished\":\"2024-02-28T15:26:32+00:00\",\"dateModified\":\"2025-07-04T12:22:39+00:00\",\"description\":\"Un luogo in cui le famiglie sperimentano la vera felicit\u00e0, in cui i bambini e i genitori si prendono cura di loro. Questo \u00e8 il sito Adlernest.\",\"breadcrumb\":{\"@id\":\"https:\\\/\\\/www.adlernest.com\\\/it\\\/100-family\\\/familienhotels-sudtirol#breadcrumb\"},\"inLanguage\":\"it-IT\",\"potentialAction\":[{\"@type\":\"ReadAction\",\"target\":[\"https:\\\/\\\/www.adlernest.com\\\/it\\\/100-family\\\/familienhotels-sudtirol\"]}]},{\"@type\":\"BreadcrumbList\",\"@id\":\"https:\\\/\\\/www.adlernest.com\\\/it\\\/100-family\\\/familienhotels-sudtirol#breadcrumb\",\"itemListElement\":[{\"@type\":\"ListItem\",\"position\":1,\"name\":\"Home\",\"item\":\"https:\\\/\\\/www.adlernest.com\\\/it\"},{\"@type\":\"ListItem\",\"position\":2,\"name\":\"100% Famiglia\",\"item\":\"https:\\\/\\\/www.adlernest.com\\\/it\\\/100-family\"},{\"@type\":\"ListItem\",\"position\":3,\"name\":\"Adlernest presso i Familienhotels S\u00fcdtirol\"}]},{\"@type\":\"WebSite\",\"@id\":\"https:\\\/\\\/www.adlernest.com\\\/it#website\",\"url\":\"https:\\\/\\\/www.adlernest.com\\\/it\",\"name\":\"Aktiv & Familienhotel Adlernest\",\"description\":\"\",\"publisher\":{\"@id\":\"https:\\\/\\\/www.adlernest.com\\\/it#organization\"},\"alternateName\":\"Familienhotel im Schnalstal\",\"potentialAction\":[{\"@type\":\"SearchAction\",\"target\":{\"@type\":\"EntryPoint\",\"urlTemplate\":\"https:\\\/\\\/www.adlernest.com\\\/it?s={search_term_string}\"},\"query-input\":{\"@type\":\"PropertyValueSpecification\",\"valueRequired\":true,\"valueName\":\"search_term_string\"}}],\"inLanguage\":\"it-IT\"},{\"@type\":\"Organization\",\"@id\":\"https:\\\/\\\/www.adlernest.com\\\/it#organization\",\"name\":\"Adlernest\",\"url\":\"https:\\\/\\\/www.adlernest.com\\\/it\",\"logo\":{\"@type\":\"ImageObject\",\"inLanguage\":\"it-IT\",\"@id\":\"https:\\\/\\\/www.adlernest.com\\\/it#\\\/schema\\\/logo\\\/image\\\/\",\"url\":\"https:\\\/\\\/www.adlernest.com\\\/wp-content\\\/uploads\\\/2023\\\/10\\\/Ebene_1.svg\",\"contentUrl\":\"https:\\\/\\\/www.adlernest.com\\\/wp-content\\\/uploads\\\/2023\\\/10\\\/Ebene_1.svg\",\"width\":47,\"height\":54,\"caption\":\"Adlernest\"},\"image\":{\"@id\":\"https:\\\/\\\/www.adlernest.com\\\/it#\\\/schema\\\/logo\\\/image\\\/\"},\"sameAs\":[\"https:\\\/\\\/de-de.facebook.com\\\/adlernest\",\"https:\\\/\\\/www.instagram.com\\\/adlernest_schnals\\\/\"]}]}<\/script>\n<!-- \/ Yoast SEO Premium plugin. -->","yoast_head_json":{"title":"Adlernest dei Familienhotels S\u00fcdtirol","description":"Un luogo in cui le famiglie sperimentano la vera felicit\u00e0, in cui i bambini e i genitori si prendono cura di loro. Questo \u00e8 il sito Adlernest.","robots":{"index":"index","follow":"follow","max-snippet":"max-snippet:-1","max-image-preview":"max-image-preview:large","max-video-preview":"max-video-preview:-1"},"canonical":"https:\/\/www.adlernest.com\/it\/100-family\/familienhotels-sudtirol","og_locale":"it_IT","og_type":"article","og_title":"Adlernest presso i Familienhotels S\u00fcdtirol","og_description":"Un luogo in cui le famiglie sperimentano la vera felicit\u00e0, in cui i bambini e i genitori si prendono cura di loro. Questo \u00e8 il sito Adlernest.","og_url":"https:\/\/www.adlernest.com\/it\/100-family\/familienhotels-sudtirol","og_site_name":"Adlernest","article_publisher":"https:\/\/de-de.facebook.com\/adlernest","article_modified_time":"2025-07-04T12:22:39+00:00","og_image":[{"width":381,"height":382,"url":"https:\/\/www.adlernest.com\/wp-content\/uploads\/2023\/10\/Rectangle-1.jpg","type":"image\/jpeg"}],"twitter_card":"summary_large_image","twitter_misc":{"Tempo di lettura stimato":"3 minuti"},"schema":{"@context":"https:\/\/schema.org","@graph":[{"@type":"WebPage","@id":"https:\/\/www.adlernest.com\/it\/100-family\/familienhotels-sudtirol","url":"https:\/\/www.adlernest.com\/it\/100-family\/familienhotels-sudtirol","name":"Adlernest dei Familienhotels S\u00fcdtirol","isPartOf":{"@id":"https:\/\/www.adlernest.com\/it#website"},"datePublished":"2024-02-28T15:26:32+00:00","dateModified":"2025-07-04T12:22:39+00:00","description":"Un luogo in cui le famiglie sperimentano la vera felicit\u00e0, in cui i bambini e i genitori si prendono cura di loro. Questo \u00e8 il sito Adlernest.","breadcrumb":{"@id":"https:\/\/www.adlernest.com\/it\/100-family\/familienhotels-sudtirol#breadcrumb"},"inLanguage":"it-IT","potentialAction":[{"@type":"ReadAction","target":["https:\/\/www.adlernest.com\/it\/100-family\/familienhotels-sudtirol"]}]},{"@type":"BreadcrumbList","@id":"https:\/\/www.adlernest.com\/it\/100-family\/familienhotels-sudtirol#breadcrumb","itemListElement":[{"@type":"ListItem","position":1,"name":"Home","item":"https:\/\/www.adlernest.com\/it"},{"@type":"ListItem","position":2,"name":"100% Famiglia","item":"https:\/\/www.adlernest.com\/it\/100-family"},{"@type":"ListItem","position":3,"name":"Adlernest presso i Familienhotels S\u00fcdtirol"}]},{"@type":"WebSite","@id":"https:\/\/www.adlernest.com\/it#website","url":"https:\/\/www.adlernest.com\/it","name":"Aktiv & Familienhotel Adlernest","description":"","publisher":{"@id":"https:\/\/www.adlernest.com\/it#organization"},"alternateName":"Familienhotel im Schnalstal","potentialAction":[{"@type":"SearchAction","target":{"@type":"EntryPoint","urlTemplate":"https:\/\/www.adlernest.com\/it?s={search_term_string}"},"query-input":{"@type":"PropertyValueSpecification","valueRequired":true,"valueName":"search_term_string"}}],"inLanguage":"it-IT"},{"@type":"Organization","@id":"https:\/\/www.adlernest.com\/it#organization","name":"Adlernest","url":"https:\/\/www.adlernest.com\/it","logo":{"@type":"ImageObject","inLanguage":"it-IT","@id":"https:\/\/www.adlernest.com\/it#\/schema\/logo\/image\/","url":"https:\/\/www.adlernest.com\/wp-content\/uploads\/2023\/10\/Ebene_1.svg","contentUrl":"https:\/\/www.adlernest.com\/wp-content\/uploads\/2023\/10\/Ebene_1.svg","width":47,"height":54,"caption":"Adlernest"},"image":{"@id":"https:\/\/www.adlernest.com\/it#\/schema\/logo\/image\/"},"sameAs":["https:\/\/de-de.facebook.com\/adlernest","https:\/\/www.instagram.com\/adlernest_schnals\/"]}]}},"_links":{"self":[{"href":"https:\/\/www.adlernest.com\/it\/wp-json\/wp\/v2\/pages\/11014","targetHints":{"allow":["GET"]}}],"collection":[{"href":"https:\/\/www.adlernest.com\/it\/wp-json\/wp\/v2\/pages"}],"about":[{"href":"https:\/\/www.adlernest.com\/it\/wp-json\/wp\/v2\/types\/page"}],"author":[{"embeddable":true,"href":"https:\/\/www.adlernest.com\/it\/wp-json\/wp\/v2\/users\/1"}],"replies":[{"embeddable":true,"href":"https:\/\/www.adlernest.com\/it\/wp-json\/wp\/v2\/comments?post=11014"}],"version-history":[{"count":16,"href":"https:\/\/www.adlernest.com\/it\/wp-json\/wp\/v2\/pages\/11014\/revisions"}],"predecessor-version":[{"id":17973,"href":"https:\/\/www.adlernest.com\/it\/wp-json\/wp\/v2\/pages\/11014\/revisions\/17973"}],"up":[{"embeddable":true,"href":"https:\/\/www.adlernest.com\/it\/wp-json\/wp\/v2\/pages\/6049"}],"wp:attachment":[{"href":"https:\/\/www.adlernest.com\/it\/wp-json\/wp\/v2\/media?parent=11014"}],"curies":[{"name":"wp","href":"https:\/\/api.w.org\/{rel}","templated":true}]}}