{"id":5620,"date":"2023-09-29T12:42:44","date_gmt":"2023-09-29T10:42:44","guid":{"rendered":"https:\/\/www.adlernest.com\/arrampicata"},"modified":"2025-07-19T10:03:59","modified_gmt":"2025-07-19T08:03:59","slug":"arrampicata","status":"publish","type":"page","link":"https:\/\/www.adlernest.com\/it\/100-active\/estate\/arrampicata","title":{"rendered":"Arrampicata"},"content":{"rendered":"\t\t<div data-elementor-type=\"wp-page\" data-elementor-id=\"5620\" class=\"elementor elementor-5620 elementor-2781\" data-elementor-post-type=\"page\">\n\t\t\t\t\t\t<section class=\"elementor-section elementor-top-section elementor-element elementor-element-500645f6 elementor-section-full_width elementor-section-height-min-height elementor-section-height-default elementor-section-items-middle\" data-id=\"500645f6\" data-element_type=\"section\" data-e-type=\"section\" data-settings=\"{&quot;background_background&quot;:&quot;classic&quot;}\">\n\t\t\t\t\t\t<div class=\"elementor-container elementor-column-gap-no\">\n\t\t\t\t\t<div class=\"elementor-column elementor-col-100 elementor-top-column elementor-element elementor-element-4e37f405\" data-id=\"4e37f405\" data-element_type=\"column\" data-e-type=\"column\">\n\t\t\t<div class=\"elementor-widget-wrap elementor-element-populated\">\n\t\t\t\t\t\t<div class=\"elementor-element elementor-element-1839c1b5 elementor--h-position-center elementor--v-position-middle elementor-pagination-position-inside elementor-widget elementor-widget-slides\" data-id=\"1839c1b5\" data-element_type=\"widget\" data-e-type=\"widget\" data-settings=\"{&quot;navigation&quot;:&quot;dots&quot;,&quot;autoplay&quot;:&quot;yes&quot;,&quot;pause_on_hover&quot;:&quot;yes&quot;,&quot;pause_on_interaction&quot;:&quot;yes&quot;,&quot;autoplay_speed&quot;:5000,&quot;infinite&quot;:&quot;yes&quot;,&quot;transition&quot;:&quot;slide&quot;,&quot;transition_speed&quot;:500}\" data-widget_type=\"slides.default\">\n\t\t\t\t<div class=\"elementor-widget-container\">\n\t\t\t\t\t\t\t\t\t<div class=\"elementor-swiper\">\n\t\t\t\t\t<div class=\"elementor-slides-wrapper elementor-main-swiper swiper\" role=\"region\" aria-roledescription=\"carousel\" aria-label=\"Slides\" dir=\"ltr\" data-animation=\"fadeInUp\">\n\t\t\t\t<div class=\"swiper-wrapper elementor-slides\">\n\t\t\t\t\t\t\t\t\t\t<div class=\"elementor-repeater-item-e16d169 swiper-slide\" role=\"group\" aria-roledescription=\"slide\"><div class=\"swiper-slide-bg\" role=\"img\" aria-label=\"csm_adlernest-active-klettern-maenner-1_d38cfef17d\"><\/div><div class=\"swiper-slide-inner\" ><div class=\"swiper-slide-contents\"><\/div><\/div><\/div><div class=\"elementor-repeater-item-a6d75db swiper-slide\" role=\"group\" aria-roledescription=\"slide\"><div class=\"swiper-slide-bg\" role=\"img\" aria-label=\"csm_adlernest-active-klettern-kind-2_aa2674c2e8\"><\/div><div class=\"swiper-slide-inner\" ><div class=\"swiper-slide-contents\"><\/div><\/div><\/div><div class=\"elementor-repeater-item-0db9659 swiper-slide\" role=\"group\" aria-roledescription=\"slide\"><div class=\"swiper-slide-bg\" role=\"img\" aria-label=\"csm_hotel-adlernest-schnalstal-vinschgau-klettern-1_9a4c8c8a43\"><\/div><div class=\"swiper-slide-inner\" ><div class=\"swiper-slide-contents\"><\/div><\/div><\/div><div class=\"elementor-repeater-item-f43aab4 swiper-slide\" role=\"group\" aria-roledescription=\"slide\"><div class=\"swiper-slide-bg\" role=\"img\" aria-label=\"csm_hotel-adlernest-schnalstal-vinschgau-klettern-2_23bcea25c2\"><\/div><div class=\"swiper-slide-inner\" ><div class=\"swiper-slide-contents\"><\/div><\/div><\/div>\t\t\t\t<\/div>\n\t\t\t\t\t\t\t\t\t\t\t\t\t\t\t\t\t\t\t\t<div class=\"swiper-pagination\"><\/div>\n\t\t\t\t\t\t\t\t\t\t\t\t<\/div>\n\t\t\t\t<\/div>\n\t\t\t\t\t\t\t\t<\/div>\n\t\t\t\t<\/div>\n\t\t\t\t<div class=\"elementor-element elementor-element-4bfc9e93 elementor-view-default elementor-widget elementor-widget-icon\" data-id=\"4bfc9e93\" data-element_type=\"widget\" data-e-type=\"widget\" data-widget_type=\"icon.default\">\n\t\t\t\t<div class=\"elementor-widget-container\">\n\t\t\t\t\t\t\t<div class=\"elementor-icon-wrapper\">\n\t\t\t<a class=\"elementor-icon\" href=\"#inhaltsbereich\">\n\t\t\t<svg xmlns=\"http:\/\/www.w3.org\/2000\/svg\" xmlns:xlink=\"http:\/\/www.w3.org\/1999\/xlink\" width=\"48\" height=\"47.284\" viewBox=\"0 0 48 47.284\"><defs><clipPath id=\"clip-path\"><rect id=\"Rechteck_1\" data-name=\"Rechteck 1\" width=\"48\" height=\"47.284\" transform=\"translate(0 0)\" fill=\"none\"><\/rect><\/clipPath><\/defs><g id=\"Gruppe_2\" data-name=\"Gruppe 2\" transform=\"translate(0 0)\"><g id=\"Gruppe_1\" data-name=\"Gruppe 1\" clip-path=\"url(#clip-path)\"><path id=\"Pfad_1\" data-name=\"Pfad 1\" d=\"M48,23.642A23.623,23.623,0,0,1,24.4,47.284h-.743A23.642,23.642,0,0,1,23.652,0h.706A23.623,23.623,0,0,1,48,23.6v.037\" fill=\"#fff\"><\/path><path id=\"Pfad_2\" data-name=\"Pfad 2\" d=\"M32,20.392l-1.5-1.5-6.5,6.5-6.5-6.5-1.5,1.5,8,8Z\" fill=\"#b8700b\"><\/path><path id=\"Pfad_3\" data-name=\"Pfad 3\" d=\"M41,23.642a16.738,16.738,0,0,1-16.725,16.75h-.526a16.75,16.75,0,0,1,0-33.5h.5A16.738,16.738,0,0,1,41,23.616v.026m-32,0a14.751,14.751,0,0,0,14.75,14.75h.5a14.75,14.75,0,1,0,0-29.5h-.5A14.751,14.751,0,0,0,9,23.642\" fill=\"#b8700b\"><\/path><\/g><\/g><\/svg>\t\t\t<\/a>\n\t\t<\/div>\n\t\t\t\t\t\t<\/div>\n\t\t\t\t<\/div>\n\t\t\t\t\t<\/div>\n\t\t<\/div>\n\t\t\t\t\t<\/div>\n\t\t<\/section>\n\t\t\t\t<section class=\"elementor-section elementor-top-section elementor-element elementor-element-5caa4966 elementor-section-boxed elementor-section-height-default elementor-section-height-default\" data-id=\"5caa4966\" data-element_type=\"section\" data-e-type=\"section\">\n\t\t\t\t\t\t<div class=\"elementor-container elementor-column-gap-no\">\n\t\t\t\t\t<div class=\"elementor-column elementor-col-100 elementor-top-column elementor-element elementor-element-468c494c\" data-id=\"468c494c\" data-element_type=\"column\" data-e-type=\"column\">\n\t\t\t<div class=\"elementor-widget-wrap elementor-element-populated\">\n\t\t\t\t\t\t<div class=\"elementor-element elementor-element-a9e04b3 elementor-align-left elementor-widget elementor-widget-breadcrumbs\" data-id=\"a9e04b3\" data-element_type=\"widget\" data-e-type=\"widget\" data-widget_type=\"breadcrumbs.default\">\n\t\t\t\t<div class=\"elementor-widget-container\">\n\t\t\t\t\t<p id=\"breadcrumbs\"><span><span><a href=\"https:\/\/www.adlernest.com\/it\">Home<\/a><\/span><\/span><\/p>\t\t\t\t<\/div>\n\t\t\t\t<\/div>\n\t\t\t\t\t<\/div>\n\t\t<\/div>\n\t\t\t\t\t<\/div>\n\t\t<\/section>\n\t\t\t\t<section class=\"elementor-section elementor-top-section elementor-element elementor-element-7f2d9129 elementor-section-boxed elementor-section-height-default elementor-section-height-default\" data-id=\"7f2d9129\" data-element_type=\"section\" data-e-type=\"section\">\n\t\t\t\t\t\t<div class=\"elementor-container elementor-column-gap-default\">\n\t\t\t\t\t<div class=\"elementor-column elementor-col-100 elementor-top-column elementor-element elementor-element-758e39ce\" data-id=\"758e39ce\" data-element_type=\"column\" data-e-type=\"column\">\n\t\t\t<div class=\"elementor-widget-wrap elementor-element-populated\">\n\t\t\t\t\t\t<div class=\"elementor-element elementor-element-2733aea8 elementor-widget elementor-widget-spacer\" data-id=\"2733aea8\" data-element_type=\"widget\" data-e-type=\"widget\" data-widget_type=\"spacer.default\">\n\t\t\t\t<div class=\"elementor-widget-container\">\n\t\t\t\t\t\t\t<div class=\"elementor-spacer\">\n\t\t\t<div class=\"elementor-spacer-inner\"><\/div>\n\t\t<\/div>\n\t\t\t\t\t\t<\/div>\n\t\t\t\t<\/div>\n\t\t\t\t<div class=\"elementor-element elementor-element-ddb0cf1 elementor-widget elementor-widget-heading\" data-id=\"ddb0cf1\" data-element_type=\"widget\" data-e-type=\"widget\" data-widget_type=\"heading.default\">\n\t\t\t\t<div class=\"elementor-widget-container\">\n\t\t\t\t\t<h1 class=\"elementor-heading-title elementor-size-default\">Arrampicata<\/h1>\t\t\t\t<\/div>\n\t\t\t\t<\/div>\n\t\t\t\t<div class=\"elementor-element elementor-element-229142af elementor-widget elementor-widget-heading\" data-id=\"229142af\" data-element_type=\"widget\" data-e-type=\"widget\" data-widget_type=\"heading.default\">\n\t\t\t\t<div class=\"elementor-widget-container\">\n\t\t\t\t\t<h2 class=\"elementor-heading-title elementor-size-default\">SIATE UNA \"ROCKSTAR\"!<\/h2>\t\t\t\t<\/div>\n\t\t\t\t<\/div>\n\t\t\t\t<div class=\"elementor-element elementor-element-6cde6e8e elementor-widget elementor-widget-text-editor\" data-id=\"6cde6e8e\" data-element_type=\"widget\" data-e-type=\"widget\" data-widget_type=\"text-editor.default\">\n\t\t\t\t<div class=\"elementor-widget-container\">\n\t\t\t\t\t\t\t\t\t<p>Qui in Val Senales si possono fare dei bellissimi &#8220;scrambling&#8221;. Noi altoatesini chiamiamo cos\u00ec lo sport in cui ci si arrampica sulla parete come Spiderman. L&#8217;unica differenza \u00e8 che si lasciano tracce di magnesio invece di ragnatele. Su richiesta, possiamo anche darti uno o due consigli da insider, come la palestra di roccia a Schnals o la diga di roccia a Martell. S\u00ec, avete letto bene! Qui in Val Venosta\/Vinschgau \u00e8 possibile scalare le dighe, e per di pi\u00f9 su oltre 40 percorsi&#8230; Naturalmente, abbiamo pensato anche ai pi\u00f9 piccoli. Nella nostra sala giochi c&#8217;\u00e8 un&#8217;ottima parete di bouldering su cui esercitarsi.<\/p><p>Piccolo consiglio: una volta alla settimana organizziamo lezioni di arrampicata per bambini, ragazzi e adulti. Anche voi potete farne parte!<\/p>\t\t\t\t\t\t\t\t<\/div>\n\t\t\t\t<\/div>\n\t\t\t\t<div class=\"elementor-element elementor-element-54d83eb elementor-widget elementor-widget-spacer\" data-id=\"54d83eb\" data-element_type=\"widget\" data-e-type=\"widget\" data-widget_type=\"spacer.default\">\n\t\t\t\t<div class=\"elementor-widget-container\">\n\t\t\t\t\t\t\t<div class=\"elementor-spacer\">\n\t\t\t<div class=\"elementor-spacer-inner\"><\/div>\n\t\t<\/div>\n\t\t\t\t\t\t<\/div>\n\t\t\t\t<\/div>\n\t\t\t\t\t<\/div>\n\t\t<\/div>\n\t\t\t\t\t<\/div>\n\t\t<\/section>\n\t\t\t\t<\/div>\n\t\t","protected":false},"excerpt":{"rendered":"<p>Arrampicata SIATE UNA &#8220;ROCKSTAR&#8221;! Qui in Val Senales si possono fare dei bellissimi &#8220;scrambling&#8221;. Noi altoatesini chiamiamo cos\u00ec lo sport in cui ci si arrampica sulla parete come Spiderman. L&#8217;unica differenza \u00e8 che si lasciano tracce di magnesio invece di ragnatele. Su richiesta, possiamo anche darti uno o due consigli da insider, come la palestra [&hellip;]<\/p>\n","protected":false},"author":1,"featured_media":0,"parent":5739,"menu_order":1,"comment_status":"closed","ping_status":"closed","template":"","meta":{"_acf_changed":false,"footnotes":""},"class_list":["post-5620","page","type-page","status-publish","hentry"],"acf":[],"yoast_head":"<!-- This site is optimized with the Yoast SEO Premium plugin v27.0 (Yoast SEO v27.3) - https:\/\/yoast.com\/product\/yoast-seo-premium-wordpress\/ -->\n<title>Vacanza di arrampicata in Val Senales, Alto Adige | Hotel Adlernest<\/title>\n<meta name=\"description\" content=\"All&#039;Hotel Adlernest, in Val Senales, potrai vivere l&#039;estate nel modo pi\u00f9 attivo. Scoprite il vostro paradiso dell&#039;arrampicata in Alto Adige.\" \/>\n<meta name=\"robots\" content=\"index, follow, max-snippet:-1, max-image-preview:large, max-video-preview:-1\" \/>\n<link rel=\"canonical\" href=\"https:\/\/www.adlernest.com\/it\/100-active\/estate\/arrampicata\" \/>\n<meta property=\"og:locale\" content=\"it_IT\" \/>\n<meta property=\"og:type\" content=\"article\" \/>\n<meta property=\"og:title\" content=\"Arrampicata\" \/>\n<meta property=\"og:description\" content=\"All&#039;Hotel Adlernest, in Val Senales, potrai vivere l&#039;estate nel modo pi\u00f9 attivo. Scoprite il vostro paradiso dell&#039;arrampicata in Alto Adige.\" \/>\n<meta property=\"og:url\" content=\"https:\/\/www.adlernest.com\/it\/100-active\/estate\/arrampicata\" \/>\n<meta property=\"og:site_name\" content=\"Adlernest\" \/>\n<meta property=\"article:publisher\" content=\"https:\/\/de-de.facebook.com\/adlernest\" \/>\n<meta property=\"article:modified_time\" content=\"2025-07-19T08:03:59+00:00\" \/>\n<meta property=\"og:image\" content=\"https:\/\/www.adlernest.com\/wp-content\/uploads\/2023\/10\/Rectangle-1.jpg\" \/>\n\t<meta property=\"og:image:width\" content=\"381\" \/>\n\t<meta property=\"og:image:height\" content=\"382\" \/>\n\t<meta property=\"og:image:type\" content=\"image\/jpeg\" \/>\n<meta name=\"twitter:card\" content=\"summary_large_image\" \/>\n<meta name=\"twitter:label1\" content=\"Tempo di lettura stimato\" \/>\n\t<meta name=\"twitter:data1\" content=\"1 minuto\" \/>\n<script type=\"application\/ld+json\" class=\"yoast-schema-graph\">{\"@context\":\"https:\\\/\\\/schema.org\",\"@graph\":[{\"@type\":\"WebPage\",\"@id\":\"https:\\\/\\\/www.adlernest.com\\\/it\\\/100-active\\\/estate\\\/arrampicata\",\"url\":\"https:\\\/\\\/www.adlernest.com\\\/it\\\/100-active\\\/estate\\\/arrampicata\",\"name\":\"Vacanza di arrampicata in Val Senales, Alto Adige | Hotel Adlernest\",\"isPartOf\":{\"@id\":\"https:\\\/\\\/www.adlernest.com\\\/it#website\"},\"datePublished\":\"2023-09-29T10:42:44+00:00\",\"dateModified\":\"2025-07-19T08:03:59+00:00\",\"description\":\"All'Hotel Adlernest, in Val Senales, potrai vivere l'estate nel modo pi\u00f9 attivo. Scoprite il vostro paradiso dell'arrampicata in Alto Adige.\",\"breadcrumb\":{\"@id\":\"https:\\\/\\\/www.adlernest.com\\\/it\\\/100-active\\\/estate\\\/arrampicata#breadcrumb\"},\"inLanguage\":\"it-IT\",\"potentialAction\":[{\"@type\":\"ReadAction\",\"target\":[\"https:\\\/\\\/www.adlernest.com\\\/it\\\/100-active\\\/estate\\\/arrampicata\"]}]},{\"@type\":\"BreadcrumbList\",\"@id\":\"https:\\\/\\\/www.adlernest.com\\\/it\\\/100-active\\\/estate\\\/arrampicata#breadcrumb\",\"itemListElement\":[{\"@type\":\"ListItem\",\"position\":1,\"name\":\"Home\",\"item\":\"https:\\\/\\\/www.adlernest.com\\\/it\"},{\"@type\":\"ListItem\",\"position\":2,\"name\":\"100% Attivo\",\"item\":\"https:\\\/\\\/www.adlernest.com\\\/it\\\/100-active\"},{\"@type\":\"ListItem\",\"position\":3,\"name\":\"Estate\",\"item\":\"https:\\\/\\\/www.adlernest.com\\\/it\\\/100-active\\\/summer\"},{\"@type\":\"ListItem\",\"position\":4,\"name\":\"Arrampicata\"}]},{\"@type\":\"WebSite\",\"@id\":\"https:\\\/\\\/www.adlernest.com\\\/it#website\",\"url\":\"https:\\\/\\\/www.adlernest.com\\\/it\",\"name\":\"Aktiv & Familienhotel Adlernest\",\"description\":\"\",\"publisher\":{\"@id\":\"https:\\\/\\\/www.adlernest.com\\\/it#organization\"},\"alternateName\":\"Familienhotel im Schnalstal\",\"potentialAction\":[{\"@type\":\"SearchAction\",\"target\":{\"@type\":\"EntryPoint\",\"urlTemplate\":\"https:\\\/\\\/www.adlernest.com\\\/it?s={search_term_string}\"},\"query-input\":{\"@type\":\"PropertyValueSpecification\",\"valueRequired\":true,\"valueName\":\"search_term_string\"}}],\"inLanguage\":\"it-IT\"},{\"@type\":\"Organization\",\"@id\":\"https:\\\/\\\/www.adlernest.com\\\/it#organization\",\"name\":\"Adlernest\",\"url\":\"https:\\\/\\\/www.adlernest.com\\\/it\",\"logo\":{\"@type\":\"ImageObject\",\"inLanguage\":\"it-IT\",\"@id\":\"https:\\\/\\\/www.adlernest.com\\\/it#\\\/schema\\\/logo\\\/image\\\/\",\"url\":\"https:\\\/\\\/www.adlernest.com\\\/wp-content\\\/uploads\\\/2023\\\/10\\\/Ebene_1.svg\",\"contentUrl\":\"https:\\\/\\\/www.adlernest.com\\\/wp-content\\\/uploads\\\/2023\\\/10\\\/Ebene_1.svg\",\"width\":47,\"height\":54,\"caption\":\"Adlernest\"},\"image\":{\"@id\":\"https:\\\/\\\/www.adlernest.com\\\/it#\\\/schema\\\/logo\\\/image\\\/\"},\"sameAs\":[\"https:\\\/\\\/de-de.facebook.com\\\/adlernest\",\"https:\\\/\\\/www.instagram.com\\\/adlernest_schnals\\\/\"]}]}<\/script>\n<!-- \/ Yoast SEO Premium plugin. -->","yoast_head_json":{"title":"Vacanza di arrampicata in Val Senales, Alto Adige | Hotel Adlernest","description":"All'Hotel Adlernest, in Val Senales, potrai vivere l'estate nel modo pi\u00f9 attivo. Scoprite il vostro paradiso dell'arrampicata in Alto Adige.","robots":{"index":"index","follow":"follow","max-snippet":"max-snippet:-1","max-image-preview":"max-image-preview:large","max-video-preview":"max-video-preview:-1"},"canonical":"https:\/\/www.adlernest.com\/it\/100-active\/estate\/arrampicata","og_locale":"it_IT","og_type":"article","og_title":"Arrampicata","og_description":"All'Hotel Adlernest, in Val Senales, potrai vivere l'estate nel modo pi\u00f9 attivo. Scoprite il vostro paradiso dell'arrampicata in Alto Adige.","og_url":"https:\/\/www.adlernest.com\/it\/100-active\/estate\/arrampicata","og_site_name":"Adlernest","article_publisher":"https:\/\/de-de.facebook.com\/adlernest","article_modified_time":"2025-07-19T08:03:59+00:00","og_image":[{"width":381,"height":382,"url":"https:\/\/www.adlernest.com\/wp-content\/uploads\/2023\/10\/Rectangle-1.jpg","type":"image\/jpeg"}],"twitter_card":"summary_large_image","twitter_misc":{"Tempo di lettura stimato":"1 minuto"},"schema":{"@context":"https:\/\/schema.org","@graph":[{"@type":"WebPage","@id":"https:\/\/www.adlernest.com\/it\/100-active\/estate\/arrampicata","url":"https:\/\/www.adlernest.com\/it\/100-active\/estate\/arrampicata","name":"Vacanza di arrampicata in Val Senales, Alto Adige | Hotel Adlernest","isPartOf":{"@id":"https:\/\/www.adlernest.com\/it#website"},"datePublished":"2023-09-29T10:42:44+00:00","dateModified":"2025-07-19T08:03:59+00:00","description":"All'Hotel Adlernest, in Val Senales, potrai vivere l'estate nel modo pi\u00f9 attivo. Scoprite il vostro paradiso dell'arrampicata in Alto Adige.","breadcrumb":{"@id":"https:\/\/www.adlernest.com\/it\/100-active\/estate\/arrampicata#breadcrumb"},"inLanguage":"it-IT","potentialAction":[{"@type":"ReadAction","target":["https:\/\/www.adlernest.com\/it\/100-active\/estate\/arrampicata"]}]},{"@type":"BreadcrumbList","@id":"https:\/\/www.adlernest.com\/it\/100-active\/estate\/arrampicata#breadcrumb","itemListElement":[{"@type":"ListItem","position":1,"name":"Home","item":"https:\/\/www.adlernest.com\/it"},{"@type":"ListItem","position":2,"name":"100% Attivo","item":"https:\/\/www.adlernest.com\/it\/100-active"},{"@type":"ListItem","position":3,"name":"Estate","item":"https:\/\/www.adlernest.com\/it\/100-active\/summer"},{"@type":"ListItem","position":4,"name":"Arrampicata"}]},{"@type":"WebSite","@id":"https:\/\/www.adlernest.com\/it#website","url":"https:\/\/www.adlernest.com\/it","name":"Aktiv & Familienhotel Adlernest","description":"","publisher":{"@id":"https:\/\/www.adlernest.com\/it#organization"},"alternateName":"Familienhotel im Schnalstal","potentialAction":[{"@type":"SearchAction","target":{"@type":"EntryPoint","urlTemplate":"https:\/\/www.adlernest.com\/it?s={search_term_string}"},"query-input":{"@type":"PropertyValueSpecification","valueRequired":true,"valueName":"search_term_string"}}],"inLanguage":"it-IT"},{"@type":"Organization","@id":"https:\/\/www.adlernest.com\/it#organization","name":"Adlernest","url":"https:\/\/www.adlernest.com\/it","logo":{"@type":"ImageObject","inLanguage":"it-IT","@id":"https:\/\/www.adlernest.com\/it#\/schema\/logo\/image\/","url":"https:\/\/www.adlernest.com\/wp-content\/uploads\/2023\/10\/Ebene_1.svg","contentUrl":"https:\/\/www.adlernest.com\/wp-content\/uploads\/2023\/10\/Ebene_1.svg","width":47,"height":54,"caption":"Adlernest"},"image":{"@id":"https:\/\/www.adlernest.com\/it#\/schema\/logo\/image\/"},"sameAs":["https:\/\/de-de.facebook.com\/adlernest","https:\/\/www.instagram.com\/adlernest_schnals\/"]}]}},"_links":{"self":[{"href":"https:\/\/www.adlernest.com\/it\/wp-json\/wp\/v2\/pages\/5620","targetHints":{"allow":["GET"]}}],"collection":[{"href":"https:\/\/www.adlernest.com\/it\/wp-json\/wp\/v2\/pages"}],"about":[{"href":"https:\/\/www.adlernest.com\/it\/wp-json\/wp\/v2\/types\/page"}],"author":[{"embeddable":true,"href":"https:\/\/www.adlernest.com\/it\/wp-json\/wp\/v2\/users\/1"}],"replies":[{"embeddable":true,"href":"https:\/\/www.adlernest.com\/it\/wp-json\/wp\/v2\/comments?post=5620"}],"version-history":[{"count":5,"href":"https:\/\/www.adlernest.com\/it\/wp-json\/wp\/v2\/pages\/5620\/revisions"}],"predecessor-version":[{"id":18063,"href":"https:\/\/www.adlernest.com\/it\/wp-json\/wp\/v2\/pages\/5620\/revisions\/18063"}],"up":[{"embeddable":true,"href":"https:\/\/www.adlernest.com\/it\/wp-json\/wp\/v2\/pages\/5739"}],"wp:attachment":[{"href":"https:\/\/www.adlernest.com\/it\/wp-json\/wp\/v2\/media?parent=5620"}],"curies":[{"name":"wp","href":"https:\/\/api.w.org\/{rel}","templated":true}]}}