{"id":5644,"date":"2023-09-29T12:53:54","date_gmt":"2023-09-29T10:53:54","guid":{"rendered":"https:\/\/www.adlernest.com\/inverno"},"modified":"2024-02-02T13:29:31","modified_gmt":"2024-02-02T12:29:31","slug":"inverno","status":"publish","type":"page","link":"https:\/\/www.adlernest.com\/it\/100-active\/inverno","title":{"rendered":"Inverno"},"content":{"rendered":"\t\t<div data-elementor-type=\"wp-page\" data-elementor-id=\"5644\" class=\"elementor elementor-5644 elementor-2814\" data-elementor-post-type=\"page\">\n\t\t\t\t\t\t<section class=\"elementor-section elementor-top-section elementor-element elementor-element-5e37a858 elementor-section-boxed elementor-section-height-default elementor-section-height-default\" data-id=\"5e37a858\" data-element_type=\"section\" data-e-type=\"section\">\n\t\t\t\t\t\t<div class=\"elementor-container elementor-column-gap-no\">\n\t\t\t\t\t<div class=\"elementor-column elementor-col-100 elementor-top-column elementor-element elementor-element-1c70896d\" data-id=\"1c70896d\" data-element_type=\"column\" data-e-type=\"column\">\n\t\t\t<div class=\"elementor-widget-wrap elementor-element-populated\">\n\t\t\t\t\t\t<div class=\"elementor-element elementor-element-5c7767f1 elementor-align-left elementor-widget elementor-widget-breadcrumbs\" data-id=\"5c7767f1\" data-element_type=\"widget\" data-e-type=\"widget\" data-widget_type=\"breadcrumbs.default\">\n\t\t\t\t<div class=\"elementor-widget-container\">\n\t\t\t\t\t<p id=\"breadcrumbs\"><span><span><a href=\"https:\/\/www.adlernest.com\/it\">Home<\/a><\/span><\/span><\/p>\t\t\t\t<\/div>\n\t\t\t\t<\/div>\n\t\t\t\t\t<\/div>\n\t\t<\/div>\n\t\t\t\t\t<\/div>\n\t\t<\/section>\n\t\t\t\t<section class=\"elementor-section elementor-top-section elementor-element elementor-element-7bc5d9e5 elementor-section-boxed elementor-section-height-default elementor-section-height-default\" data-id=\"7bc5d9e5\" data-element_type=\"section\" data-e-type=\"section\">\n\t\t\t\t\t\t<div class=\"elementor-container elementor-column-gap-default\">\n\t\t\t\t\t<div class=\"elementor-column elementor-col-100 elementor-top-column elementor-element elementor-element-6c01aa6d\" data-id=\"6c01aa6d\" data-element_type=\"column\" data-e-type=\"column\">\n\t\t\t<div class=\"elementor-widget-wrap elementor-element-populated\">\n\t\t\t\t\t\t<div class=\"elementor-element elementor-element-55dc064a elementor-widget elementor-widget-spacer\" data-id=\"55dc064a\" data-element_type=\"widget\" data-e-type=\"widget\" data-widget_type=\"spacer.default\">\n\t\t\t\t<div class=\"elementor-widget-container\">\n\t\t\t\t\t\t\t<div class=\"elementor-spacer\">\n\t\t\t<div class=\"elementor-spacer-inner\"><\/div>\n\t\t<\/div>\n\t\t\t\t\t\t<\/div>\n\t\t\t\t<\/div>\n\t\t\t\t<div class=\"elementor-element elementor-element-514edd74 elementor-widget elementor-widget-heading\" data-id=\"514edd74\" data-element_type=\"widget\" data-e-type=\"widget\" data-widget_type=\"heading.default\">\n\t\t\t\t<div class=\"elementor-widget-container\">\n\t\t\t\t\t<h1 class=\"elementor-heading-title elementor-size-default\">La montagna chiama!<\/h1>\t\t\t\t<\/div>\n\t\t\t\t<\/div>\n\t\t\t\t<div class=\"elementor-element elementor-element-ef09ed2 elementor-widget elementor-widget-heading\" data-id=\"ef09ed2\" data-element_type=\"widget\" data-e-type=\"widget\" data-widget_type=\"heading.default\">\n\t\t\t\t<div class=\"elementor-widget-container\">\n\t\t\t\t\t<h2 class=\"elementor-heading-title elementor-size-default\">Divertimento sul ghiacciaio e magia in rifugio<\/h2>\t\t\t\t<\/div>\n\t\t\t\t<\/div>\n\t\t\t\t<div class=\"elementor-element elementor-element-3cf75f69 elementor-widget elementor-widget-text-editor\" data-id=\"3cf75f69\" data-element_type=\"widget\" data-e-type=\"widget\" data-widget_type=\"text-editor.default\">\n\t\t\t\t<div class=\"elementor-widget-container\">\n\t\t\t\t\t\t\t\t\t<p>Da settembre a maggio, gli appassionati di sport invernali di tutto il mondo cavalcano tra i ghiacci eterni del ghiacciaio della Val Senales. Lo stesso vale per le squadre nazionali che si preparano alla Coppa del Mondo. Allacciate gli sci o lo snowboard ai piedi e godetevi le rapide discese con vista sui tremila metri di Wei\u00dfkugel, Wildspitze e Similaun. Il nostro consiglio: la discesa del contrabbandiere, lunga otto chilometri, che vi porter\u00e0 lungo le scogliere a valle! I vostri bambini si sentiranno sicuramente a loro agio, perch\u00e9 a Maso Corto ci sono anche piste facili e piste di allenamento per i piccoli sciatori.<\/p>\t\t\t\t\t\t\t\t<\/div>\n\t\t\t\t<\/div>\n\t\t\t\t<div class=\"elementor-element elementor-element-9c6c5ab elementor-widget elementor-widget-spacer\" data-id=\"9c6c5ab\" data-element_type=\"widget\" data-e-type=\"widget\" data-widget_type=\"spacer.default\">\n\t\t\t\t<div class=\"elementor-widget-container\">\n\t\t\t\t\t\t\t<div class=\"elementor-spacer\">\n\t\t\t<div class=\"elementor-spacer-inner\"><\/div>\n\t\t<\/div>\n\t\t\t\t\t\t<\/div>\n\t\t\t\t<\/div>\n\t\t\t\t\t<\/div>\n\t\t<\/div>\n\t\t\t\t\t<\/div>\n\t\t<\/section>\n\t\t\t\t<section class=\"elementor-section elementor-top-section elementor-element elementor-element-25d085ee elementor-section-boxed elementor-section-height-default elementor-section-height-default\" data-id=\"25d085ee\" data-element_type=\"section\" data-e-type=\"section\">\n\t\t\t\t\t\t<div class=\"elementor-container elementor-column-gap-no\">\n\t\t\t\t\t<div class=\"make-column-clickable-elementor elementor-column elementor-col-50 elementor-top-column elementor-element elementor-element-7aa01ea8\" style=\"cursor: pointer;\" data-column-clickable=\"https:\/\/www.adlernest.com\/de\/100-active\/winter\/skifahren\" data-column-clickable-blank=\"_self\" data-id=\"7aa01ea8\" data-element_type=\"column\" data-e-type=\"column\" data-settings=\"{&quot;background_background&quot;:&quot;classic&quot;}\">\n\t\t\t<div class=\"elementor-widget-wrap elementor-element-populated\">\n\t\t\t\t\t\t<section class=\"elementor-section elementor-inner-section elementor-element elementor-element-4d30db5d elementor-section-height-min-height elementor-section-boxed elementor-section-height-default\" data-id=\"4d30db5d\" data-element_type=\"section\" data-e-type=\"section\" data-settings=\"{&quot;background_background&quot;:&quot;gradient&quot;}\">\n\t\t\t\t\t\t<div class=\"elementor-container elementor-column-gap-default\">\n\t\t\t\t\t<div class=\"elementor-column elementor-col-100 elementor-inner-column elementor-element elementor-element-78bcae9a\" data-id=\"78bcae9a\" data-element_type=\"column\" data-e-type=\"column\">\n\t\t\t<div class=\"elementor-widget-wrap elementor-element-populated\">\n\t\t\t\t\t\t<div class=\"elementor-element elementor-element-ff533de elementor-widget elementor-widget-heading\" data-id=\"ff533de\" data-element_type=\"widget\" data-e-type=\"widget\" data-widget_type=\"heading.default\">\n\t\t\t\t<div class=\"elementor-widget-container\">\n\t\t\t\t\t<h2 class=\"elementor-heading-title elementor-size-default\">Avventura invernale<\/h2>\t\t\t\t<\/div>\n\t\t\t\t<\/div>\n\t\t\t\t<div class=\"elementor-element elementor-element-7d5644a3 elementor-widget-divider--view-line elementor-widget elementor-widget-divider\" data-id=\"7d5644a3\" data-element_type=\"widget\" data-e-type=\"widget\" data-widget_type=\"divider.default\">\n\t\t\t\t<div class=\"elementor-widget-container\">\n\t\t\t\t\t\t\t<div class=\"elementor-divider\">\n\t\t\t<span class=\"elementor-divider-separator\">\n\t\t\t\t\t\t<\/span>\n\t\t<\/div>\n\t\t\t\t\t\t<\/div>\n\t\t\t\t<\/div>\n\t\t\t\t<div class=\"elementor-element elementor-element-a564f18 elementor-widget elementor-widget-text-editor\" data-id=\"a564f18\" data-element_type=\"widget\" data-e-type=\"widget\" data-widget_type=\"text-editor.default\">\n\t\t\t\t<div class=\"elementor-widget-container\">\n\t\t\t\t\t\t\t\t\t<p>Avventura in discesa: <br \/>Per grandi e piccini<\/p>\t\t\t\t\t\t\t\t<\/div>\n\t\t\t\t<\/div>\n\t\t\t\t\t<\/div>\n\t\t<\/div>\n\t\t\t\t\t<\/div>\n\t\t<\/section>\n\t\t\t\t\t<\/div>\n\t\t<\/div>\n\t\t\t\t<div class=\"make-column-clickable-elementor elementor-column elementor-col-50 elementor-top-column elementor-element elementor-element-764b1700\" style=\"cursor: pointer;\" data-column-clickable=\"https:\/\/www.adlernest.com\/de\/100-active\/winter\/sanfter-winter\" data-column-clickable-blank=\"_self\" data-id=\"764b1700\" data-element_type=\"column\" data-e-type=\"column\" data-settings=\"{&quot;background_background&quot;:&quot;classic&quot;}\">\n\t\t\t<div class=\"elementor-widget-wrap elementor-element-populated\">\n\t\t\t\t\t\t<section class=\"elementor-section elementor-inner-section elementor-element elementor-element-9f42908 elementor-section-height-min-height elementor-section-boxed elementor-section-height-default\" data-id=\"9f42908\" data-element_type=\"section\" data-e-type=\"section\" data-settings=\"{&quot;background_background&quot;:&quot;gradient&quot;}\">\n\t\t\t\t\t\t<div class=\"elementor-container elementor-column-gap-default\">\n\t\t\t\t\t<div class=\"elementor-column elementor-col-100 elementor-inner-column elementor-element elementor-element-674fab74\" data-id=\"674fab74\" data-element_type=\"column\" data-e-type=\"column\">\n\t\t\t<div class=\"elementor-widget-wrap elementor-element-populated\">\n\t\t\t\t\t\t<div class=\"elementor-element elementor-element-364c242b elementor-widget elementor-widget-heading\" data-id=\"364c242b\" data-element_type=\"widget\" data-e-type=\"widget\" data-widget_type=\"heading.default\">\n\t\t\t\t<div class=\"elementor-widget-container\">\n\t\t\t\t\t<h2 class=\"elementor-heading-title elementor-size-default\">Inverno accogliente<\/h2>\t\t\t\t<\/div>\n\t\t\t\t<\/div>\n\t\t\t\t<div class=\"elementor-element elementor-element-145b8c90 elementor-widget-divider--view-line elementor-widget elementor-widget-divider\" data-id=\"145b8c90\" data-element_type=\"widget\" data-e-type=\"widget\" data-widget_type=\"divider.default\">\n\t\t\t\t<div class=\"elementor-widget-container\">\n\t\t\t\t\t\t\t<div class=\"elementor-divider\">\n\t\t\t<span class=\"elementor-divider-separator\">\n\t\t\t\t\t\t<\/span>\n\t\t<\/div>\n\t\t\t\t\t\t<\/div>\n\t\t\t\t<\/div>\n\t\t\t\t<div class=\"elementor-element elementor-element-6e688b48 elementor-widget elementor-widget-text-editor\" data-id=\"6e688b48\" data-element_type=\"widget\" data-e-type=\"widget\" data-widget_type=\"text-editor.default\">\n\t\t\t\t<div class=\"elementor-widget-container\">\n\t\t\t\t\t\t\t\t\t<p>Momenti magici tutti in bianco: <br \/>Escursioni, sci di fondo<\/p>\t\t\t\t\t\t\t\t<\/div>\n\t\t\t\t<\/div>\n\t\t\t\t\t<\/div>\n\t\t<\/div>\n\t\t\t\t\t<\/div>\n\t\t<\/section>\n\t\t\t\t\t<\/div>\n\t\t<\/div>\n\t\t\t\t\t<\/div>\n\t\t<\/section>\n\t\t\t\t<\/div>\n\t\t","protected":false},"excerpt":{"rendered":"<p>La montagna chiama! Divertimento sul ghiacciaio e magia in rifugio Da settembre a maggio, gli appassionati di sport invernali di tutto il mondo cavalcano tra i ghiacci eterni del ghiacciaio della Val Senales. Lo stesso vale per le squadre nazionali che si preparano alla Coppa del Mondo. Allacciate gli sci o lo snowboard ai piedi [&hellip;]<\/p>\n","protected":false},"author":1,"featured_media":0,"parent":6044,"menu_order":0,"comment_status":"closed","ping_status":"closed","template":"","meta":{"_acf_changed":false,"footnotes":""},"class_list":["post-5644","page","type-page","status-publish","hentry"],"acf":[],"yoast_head":"<!-- This site is optimized with the Yoast SEO Premium plugin v27.0 (Yoast SEO v27.3) - https:\/\/yoast.com\/product\/yoast-seo-premium-wordpress\/ -->\n<title>Vacanza invernale in Val Senales | Hotel Adlernest****<\/title>\n<meta name=\"description\" content=\"Una vacanza invernale all&#039;Hotel Adlernest sul ghiacciaio della Val Senales, in Alto Adige, \u00e8 un&#039;esperienza superlativa. Skibus gratuito \u2714\" \/>\n<meta name=\"robots\" content=\"index, follow, max-snippet:-1, max-image-preview:large, max-video-preview:-1\" \/>\n<link rel=\"canonical\" href=\"https:\/\/www.adlernest.com\/it\/100-active\/inverno\" \/>\n<meta property=\"og:locale\" content=\"it_IT\" \/>\n<meta property=\"og:type\" content=\"article\" \/>\n<meta property=\"og:title\" content=\"Inverno\" \/>\n<meta property=\"og:description\" content=\"Una vacanza invernale all&#039;Hotel Adlernest sul ghiacciaio della Val Senales, in Alto Adige, \u00e8 un&#039;esperienza superlativa. Skibus gratuito \u2714\" \/>\n<meta property=\"og:url\" content=\"https:\/\/www.adlernest.com\/it\/100-active\/inverno\" \/>\n<meta property=\"og:site_name\" content=\"Adlernest\" \/>\n<meta property=\"article:publisher\" content=\"https:\/\/de-de.facebook.com\/adlernest\" \/>\n<meta property=\"article:modified_time\" content=\"2024-02-02T12:29:31+00:00\" \/>\n<meta property=\"og:image\" content=\"https:\/\/www.adlernest.com\/wp-content\/uploads\/2023\/10\/Rectangle-1.jpg\" \/>\n\t<meta property=\"og:image:width\" content=\"381\" \/>\n\t<meta property=\"og:image:height\" content=\"382\" \/>\n\t<meta property=\"og:image:type\" content=\"image\/jpeg\" \/>\n<meta name=\"twitter:card\" content=\"summary_large_image\" \/>\n<meta name=\"twitter:label1\" content=\"Tempo di lettura stimato\" \/>\n\t<meta name=\"twitter:data1\" content=\"1 minuto\" \/>\n<script type=\"application\/ld+json\" class=\"yoast-schema-graph\">{\"@context\":\"https:\\\/\\\/schema.org\",\"@graph\":[{\"@type\":\"WebPage\",\"@id\":\"https:\\\/\\\/www.adlernest.com\\\/it\\\/100-active\\\/inverno\",\"url\":\"https:\\\/\\\/www.adlernest.com\\\/it\\\/100-active\\\/inverno\",\"name\":\"Vacanza invernale in Val Senales | Hotel Adlernest****\",\"isPartOf\":{\"@id\":\"https:\\\/\\\/www.adlernest.com\\\/it#website\"},\"datePublished\":\"2023-09-29T10:53:54+00:00\",\"dateModified\":\"2024-02-02T12:29:31+00:00\",\"description\":\"Una vacanza invernale all'Hotel Adlernest sul ghiacciaio della Val Senales, in Alto Adige, \u00e8 un'esperienza superlativa. Skibus gratuito \u2714\",\"breadcrumb\":{\"@id\":\"https:\\\/\\\/www.adlernest.com\\\/it\\\/100-active\\\/inverno#breadcrumb\"},\"inLanguage\":\"it-IT\",\"potentialAction\":[{\"@type\":\"ReadAction\",\"target\":[\"https:\\\/\\\/www.adlernest.com\\\/it\\\/100-active\\\/inverno\"]}]},{\"@type\":\"BreadcrumbList\",\"@id\":\"https:\\\/\\\/www.adlernest.com\\\/it\\\/100-active\\\/inverno#breadcrumb\",\"itemListElement\":[{\"@type\":\"ListItem\",\"position\":1,\"name\":\"Home\",\"item\":\"https:\\\/\\\/www.adlernest.com\\\/it\"},{\"@type\":\"ListItem\",\"position\":2,\"name\":\"100% Attivo\",\"item\":\"https:\\\/\\\/www.adlernest.com\\\/it\\\/100-active\"},{\"@type\":\"ListItem\",\"position\":3,\"name\":\"Inverno\"}]},{\"@type\":\"WebSite\",\"@id\":\"https:\\\/\\\/www.adlernest.com\\\/it#website\",\"url\":\"https:\\\/\\\/www.adlernest.com\\\/it\",\"name\":\"Aktiv & Familienhotel Adlernest\",\"description\":\"\",\"publisher\":{\"@id\":\"https:\\\/\\\/www.adlernest.com\\\/it#organization\"},\"alternateName\":\"Familienhotel im Schnalstal\",\"potentialAction\":[{\"@type\":\"SearchAction\",\"target\":{\"@type\":\"EntryPoint\",\"urlTemplate\":\"https:\\\/\\\/www.adlernest.com\\\/it?s={search_term_string}\"},\"query-input\":{\"@type\":\"PropertyValueSpecification\",\"valueRequired\":true,\"valueName\":\"search_term_string\"}}],\"inLanguage\":\"it-IT\"},{\"@type\":\"Organization\",\"@id\":\"https:\\\/\\\/www.adlernest.com\\\/it#organization\",\"name\":\"Adlernest\",\"url\":\"https:\\\/\\\/www.adlernest.com\\\/it\",\"logo\":{\"@type\":\"ImageObject\",\"inLanguage\":\"it-IT\",\"@id\":\"https:\\\/\\\/www.adlernest.com\\\/it#\\\/schema\\\/logo\\\/image\\\/\",\"url\":\"https:\\\/\\\/www.adlernest.com\\\/wp-content\\\/uploads\\\/2023\\\/10\\\/Ebene_1.svg\",\"contentUrl\":\"https:\\\/\\\/www.adlernest.com\\\/wp-content\\\/uploads\\\/2023\\\/10\\\/Ebene_1.svg\",\"width\":47,\"height\":54,\"caption\":\"Adlernest\"},\"image\":{\"@id\":\"https:\\\/\\\/www.adlernest.com\\\/it#\\\/schema\\\/logo\\\/image\\\/\"},\"sameAs\":[\"https:\\\/\\\/de-de.facebook.com\\\/adlernest\",\"https:\\\/\\\/www.instagram.com\\\/adlernest_schnals\\\/\"]}]}<\/script>\n<!-- \/ Yoast SEO Premium plugin. -->","yoast_head_json":{"title":"Vacanza invernale in Val Senales | Hotel Adlernest****","description":"Una vacanza invernale all'Hotel Adlernest sul ghiacciaio della Val Senales, in Alto Adige, \u00e8 un'esperienza superlativa. Skibus gratuito \u2714","robots":{"index":"index","follow":"follow","max-snippet":"max-snippet:-1","max-image-preview":"max-image-preview:large","max-video-preview":"max-video-preview:-1"},"canonical":"https:\/\/www.adlernest.com\/it\/100-active\/inverno","og_locale":"it_IT","og_type":"article","og_title":"Inverno","og_description":"Una vacanza invernale all'Hotel Adlernest sul ghiacciaio della Val Senales, in Alto Adige, \u00e8 un'esperienza superlativa. Skibus gratuito \u2714","og_url":"https:\/\/www.adlernest.com\/it\/100-active\/inverno","og_site_name":"Adlernest","article_publisher":"https:\/\/de-de.facebook.com\/adlernest","article_modified_time":"2024-02-02T12:29:31+00:00","og_image":[{"width":381,"height":382,"url":"https:\/\/www.adlernest.com\/wp-content\/uploads\/2023\/10\/Rectangle-1.jpg","type":"image\/jpeg"}],"twitter_card":"summary_large_image","twitter_misc":{"Tempo di lettura stimato":"1 minuto"},"schema":{"@context":"https:\/\/schema.org","@graph":[{"@type":"WebPage","@id":"https:\/\/www.adlernest.com\/it\/100-active\/inverno","url":"https:\/\/www.adlernest.com\/it\/100-active\/inverno","name":"Vacanza invernale in Val Senales | Hotel Adlernest****","isPartOf":{"@id":"https:\/\/www.adlernest.com\/it#website"},"datePublished":"2023-09-29T10:53:54+00:00","dateModified":"2024-02-02T12:29:31+00:00","description":"Una vacanza invernale all'Hotel Adlernest sul ghiacciaio della Val Senales, in Alto Adige, \u00e8 un'esperienza superlativa. Skibus gratuito \u2714","breadcrumb":{"@id":"https:\/\/www.adlernest.com\/it\/100-active\/inverno#breadcrumb"},"inLanguage":"it-IT","potentialAction":[{"@type":"ReadAction","target":["https:\/\/www.adlernest.com\/it\/100-active\/inverno"]}]},{"@type":"BreadcrumbList","@id":"https:\/\/www.adlernest.com\/it\/100-active\/inverno#breadcrumb","itemListElement":[{"@type":"ListItem","position":1,"name":"Home","item":"https:\/\/www.adlernest.com\/it"},{"@type":"ListItem","position":2,"name":"100% Attivo","item":"https:\/\/www.adlernest.com\/it\/100-active"},{"@type":"ListItem","position":3,"name":"Inverno"}]},{"@type":"WebSite","@id":"https:\/\/www.adlernest.com\/it#website","url":"https:\/\/www.adlernest.com\/it","name":"Aktiv & Familienhotel Adlernest","description":"","publisher":{"@id":"https:\/\/www.adlernest.com\/it#organization"},"alternateName":"Familienhotel im Schnalstal","potentialAction":[{"@type":"SearchAction","target":{"@type":"EntryPoint","urlTemplate":"https:\/\/www.adlernest.com\/it?s={search_term_string}"},"query-input":{"@type":"PropertyValueSpecification","valueRequired":true,"valueName":"search_term_string"}}],"inLanguage":"it-IT"},{"@type":"Organization","@id":"https:\/\/www.adlernest.com\/it#organization","name":"Adlernest","url":"https:\/\/www.adlernest.com\/it","logo":{"@type":"ImageObject","inLanguage":"it-IT","@id":"https:\/\/www.adlernest.com\/it#\/schema\/logo\/image\/","url":"https:\/\/www.adlernest.com\/wp-content\/uploads\/2023\/10\/Ebene_1.svg","contentUrl":"https:\/\/www.adlernest.com\/wp-content\/uploads\/2023\/10\/Ebene_1.svg","width":47,"height":54,"caption":"Adlernest"},"image":{"@id":"https:\/\/www.adlernest.com\/it#\/schema\/logo\/image\/"},"sameAs":["https:\/\/de-de.facebook.com\/adlernest","https:\/\/www.instagram.com\/adlernest_schnals\/"]}]}},"_links":{"self":[{"href":"https:\/\/www.adlernest.com\/it\/wp-json\/wp\/v2\/pages\/5644","targetHints":{"allow":["GET"]}}],"collection":[{"href":"https:\/\/www.adlernest.com\/it\/wp-json\/wp\/v2\/pages"}],"about":[{"href":"https:\/\/www.adlernest.com\/it\/wp-json\/wp\/v2\/types\/page"}],"author":[{"embeddable":true,"href":"https:\/\/www.adlernest.com\/it\/wp-json\/wp\/v2\/users\/1"}],"replies":[{"embeddable":true,"href":"https:\/\/www.adlernest.com\/it\/wp-json\/wp\/v2\/comments?post=5644"}],"version-history":[{"count":24,"href":"https:\/\/www.adlernest.com\/it\/wp-json\/wp\/v2\/pages\/5644\/revisions"}],"predecessor-version":[{"id":10425,"href":"https:\/\/www.adlernest.com\/it\/wp-json\/wp\/v2\/pages\/5644\/revisions\/10425"}],"up":[{"embeddable":true,"href":"https:\/\/www.adlernest.com\/it\/wp-json\/wp\/v2\/pages\/6044"}],"wp:attachment":[{"href":"https:\/\/www.adlernest.com\/it\/wp-json\/wp\/v2\/media?parent=5644"}],"curies":[{"name":"wp","href":"https:\/\/api.w.org\/{rel}","templated":true}]}}