{"id":6197,"date":"2023-06-07T13:38:12","date_gmt":"2023-06-07T11:38:12","guid":{"rendered":"https:\/\/www.adlernest.com\/biscotti"},"modified":"2024-02-02T13:36:17","modified_gmt":"2024-02-02T12:36:17","slug":"cookies","status":"publish","type":"page","link":"https:\/\/www.adlernest.com\/it\/cookies","title":{"rendered":"Cookies"},"content":{"rendered":"\t\t<div data-elementor-type=\"wp-page\" data-elementor-id=\"6197\" class=\"elementor elementor-6197 elementor-172\" data-elementor-post-type=\"page\">\n\t\t\t\t\t\t<section class=\"elementor-section elementor-top-section elementor-element elementor-element-23be594f elementor-section-boxed elementor-section-height-default elementor-section-height-default\" data-id=\"23be594f\" data-element_type=\"section\" data-e-type=\"section\">\n\t\t\t\t\t\t<div class=\"elementor-container elementor-column-gap-no\">\n\t\t\t\t\t<div class=\"elementor-column elementor-col-100 elementor-top-column elementor-element elementor-element-478860a0\" data-id=\"478860a0\" data-element_type=\"column\" data-e-type=\"column\">\n\t\t\t<div class=\"elementor-widget-wrap elementor-element-populated\">\n\t\t\t\t\t\t<div class=\"elementor-element elementor-element-7815aec0 elementor-align-left elementor-widget elementor-widget-breadcrumbs\" data-id=\"7815aec0\" data-element_type=\"widget\" data-e-type=\"widget\" data-widget_type=\"breadcrumbs.default\">\n\t\t\t\t<div class=\"elementor-widget-container\">\n\t\t\t\t\t<p id=\"breadcrumbs\"><span><span><a href=\"https:\/\/www.adlernest.com\/it\">Home<\/a><\/span><\/span><\/p>\t\t\t\t<\/div>\n\t\t\t\t<\/div>\n\t\t\t\t\t<\/div>\n\t\t<\/div>\n\t\t\t\t\t<\/div>\n\t\t<\/section>\n\t\t\t\t<section class=\"elementor-section elementor-top-section elementor-element elementor-element-9a73665 elementor-section-boxed elementor-section-height-default elementor-section-height-default\" data-id=\"9a73665\" data-element_type=\"section\" data-e-type=\"section\">\n\t\t\t\t\t\t<div class=\"elementor-container elementor-column-gap-default\">\n\t\t\t\t\t<div class=\"elementor-column elementor-col-100 elementor-top-column elementor-element elementor-element-2efdc9f1\" data-id=\"2efdc9f1\" data-element_type=\"column\" data-e-type=\"column\">\n\t\t\t<div class=\"elementor-widget-wrap elementor-element-populated\">\n\t\t\t\t\t\t<div class=\"elementor-element elementor-element-5d8c12e1 elementor-widget elementor-widget-spacer\" data-id=\"5d8c12e1\" data-element_type=\"widget\" data-e-type=\"widget\" data-widget_type=\"spacer.default\">\n\t\t\t\t<div class=\"elementor-widget-container\">\n\t\t\t\t\t\t\t<div class=\"elementor-spacer\">\n\t\t\t<div class=\"elementor-spacer-inner\"><\/div>\n\t\t<\/div>\n\t\t\t\t\t\t<\/div>\n\t\t\t\t<\/div>\n\t\t\t\t<div class=\"elementor-element elementor-element-167da8df elementor-widget elementor-widget-heading\" data-id=\"167da8df\" data-element_type=\"widget\" data-e-type=\"widget\" data-widget_type=\"heading.default\">\n\t\t\t\t<div class=\"elementor-widget-container\">\n\t\t\t\t\t<h1 class=\"elementor-heading-title elementor-size-default\">Lettera informativa sui cookie<\/h1>\t\t\t\t<\/div>\n\t\t\t\t<\/div>\n\t\t\t\t<div class=\"elementor-element elementor-element-7a61d6ab elementor-widget elementor-widget-heading\" data-id=\"7a61d6ab\" data-element_type=\"widget\" data-e-type=\"widget\" data-widget_type=\"heading.default\">\n\t\t\t\t<div class=\"elementor-widget-container\">\n\t\t\t\t\t<h2 class=\"elementor-heading-title elementor-size-default\">Che cos'\u00e8 un biscotto?<\/h2>\t\t\t\t<\/div>\n\t\t\t\t<\/div>\n\t\t\t\t<div class=\"elementor-element elementor-element-4adb2457 elementor-widget elementor-widget-text-editor\" data-id=\"4adb2457\" data-element_type=\"widget\" data-e-type=\"widget\" data-widget_type=\"text-editor.default\">\n\t\t\t\t<div class=\"elementor-widget-container\">\n\t\t\t\t\t\t\t\t\t<p>Un cookie \u00e8 un piccolo file di testo che viene scaricato dal browser Internet quando si visita un sito web. Al successivo richiamo di questo sito web con lo stesso terminale, il cookie viene rinviato al sito web che lo ha generato (cookie di prima parte) o inviato a un altro sito web a cui appartiene (cookie di terza parte). Ci\u00f2 consente al sito web di riconoscere che \u00e8 gi\u00e0 stato visitato una volta con questo browser e pu\u00f2 quindi migliorare l&#8217;esperienza dell&#8217;utente quando vi accede nuovamente. I cookie ricordano le preferenze dell&#8217;utente, ad esempio, e adattano le offerte visualizzate ai suoi interessi e alle sue esigenze personali. A seconda della loro funzione e finalit\u00e0, i cookie possono essere suddivisi in diverse categorie: cookie funzionali, cookie per finalit\u00e0 di marketing (profilazione) e cookie di terze parti.<\/p>\n<p><b>Cookie tecnici  <\/b><\/p>\n<p>Per questi cookie non \u00e8 richiesto il consenso dell&#8217;utente.<\/p>\n<p>Questi cookie assicurano funzioni senza le quali non \u00e8 possibile utilizzare correttamente questo sito web. Questi cookie sono utilizzati esclusivamente su questo sito web e sono pertanto cosiddetti cookie di prima parte. Vengono memorizzati sul computer solo durante la sessione in corso. I cookie tecnici comprendono anche i cookie analitici, che vengono utilizzati per le statistiche di accesso, raccolgono informazioni in forma generale e non consentono l&#8217;identificazione del visitatore.<\/p>\n<p><b>Cookie di profilazione  <\/b><\/p>\n<p>Per questi cookie \u00e8 necessario il consenso dell&#8217;utente.<\/p>\n<p>I cookie di profilazione sono utilizzati per raccogliere i dati dell&#8217;utente al fine di inviare successivamente allo stesso messaggi pubblicitari in linea con i suoi interessi.<\/p>\n<p><b>Cookie di terze parti  <\/b><\/p>\n<p>Poich\u00e9 i cookie qui utilizzati sono cookie di altri siti web (i cosiddetti cookie di terze parti), troverete le informazioni relative al consenso o al rifiuto di qualsiasi utilizzo nella seguente lista di cookie.<br \/><a title=\"it.wikipedia.org\" href=\"https:\/\/de.wikipedia.org\/wiki\/HTTP-Cookie\" target=\"_blank\" rel=\"noopener\">Maggiori informazioni sui cookie<\/a><\/p>\n<h4>Cookie su questo sito web<\/h4>\n<div id=\"cookiecontainer\">\n<table id=\"cookietable\" class=\"contenttable\">\n<tbody>\n<tr>\n<td class=\"title\" colspan=\"3\">Cookie tecnici<\/td>\n<\/tr>\n<tr>\n<td class=\"art\">Nome cookie<\/td>\n<td class=\"art\">Scopo<\/td>\n<td class=\"art\">Durata di vita<\/td>\n<\/tr>\n<tr>\n<td>PHPSESSID<\/td>\n<td>Il cookie PHPSESSID non identifica l&#8217;utente come persona fisica. Se rifiutate di salvare i cookie per il vostro browser, alcune parti del sito web potrebbero non essere pi\u00f9 visualizzate correttamente.<\/td>\n<td>scade dopo la chiusura della pagina<\/td>\n<\/tr>\n<tr>\n<td>cookiealert<\/td>\n<td>Nasconde il CookieBanner<\/td>\n<td>scade tra 1 anno<\/td>\n<\/tr>\n<tr>\n<td>nocookie<\/td>\n<td>Cookie per cancellare e disattivare tutti gli altri cookie<\/td>\n<td>scade tra 1 anno<\/td>\n<\/tr>\n<tr>\n<td>fe_typo_user<\/td>\n<td>Questo cookie garantisce la comunicazione del sito web con l&#8217;utente. \u00c8 necessario, ad esempio, per verificare il codice di sicurezza del modulo di contatto.<\/td>\n<td>scade dopo la chiusura della pagina<\/td>\n<\/tr>\n<tr>\n<td colspan=\"3\"> <\/td>\n<\/tr>\n<tr>\n<td class=\"title\" colspan=\"3\">Cookie di profilazione (prima parte)<\/td>\n<\/tr>\n<tr>\n<td colspan=\"3\">NO<\/td>\n<\/tr>\n<tr>\n<td colspan=\"3\"> <\/td>\n<\/tr>\n<tr>\n<td class=\"title\" colspan=\"3\">Cookie di terze parti<\/td>\n<\/tr>\n<tr>\n<td>_gat_UA-3028288-1<\/td>\n<td>Questo cookie viene utilizzato per distinguere gli utenti &#8211; parte di Google Analytics.<\/td>\n<td>Scade dopo 1 minuto<\/td>\n<\/tr>\n<tr>\n<td>_ga<\/td>\n<td>Questo cookie viene utilizzato per distinguere gli utenti.<\/td>\n<td>Scade dopo 2 anni<\/td>\n<\/tr>\n<tr>\n<td>_gid<\/td>\n<td>Questo cookie viene utilizzato per distinguere gli utenti.<\/td>\n<td>Scade dopo 1 giorno<\/td>\n<\/tr>\n<\/tbody>\n<\/table>\n<\/div>\n<h4 style=\"text-align: center;\">Come posso disattivare i cookie?<\/h4>\n<p style=\"text-align: center;\">Per disabilitare, eliminare o bloccare i cookie, \u00e8 possibile modificare le impostazioni del browser come descritto nei seguenti link. In caso di disattivazione, l&#8217;utilizzo completo del sito non \u00e8 pi\u00f9 garantito.<\/p>\n<ul style=\"text-align: center;\">\n<li style=\"text-align: left;\"><a title=\"support.mozilla.org\" href=\"https:\/\/support.mozilla.org\/de\/kb\/cookies-erlauben-und-ablehnen\" target=\"_blank\" rel=\"noopener\">Firefox<\/a><\/li>\n<li style=\"text-align: left;\"><a title=\"support.microsoft.com\" href=\"https:\/\/support.microsoft.com\/de-de\/help\/17442\/windows-internet-explorer-delete-manage-cookies\" target=\"_blank\" rel=\"noopener\">Internet Explorer<\/a><\/li>\n<li style=\"text-align: left;\"><a title=\"support.google.com\" href=\"https:\/\/support.google.com\/accounts\/answer\/61416?hl=de\" target=\"_blank\" rel=\"noopener\">Google Chrome<\/a><\/li>\n<li style=\"text-align: left;\"><a title=\"support.apple.com\" href=\"https:\/\/support.apple.com\/de-de\/HT201265\" target=\"_blank\" rel=\"noopener\">Safari<\/a><\/li>\n<\/ul>\n<p style=\"text-align: center;\">\n<p style=\"text-align: center;\">Se non si utilizza uno dei browser sopra citati, selezionare l&#8217;opzione &#8220;Cookie&#8221; nella funzione &#8220;Aiuto&#8221; per scoprire dove trovare le impostazioni dei cookie. I cookie di terze parti possono anche essere disattivati o cancellati individualmente dall&#8217;utente. Le relative istruzioni sono disponibili sul sito web della European Interactive Digital Advertising Alliance: <a title=\"www.youronlinechoices.eu\" href=\"https:\/\/www.youronlinechoices.eu\/\" target=\"_blank\" rel=\"noopener\">www.youronlinechoices.eu.<\/a><\/p>\n<p style=\"text-align: center;\">Questo sito web utilizza i cookie per fornire la migliore funzionalit\u00e0 possibile. La disattivazione di questi cookie pu\u00f2 comportare limitazioni funzionali.  <a class=\"internal-link\" title=\"La privacy\" href=\"https:\/\/www.adlernest.com\/de\/credits\/privacy\/\">ALLA PRIVACY<\/a><\/p>\n\t\t\t\t\t\t\t\t<\/div>\n\t\t\t\t<\/div>\n\t\t\t\t\t<\/div>\n\t\t<\/div>\n\t\t\t\t\t<\/div>\n\t\t<\/section>\n\t\t\t\t<\/div>\n\t\t","protected":false},"excerpt":{"rendered":"<p>Lettera informativa sui cookie Che cos&#8217;\u00e8 un biscotto? Un cookie \u00e8 un piccolo file di testo che viene scaricato dal browser Internet quando si visita un sito web. Al successivo richiamo di questo sito web con lo stesso terminale, il cookie viene rinviato al sito web che lo ha generato (cookie di prima parte) o [&hellip;]<\/p>\n","protected":false},"author":2,"featured_media":3134,"parent":0,"menu_order":0,"comment_status":"closed","ping_status":"closed","template":"","meta":{"_acf_changed":false,"footnotes":""},"class_list":["post-6197","page","type-page","status-publish","has-post-thumbnail","hentry"],"acf":[],"yoast_head":"<!-- This site is optimized with the Yoast SEO Premium plugin v27.0 (Yoast SEO v27.3) - https:\/\/yoast.com\/product\/yoast-seo-premium-wordpress\/ -->\n<title>Cookies | Active &amp; Family Hotel Adlernest<\/title>\n<meta name=\"robots\" content=\"index, follow, max-snippet:-1, max-image-preview:large, max-video-preview:-1\" \/>\n<link rel=\"canonical\" href=\"https:\/\/www.adlernest.com\/it\/cookies\" \/>\n<meta property=\"og:locale\" content=\"it_IT\" \/>\n<meta property=\"og:type\" content=\"article\" \/>\n<meta property=\"og:title\" content=\"Cookies\" \/>\n<meta property=\"og:description\" content=\"Lettera informativa sui cookie Che cos&#8217;\u00e8 un biscotto? Un cookie \u00e8 un piccolo file di testo che viene scaricato dal browser Internet quando si visita un sito web. Al successivo richiamo di questo sito web con lo stesso terminale, il cookie viene rinviato al sito web che lo ha generato (cookie di prima parte) o [&hellip;]\" \/>\n<meta property=\"og:url\" content=\"https:\/\/www.adlernest.com\/it\/cookies\" \/>\n<meta property=\"og:site_name\" content=\"Adlernest\" \/>\n<meta property=\"article:publisher\" content=\"https:\/\/de-de.facebook.com\/adlernest\" \/>\n<meta property=\"article:modified_time\" content=\"2024-02-02T12:36:17+00:00\" \/>\n<meta property=\"og:image\" content=\"https:\/\/www.adlernest.com\/wp-content\/uploads\/2023\/06\/Kopie-von-PSP_2221.jpg\" \/>\n\t<meta property=\"og:image:width\" content=\"1400\" \/>\n\t<meta property=\"og:image:height\" content=\"932\" \/>\n\t<meta property=\"og:image:type\" content=\"image\/jpeg\" \/>\n<meta name=\"twitter:card\" content=\"summary_large_image\" \/>\n<meta name=\"twitter:label1\" content=\"Tempo di lettura stimato\" \/>\n\t<meta name=\"twitter:data1\" content=\"3 minuti\" \/>\n<script type=\"application\/ld+json\" class=\"yoast-schema-graph\">{\"@context\":\"https:\\\/\\\/schema.org\",\"@graph\":[{\"@type\":\"WebPage\",\"@id\":\"https:\\\/\\\/www.adlernest.com\\\/it\\\/cookies\",\"url\":\"https:\\\/\\\/www.adlernest.com\\\/it\\\/cookies\",\"name\":\"Cookies | Active & Family Hotel Adlernest\",\"isPartOf\":{\"@id\":\"https:\\\/\\\/www.adlernest.com\\\/it#website\"},\"primaryImageOfPage\":{\"@id\":\"https:\\\/\\\/www.adlernest.com\\\/it\\\/cookies#primaryimage\"},\"image\":{\"@id\":\"https:\\\/\\\/www.adlernest.com\\\/it\\\/cookies#primaryimage\"},\"thumbnailUrl\":\"https:\\\/\\\/www.adlernest.com\\\/wp-content\\\/uploads\\\/2023\\\/06\\\/Kopie-von-PSP_2221.jpg\",\"datePublished\":\"2023-06-07T11:38:12+00:00\",\"dateModified\":\"2024-02-02T12:36:17+00:00\",\"breadcrumb\":{\"@id\":\"https:\\\/\\\/www.adlernest.com\\\/it\\\/cookies#breadcrumb\"},\"inLanguage\":\"it-IT\",\"potentialAction\":[{\"@type\":\"ReadAction\",\"target\":[\"https:\\\/\\\/www.adlernest.com\\\/it\\\/cookies\"]}]},{\"@type\":\"ImageObject\",\"inLanguage\":\"it-IT\",\"@id\":\"https:\\\/\\\/www.adlernest.com\\\/it\\\/cookies#primaryimage\",\"url\":\"https:\\\/\\\/www.adlernest.com\\\/wp-content\\\/uploads\\\/2023\\\/06\\\/Kopie-von-PSP_2221.jpg\",\"contentUrl\":\"https:\\\/\\\/www.adlernest.com\\\/wp-content\\\/uploads\\\/2023\\\/06\\\/Kopie-von-PSP_2221.jpg\",\"width\":1400,\"height\":932},{\"@type\":\"BreadcrumbList\",\"@id\":\"https:\\\/\\\/www.adlernest.com\\\/it\\\/cookies#breadcrumb\",\"itemListElement\":[{\"@type\":\"ListItem\",\"position\":1,\"name\":\"Home\",\"item\":\"https:\\\/\\\/www.adlernest.com\\\/it\"},{\"@type\":\"ListItem\",\"position\":2,\"name\":\"Cookies\"}]},{\"@type\":\"WebSite\",\"@id\":\"https:\\\/\\\/www.adlernest.com\\\/it#website\",\"url\":\"https:\\\/\\\/www.adlernest.com\\\/it\",\"name\":\"Aktiv & Familienhotel Adlernest\",\"description\":\"\",\"publisher\":{\"@id\":\"https:\\\/\\\/www.adlernest.com\\\/it#organization\"},\"alternateName\":\"Familienhotel im Schnalstal\",\"potentialAction\":[{\"@type\":\"SearchAction\",\"target\":{\"@type\":\"EntryPoint\",\"urlTemplate\":\"https:\\\/\\\/www.adlernest.com\\\/it?s={search_term_string}\"},\"query-input\":{\"@type\":\"PropertyValueSpecification\",\"valueRequired\":true,\"valueName\":\"search_term_string\"}}],\"inLanguage\":\"it-IT\"},{\"@type\":\"Organization\",\"@id\":\"https:\\\/\\\/www.adlernest.com\\\/it#organization\",\"name\":\"Adlernest\",\"url\":\"https:\\\/\\\/www.adlernest.com\\\/it\",\"logo\":{\"@type\":\"ImageObject\",\"inLanguage\":\"it-IT\",\"@id\":\"https:\\\/\\\/www.adlernest.com\\\/it#\\\/schema\\\/logo\\\/image\\\/\",\"url\":\"https:\\\/\\\/www.adlernest.com\\\/wp-content\\\/uploads\\\/2023\\\/10\\\/Ebene_1.svg\",\"contentUrl\":\"https:\\\/\\\/www.adlernest.com\\\/wp-content\\\/uploads\\\/2023\\\/10\\\/Ebene_1.svg\",\"width\":47,\"height\":54,\"caption\":\"Adlernest\"},\"image\":{\"@id\":\"https:\\\/\\\/www.adlernest.com\\\/it#\\\/schema\\\/logo\\\/image\\\/\"},\"sameAs\":[\"https:\\\/\\\/de-de.facebook.com\\\/adlernest\",\"https:\\\/\\\/www.instagram.com\\\/adlernest_schnals\\\/\"]}]}<\/script>\n<!-- \/ Yoast SEO Premium plugin. -->","yoast_head_json":{"title":"Cookies | Active & Family Hotel Adlernest","robots":{"index":"index","follow":"follow","max-snippet":"max-snippet:-1","max-image-preview":"max-image-preview:large","max-video-preview":"max-video-preview:-1"},"canonical":"https:\/\/www.adlernest.com\/it\/cookies","og_locale":"it_IT","og_type":"article","og_title":"Cookies","og_description":"Lettera informativa sui cookie Che cos&#8217;\u00e8 un biscotto? Un cookie \u00e8 un piccolo file di testo che viene scaricato dal browser Internet quando si visita un sito web. Al successivo richiamo di questo sito web con lo stesso terminale, il cookie viene rinviato al sito web che lo ha generato (cookie di prima parte) o [&hellip;]","og_url":"https:\/\/www.adlernest.com\/it\/cookies","og_site_name":"Adlernest","article_publisher":"https:\/\/de-de.facebook.com\/adlernest","article_modified_time":"2024-02-02T12:36:17+00:00","og_image":[{"width":1400,"height":932,"url":"https:\/\/www.adlernest.com\/wp-content\/uploads\/2023\/06\/Kopie-von-PSP_2221.jpg","type":"image\/jpeg"}],"twitter_card":"summary_large_image","twitter_misc":{"Tempo di lettura stimato":"3 minuti"},"schema":{"@context":"https:\/\/schema.org","@graph":[{"@type":"WebPage","@id":"https:\/\/www.adlernest.com\/it\/cookies","url":"https:\/\/www.adlernest.com\/it\/cookies","name":"Cookies | Active & Family Hotel Adlernest","isPartOf":{"@id":"https:\/\/www.adlernest.com\/it#website"},"primaryImageOfPage":{"@id":"https:\/\/www.adlernest.com\/it\/cookies#primaryimage"},"image":{"@id":"https:\/\/www.adlernest.com\/it\/cookies#primaryimage"},"thumbnailUrl":"https:\/\/www.adlernest.com\/wp-content\/uploads\/2023\/06\/Kopie-von-PSP_2221.jpg","datePublished":"2023-06-07T11:38:12+00:00","dateModified":"2024-02-02T12:36:17+00:00","breadcrumb":{"@id":"https:\/\/www.adlernest.com\/it\/cookies#breadcrumb"},"inLanguage":"it-IT","potentialAction":[{"@type":"ReadAction","target":["https:\/\/www.adlernest.com\/it\/cookies"]}]},{"@type":"ImageObject","inLanguage":"it-IT","@id":"https:\/\/www.adlernest.com\/it\/cookies#primaryimage","url":"https:\/\/www.adlernest.com\/wp-content\/uploads\/2023\/06\/Kopie-von-PSP_2221.jpg","contentUrl":"https:\/\/www.adlernest.com\/wp-content\/uploads\/2023\/06\/Kopie-von-PSP_2221.jpg","width":1400,"height":932},{"@type":"BreadcrumbList","@id":"https:\/\/www.adlernest.com\/it\/cookies#breadcrumb","itemListElement":[{"@type":"ListItem","position":1,"name":"Home","item":"https:\/\/www.adlernest.com\/it"},{"@type":"ListItem","position":2,"name":"Cookies"}]},{"@type":"WebSite","@id":"https:\/\/www.adlernest.com\/it#website","url":"https:\/\/www.adlernest.com\/it","name":"Aktiv & Familienhotel Adlernest","description":"","publisher":{"@id":"https:\/\/www.adlernest.com\/it#organization"},"alternateName":"Familienhotel im Schnalstal","potentialAction":[{"@type":"SearchAction","target":{"@type":"EntryPoint","urlTemplate":"https:\/\/www.adlernest.com\/it?s={search_term_string}"},"query-input":{"@type":"PropertyValueSpecification","valueRequired":true,"valueName":"search_term_string"}}],"inLanguage":"it-IT"},{"@type":"Organization","@id":"https:\/\/www.adlernest.com\/it#organization","name":"Adlernest","url":"https:\/\/www.adlernest.com\/it","logo":{"@type":"ImageObject","inLanguage":"it-IT","@id":"https:\/\/www.adlernest.com\/it#\/schema\/logo\/image\/","url":"https:\/\/www.adlernest.com\/wp-content\/uploads\/2023\/10\/Ebene_1.svg","contentUrl":"https:\/\/www.adlernest.com\/wp-content\/uploads\/2023\/10\/Ebene_1.svg","width":47,"height":54,"caption":"Adlernest"},"image":{"@id":"https:\/\/www.adlernest.com\/it#\/schema\/logo\/image\/"},"sameAs":["https:\/\/de-de.facebook.com\/adlernest","https:\/\/www.instagram.com\/adlernest_schnals\/"]}]}},"_links":{"self":[{"href":"https:\/\/www.adlernest.com\/it\/wp-json\/wp\/v2\/pages\/6197","targetHints":{"allow":["GET"]}}],"collection":[{"href":"https:\/\/www.adlernest.com\/it\/wp-json\/wp\/v2\/pages"}],"about":[{"href":"https:\/\/www.adlernest.com\/it\/wp-json\/wp\/v2\/types\/page"}],"author":[{"embeddable":true,"href":"https:\/\/www.adlernest.com\/it\/wp-json\/wp\/v2\/users\/2"}],"replies":[{"embeddable":true,"href":"https:\/\/www.adlernest.com\/it\/wp-json\/wp\/v2\/comments?post=6197"}],"version-history":[{"count":3,"href":"https:\/\/www.adlernest.com\/it\/wp-json\/wp\/v2\/pages\/6197\/revisions"}],"predecessor-version":[{"id":10435,"href":"https:\/\/www.adlernest.com\/it\/wp-json\/wp\/v2\/pages\/6197\/revisions\/10435"}],"wp:featuredmedia":[{"embeddable":true,"href":"https:\/\/www.adlernest.com\/it\/wp-json\/wp\/v2\/media\/3134"}],"wp:attachment":[{"href":"https:\/\/www.adlernest.com\/it\/wp-json\/wp\/v2\/media?parent=6197"}],"curies":[{"name":"wp","href":"https:\/\/api.w.org\/{rel}","templated":true}]}}