{"id":6198,"date":"2023-06-07T13:37:24","date_gmt":"2023-06-07T11:37:24","guid":{"rendered":"https:\/\/www.adlernest.com\/arrivo"},"modified":"2025-07-19T10:05:36","modified_gmt":"2025-07-19T08:05:36","slug":"arrivo","status":"publish","type":"page","link":"https:\/\/www.adlernest.com\/it\/arrivo","title":{"rendered":"Arrivo"},"content":{"rendered":"\t\t<div data-elementor-type=\"wp-page\" data-elementor-id=\"6198\" class=\"elementor elementor-6198 elementor-160\" data-elementor-post-type=\"page\">\n\t\t\t\t\t\t<section class=\"elementor-section elementor-top-section elementor-element elementor-element-2415d9e elementor-section-full_width elementor-section-height-default elementor-section-height-default\" data-id=\"2415d9e\" data-element_type=\"section\" data-e-type=\"section\">\n\t\t\t\t\t\t<div class=\"elementor-container elementor-column-gap-default\">\n\t\t\t\t\t<div class=\"elementor-column elementor-col-100 elementor-top-column elementor-element elementor-element-f0c0106\" data-id=\"f0c0106\" data-element_type=\"column\" data-e-type=\"column\">\n\t\t\t<div class=\"elementor-widget-wrap elementor-element-populated\">\n\t\t\t\t\t\t<div class=\"elementor-element elementor-element-914043a elementor-widget elementor-widget-google_maps\" data-id=\"914043a\" data-element_type=\"widget\" data-e-type=\"widget\" data-widget_type=\"google_maps.default\">\n\t\t\t\t<div class=\"elementor-widget-container\">\n\t\t\t\t\t\t\t<div class=\"elementor-custom-embed\">\n\t\t\t<iframe loading=\"lazy\"\n\t\t\t\t\tsrc=\"https:\/\/maps.google.com\/maps?q=Unser%20Frau%2026%2C%2039020%20Schnals%2C%20Italy&#038;t=m&#038;z=10&#038;output=embed&#038;iwloc=near\"\n\t\t\t\t\ttitle=\"Unser Frau 26, 39020 Schnals, Italy\"\n\t\t\t\t\taria-label=\"Unser Frau 26, 39020 Schnals, Italy\"\n\t\t\t><\/iframe>\n\t\t<\/div>\n\t\t\t\t\t\t<\/div>\n\t\t\t\t<\/div>\n\t\t\t\t\t<\/div>\n\t\t<\/div>\n\t\t\t\t\t<\/div>\n\t\t<\/section>\n\t\t\t\t<section class=\"elementor-section elementor-top-section elementor-element elementor-element-481da55a elementor-section-boxed elementor-section-height-default elementor-section-height-default\" data-id=\"481da55a\" data-element_type=\"section\" data-e-type=\"section\">\n\t\t\t\t\t\t<div class=\"elementor-container elementor-column-gap-no\">\n\t\t\t\t\t<div class=\"elementor-column elementor-col-100 elementor-top-column elementor-element elementor-element-29fefc69\" data-id=\"29fefc69\" data-element_type=\"column\" data-e-type=\"column\">\n\t\t\t<div class=\"elementor-widget-wrap elementor-element-populated\">\n\t\t\t\t\t\t<div class=\"elementor-element elementor-element-787f53d6 elementor-align-left elementor-widget elementor-widget-breadcrumbs\" data-id=\"787f53d6\" data-element_type=\"widget\" data-e-type=\"widget\" data-widget_type=\"breadcrumbs.default\">\n\t\t\t\t<div class=\"elementor-widget-container\">\n\t\t\t\t\t<p id=\"breadcrumbs\"><span><span><a href=\"https:\/\/www.adlernest.com\/it\">Home<\/a><\/span><\/span><\/p>\t\t\t\t<\/div>\n\t\t\t\t<\/div>\n\t\t\t\t\t<\/div>\n\t\t<\/div>\n\t\t\t\t\t<\/div>\n\t\t<\/section>\n\t\t\t\t<section class=\"elementor-section elementor-top-section elementor-element elementor-element-bfff820 elementor-section-boxed elementor-section-height-default elementor-section-height-default\" data-id=\"bfff820\" data-element_type=\"section\" data-e-type=\"section\">\n\t\t\t\t\t\t<div class=\"elementor-container elementor-column-gap-default\">\n\t\t\t\t\t<div class=\"elementor-column elementor-col-100 elementor-top-column elementor-element elementor-element-72ae1783\" data-id=\"72ae1783\" data-element_type=\"column\" data-e-type=\"column\">\n\t\t\t<div class=\"elementor-widget-wrap elementor-element-populated\">\n\t\t\t\t\t\t<div class=\"elementor-element elementor-element-bca7c58 elementor-widget elementor-widget-spacer\" data-id=\"bca7c58\" data-element_type=\"widget\" data-e-type=\"widget\" data-widget_type=\"spacer.default\">\n\t\t\t\t<div class=\"elementor-widget-container\">\n\t\t\t\t\t\t\t<div class=\"elementor-spacer\">\n\t\t\t<div class=\"elementor-spacer-inner\"><\/div>\n\t\t<\/div>\n\t\t\t\t\t\t<\/div>\n\t\t\t\t<\/div>\n\t\t\t\t<div class=\"elementor-element elementor-element-1b3efb07 elementor-widget elementor-widget-heading\" data-id=\"1b3efb07\" data-element_type=\"widget\" data-e-type=\"widget\" data-widget_type=\"heading.default\">\n\t\t\t\t<div class=\"elementor-widget-container\">\n\t\t\t\t\t<h1 class=\"elementor-heading-title elementor-size-default\">LA TUA STRADA NEL NIDO DELL'AQUILA<\/h1>\t\t\t\t<\/div>\n\t\t\t\t<\/div>\n\t\t\t\t<div class=\"elementor-element elementor-element-60711ace elementor-widget elementor-widget-heading\" data-id=\"60711ace\" data-element_type=\"widget\" data-e-type=\"widget\" data-widget_type=\"heading.default\">\n\t\t\t\t<div class=\"elementor-widget-container\">\n\t\t\t\t\t<h2 class=\"elementor-heading-title elementor-size-default\">I PERCORSI MIGLIORI\n<\/h2>\t\t\t\t<\/div>\n\t\t\t\t<\/div>\n\t\t\t\t<div class=\"elementor-element elementor-element-126bb4ed elementor-widget elementor-widget-text-editor\" data-id=\"126bb4ed\" data-element_type=\"widget\" data-e-type=\"widget\" data-widget_type=\"text-editor.default\">\n\t\t\t\t<div class=\"elementor-widget-container\">\n\t\t\t\t\t\t\t\t\t<p><span style=\"font-size: 16px;\">Una vacanza rilassante di solito inizia con un viaggio comodo e senza stress. Abbiamo elaborato i percorsi migliori per te, in modo che tu possa raggiungere il nostro nido d&#8217;aquila in tutta sicurezza.<\/span><\/p>\n<div>\n<p>A presto, non vediamo l&#8217;ora di vedervi!<\/p>\n<p><\/p>\n<p><b style=\"color: var( --e-global-color-text );\"><br><\/b><\/p><p><b style=\"color: var( --e-global-color-text );\">Arrivo attraverso il Passo di Resia<\/b><br><\/p>\n<p>Accesso attraverso la strada statale della Val Venosta. Poco prima di Naturns, svoltare nella Val Senales e seguire la strada. Al secondo semaforo al km 14, vedrai l&#8217;Adlernest sulla destra.<\/p>\n<p><b>&nbsp;<\/b><\/p>\n<p><b>Arrivo attraverso il Brennero<\/b><\/p>\n<p>Uscire dall&#8217;autostrada del Brennero a &#8220;Bozen S\u00fcd&#8221;. Imboccare l&#8217;autostrada Merano-Bolzano, proseguire in direzione di Merano e poi verso il Passo Resia. Dopo la grande galleria di Naturns, svoltare a destra nella valle e seguire la strada. Al secondo semaforo al km 14, vedrai il nido d&#8217;aquila sulla destra.<\/p>\n<p><b style=\"color: var( --e-global-color-text );\">&nbsp;<\/b><\/p>\n<p><b style=\"color: var( --e-global-color-text );\">Viaggiare in aereo<\/b><\/p>\n<p>La compagnia aerea regionale SkyAlps ti porter\u00e0 direttamente da Berlino, Amburgo, D\u00fcsseldorf, Stoccarda o Kassel a Bolzano. Alla stazione ferroviaria potrai prendere la navetta aeroportuale o gli autobus di S\u00fcdtirol Transfer, che ti porteranno da noi in tutta comodit\u00e0.  Se non volete portare con voi il vostro bagaglio, abbiamo fornitori di servizi che consegneranno la vostra valigia e la vostra bicicletta direttamente a noi. Il vostro viaggio non potrebbe essere pi\u00f9 spensierato! Puoi trovare tutte le informazioni sul viaggio in aereo <a href=\"https:\/\/www.merano-suedtirol.it\/de\/schnalstal\/info-service\/informationen\/lage-anreise\/anreise-mit-dem-flugzeug.html\">qui<\/a>.<\/p>\n<p><\/p>\n<p><span style=\"color: var( --e-global-color-text );\"><b><br><\/b><\/span><\/p>\n<p><span style=\"color: var( --e-global-color-text );\"><b>Viaggiare in autobus o in treno<\/b><\/span><\/p>\n<p>Sia con il treno notturno da Amburgo che con il treno diretto da Vienna, l&#8217;Alto Adige \u00e8 collegato in modo ottimale alla rete di trasporti pubblici. Anche i pullman a lunga percorrenza possono portarti da noi in modo semplice e veloce. Una volta arrivato alla fermata dell&#8217;autobus, S\u00fcdtirol Transfer verr\u00e0 a prenderti e ti accompagner\u00e0 direttamente all&#8217;Adlernest.  Ulteriori informazioni sono disponibili <a href=\"https:\/\/www.suedtirol.info\/de\/de\/information\/mobilitaet-und-barrierefreiheit\/mobilitaet-in-suedtirol\">qui<\/a>.<\/p>\n<div>&nbsp;<\/div>\n<p><b style=\"color: var( --e-global-color-text );\">Le nostre coordinate GPS:<\/b><\/p>\n<p>Larghezza N: 46.72573471<br>Lunghezza: 10.85776424<\/p>\n<p><b><br>Link utili per il viaggio<\/b><\/p>\n<p><a title=\"Pianificazione del percorso\" href=\"https:\/\/route.web.de\/\" target=\"_blank\" rel=\"noopener\">Pianificazione del percorso<\/a><br><a title=\"Collegamento ferroviario Austria\" href=\"https:\/\/www.oebb.at\/de\/\" target=\"_blank\" rel=\"noopener\">Collegamenti ferroviari Austria<\/a><br><a title=\"Collegamento ferroviario Germania\" href=\"https:\/\/www.bahn.de\/p\/view\/index.shtml\" target=\"_blank\" rel=\"noopener\">Collegamento ferroviario Germania<\/a><br><a title=\"Collegamento ferroviario Svizzera\" href=\"https:\/\/www.rhb.ch\/de\/home\" target=\"_blank\" rel=\"noopener\">Collegamento ferroviario Svizzera<\/a><br><a title=\"Collegamento autobus Alto Adige\" href=\"https:\/\/www.sad.it\/de\" target=\"_blank\" rel=\"noopener\">Collegamento autobus Alto Adige<\/a><\/p>\n<\/div>\t\t\t\t\t\t\t\t<\/div>\n\t\t\t\t<\/div>\n\t\t\t\t<div class=\"elementor-element elementor-element-80b62fc elementor-widget elementor-widget-spacer\" data-id=\"80b62fc\" data-element_type=\"widget\" data-e-type=\"widget\" data-widget_type=\"spacer.default\">\n\t\t\t\t<div class=\"elementor-widget-container\">\n\t\t\t\t\t\t\t<div class=\"elementor-spacer\">\n\t\t\t<div class=\"elementor-spacer-inner\"><\/div>\n\t\t<\/div>\n\t\t\t\t\t\t<\/div>\n\t\t\t\t<\/div>\n\t\t\t\t\t<\/div>\n\t\t<\/div>\n\t\t\t\t\t<\/div>\n\t\t<\/section>\n\t\t\t\t<\/div>\n\t\t","protected":false},"excerpt":{"rendered":"<p>LA TUA STRADA NEL NIDO DELL&#8217;AQUILA I PERCORSI MIGLIORI Una vacanza rilassante di solito inizia con un viaggio comodo e senza stress. Abbiamo elaborato i percorsi migliori per te, in modo che tu possa raggiungere il nostro nido d&#8217;aquila in tutta sicurezza. A presto, non vediamo l&#8217;ora di vedervi! Arrivo attraverso il Passo di Resia [&hellip;]<\/p>\n","protected":false},"author":2,"featured_media":0,"parent":0,"menu_order":0,"comment_status":"closed","ping_status":"closed","template":"","meta":{"_acf_changed":false,"footnotes":""},"class_list":["post-6198","page","type-page","status-publish","hentry"],"acf":[],"yoast_head":"<!-- This site is optimized with the Yoast SEO Premium plugin v27.0 (Yoast SEO v27.3) - https:\/\/yoast.com\/product\/yoast-seo-premium-wordpress\/ -->\n<title>Arrivo | Active &amp; Family Hotel Adlernest<\/title>\n<meta name=\"robots\" content=\"index, follow, max-snippet:-1, max-image-preview:large, max-video-preview:-1\" \/>\n<link rel=\"canonical\" href=\"https:\/\/www.adlernest.com\/it\/arrivo\" \/>\n<meta property=\"og:locale\" content=\"it_IT\" \/>\n<meta property=\"og:type\" content=\"article\" \/>\n<meta property=\"og:title\" content=\"Arrivo\" \/>\n<meta property=\"og:description\" content=\"LA TUA STRADA NEL NIDO DELL&#8217;AQUILA I PERCORSI MIGLIORI Una vacanza rilassante di solito inizia con un viaggio comodo e senza stress. Abbiamo elaborato i percorsi migliori per te, in modo che tu possa raggiungere il nostro nido d&#8217;aquila in tutta sicurezza. A presto, non vediamo l&#8217;ora di vedervi! Arrivo attraverso il Passo di Resia [&hellip;]\" \/>\n<meta property=\"og:url\" content=\"https:\/\/www.adlernest.com\/it\/arrivo\" \/>\n<meta property=\"og:site_name\" content=\"Adlernest\" \/>\n<meta property=\"article:publisher\" content=\"https:\/\/de-de.facebook.com\/adlernest\" \/>\n<meta property=\"article:modified_time\" content=\"2025-07-19T08:05:36+00:00\" \/>\n<meta property=\"og:image\" content=\"https:\/\/www.adlernest.com\/wp-content\/uploads\/2023\/10\/Rectangle-1.jpg\" \/>\n\t<meta property=\"og:image:width\" content=\"381\" \/>\n\t<meta property=\"og:image:height\" content=\"382\" \/>\n\t<meta property=\"og:image:type\" content=\"image\/jpeg\" \/>\n<meta name=\"twitter:card\" content=\"summary_large_image\" \/>\n<meta name=\"twitter:label1\" content=\"Tempo di lettura stimato\" \/>\n\t<meta name=\"twitter:data1\" content=\"2 minuti\" \/>\n<script type=\"application\/ld+json\" class=\"yoast-schema-graph\">{\"@context\":\"https:\\\/\\\/schema.org\",\"@graph\":[{\"@type\":\"WebPage\",\"@id\":\"https:\\\/\\\/www.adlernest.com\\\/it\\\/arrivo\",\"url\":\"https:\\\/\\\/www.adlernest.com\\\/it\\\/arrivo\",\"name\":\"Arrivo | Active & Family Hotel Adlernest\",\"isPartOf\":{\"@id\":\"https:\\\/\\\/www.adlernest.com\\\/it#website\"},\"datePublished\":\"2023-06-07T11:37:24+00:00\",\"dateModified\":\"2025-07-19T08:05:36+00:00\",\"breadcrumb\":{\"@id\":\"https:\\\/\\\/www.adlernest.com\\\/it\\\/arrivo#breadcrumb\"},\"inLanguage\":\"it-IT\",\"potentialAction\":[{\"@type\":\"ReadAction\",\"target\":[\"https:\\\/\\\/www.adlernest.com\\\/it\\\/arrivo\"]}]},{\"@type\":\"BreadcrumbList\",\"@id\":\"https:\\\/\\\/www.adlernest.com\\\/it\\\/arrivo#breadcrumb\",\"itemListElement\":[{\"@type\":\"ListItem\",\"position\":1,\"name\":\"Home\",\"item\":\"https:\\\/\\\/www.adlernest.com\\\/it\"},{\"@type\":\"ListItem\",\"position\":2,\"name\":\"Arrivo\"}]},{\"@type\":\"WebSite\",\"@id\":\"https:\\\/\\\/www.adlernest.com\\\/it#website\",\"url\":\"https:\\\/\\\/www.adlernest.com\\\/it\",\"name\":\"Aktiv & Familienhotel Adlernest\",\"description\":\"\",\"publisher\":{\"@id\":\"https:\\\/\\\/www.adlernest.com\\\/it#organization\"},\"alternateName\":\"Familienhotel im Schnalstal\",\"potentialAction\":[{\"@type\":\"SearchAction\",\"target\":{\"@type\":\"EntryPoint\",\"urlTemplate\":\"https:\\\/\\\/www.adlernest.com\\\/it?s={search_term_string}\"},\"query-input\":{\"@type\":\"PropertyValueSpecification\",\"valueRequired\":true,\"valueName\":\"search_term_string\"}}],\"inLanguage\":\"it-IT\"},{\"@type\":\"Organization\",\"@id\":\"https:\\\/\\\/www.adlernest.com\\\/it#organization\",\"name\":\"Adlernest\",\"url\":\"https:\\\/\\\/www.adlernest.com\\\/it\",\"logo\":{\"@type\":\"ImageObject\",\"inLanguage\":\"it-IT\",\"@id\":\"https:\\\/\\\/www.adlernest.com\\\/it#\\\/schema\\\/logo\\\/image\\\/\",\"url\":\"https:\\\/\\\/www.adlernest.com\\\/wp-content\\\/uploads\\\/2023\\\/10\\\/Ebene_1.svg\",\"contentUrl\":\"https:\\\/\\\/www.adlernest.com\\\/wp-content\\\/uploads\\\/2023\\\/10\\\/Ebene_1.svg\",\"width\":47,\"height\":54,\"caption\":\"Adlernest\"},\"image\":{\"@id\":\"https:\\\/\\\/www.adlernest.com\\\/it#\\\/schema\\\/logo\\\/image\\\/\"},\"sameAs\":[\"https:\\\/\\\/de-de.facebook.com\\\/adlernest\",\"https:\\\/\\\/www.instagram.com\\\/adlernest_schnals\\\/\"]}]}<\/script>\n<!-- \/ Yoast SEO Premium plugin. -->","yoast_head_json":{"title":"Arrivo | Active & Family Hotel Adlernest","robots":{"index":"index","follow":"follow","max-snippet":"max-snippet:-1","max-image-preview":"max-image-preview:large","max-video-preview":"max-video-preview:-1"},"canonical":"https:\/\/www.adlernest.com\/it\/arrivo","og_locale":"it_IT","og_type":"article","og_title":"Arrivo","og_description":"LA TUA STRADA NEL NIDO DELL&#8217;AQUILA I PERCORSI MIGLIORI Una vacanza rilassante di solito inizia con un viaggio comodo e senza stress. Abbiamo elaborato i percorsi migliori per te, in modo che tu possa raggiungere il nostro nido d&#8217;aquila in tutta sicurezza. A presto, non vediamo l&#8217;ora di vedervi! Arrivo attraverso il Passo di Resia [&hellip;]","og_url":"https:\/\/www.adlernest.com\/it\/arrivo","og_site_name":"Adlernest","article_publisher":"https:\/\/de-de.facebook.com\/adlernest","article_modified_time":"2025-07-19T08:05:36+00:00","og_image":[{"width":381,"height":382,"url":"https:\/\/www.adlernest.com\/wp-content\/uploads\/2023\/10\/Rectangle-1.jpg","type":"image\/jpeg"}],"twitter_card":"summary_large_image","twitter_misc":{"Tempo di lettura stimato":"2 minuti"},"schema":{"@context":"https:\/\/schema.org","@graph":[{"@type":"WebPage","@id":"https:\/\/www.adlernest.com\/it\/arrivo","url":"https:\/\/www.adlernest.com\/it\/arrivo","name":"Arrivo | Active & Family Hotel Adlernest","isPartOf":{"@id":"https:\/\/www.adlernest.com\/it#website"},"datePublished":"2023-06-07T11:37:24+00:00","dateModified":"2025-07-19T08:05:36+00:00","breadcrumb":{"@id":"https:\/\/www.adlernest.com\/it\/arrivo#breadcrumb"},"inLanguage":"it-IT","potentialAction":[{"@type":"ReadAction","target":["https:\/\/www.adlernest.com\/it\/arrivo"]}]},{"@type":"BreadcrumbList","@id":"https:\/\/www.adlernest.com\/it\/arrivo#breadcrumb","itemListElement":[{"@type":"ListItem","position":1,"name":"Home","item":"https:\/\/www.adlernest.com\/it"},{"@type":"ListItem","position":2,"name":"Arrivo"}]},{"@type":"WebSite","@id":"https:\/\/www.adlernest.com\/it#website","url":"https:\/\/www.adlernest.com\/it","name":"Aktiv & Familienhotel Adlernest","description":"","publisher":{"@id":"https:\/\/www.adlernest.com\/it#organization"},"alternateName":"Familienhotel im Schnalstal","potentialAction":[{"@type":"SearchAction","target":{"@type":"EntryPoint","urlTemplate":"https:\/\/www.adlernest.com\/it?s={search_term_string}"},"query-input":{"@type":"PropertyValueSpecification","valueRequired":true,"valueName":"search_term_string"}}],"inLanguage":"it-IT"},{"@type":"Organization","@id":"https:\/\/www.adlernest.com\/it#organization","name":"Adlernest","url":"https:\/\/www.adlernest.com\/it","logo":{"@type":"ImageObject","inLanguage":"it-IT","@id":"https:\/\/www.adlernest.com\/it#\/schema\/logo\/image\/","url":"https:\/\/www.adlernest.com\/wp-content\/uploads\/2023\/10\/Ebene_1.svg","contentUrl":"https:\/\/www.adlernest.com\/wp-content\/uploads\/2023\/10\/Ebene_1.svg","width":47,"height":54,"caption":"Adlernest"},"image":{"@id":"https:\/\/www.adlernest.com\/it#\/schema\/logo\/image\/"},"sameAs":["https:\/\/de-de.facebook.com\/adlernest","https:\/\/www.instagram.com\/adlernest_schnals\/"]}]}},"_links":{"self":[{"href":"https:\/\/www.adlernest.com\/it\/wp-json\/wp\/v2\/pages\/6198","targetHints":{"allow":["GET"]}}],"collection":[{"href":"https:\/\/www.adlernest.com\/it\/wp-json\/wp\/v2\/pages"}],"about":[{"href":"https:\/\/www.adlernest.com\/it\/wp-json\/wp\/v2\/types\/page"}],"author":[{"embeddable":true,"href":"https:\/\/www.adlernest.com\/it\/wp-json\/wp\/v2\/users\/2"}],"replies":[{"embeddable":true,"href":"https:\/\/www.adlernest.com\/it\/wp-json\/wp\/v2\/comments?post=6198"}],"version-history":[{"count":5,"href":"https:\/\/www.adlernest.com\/it\/wp-json\/wp\/v2\/pages\/6198\/revisions"}],"predecessor-version":[{"id":18066,"href":"https:\/\/www.adlernest.com\/it\/wp-json\/wp\/v2\/pages\/6198\/revisions\/18066"}],"wp:attachment":[{"href":"https:\/\/www.adlernest.com\/it\/wp-json\/wp\/v2\/media?parent=6198"}],"curies":[{"name":"wp","href":"https:\/\/api.w.org\/{rel}","templated":true}]}}